{"id":123,"date":"2017-06-11T21:24:33","date_gmt":"2017-06-11T21:24:33","guid":{"rendered":"http:\/\/renalbeta1.eshost.com.ar\/wp\/?page_id=123"},"modified":"2020-04-25T19:05:42","modified_gmt":"2020-04-26T00:05:42","slug":"kits-para-hemodialisis","status":"publish","type":"page","link":"http:\/\/www.renal-medical.com\/en\/kits-para-hemodialisis\/","title":{"rendered":"Kits para hemodi\u00e1lisis"},"content":{"rendered":"<p>[mk_page_section sidebar=&#8221;sidebar-1&#8243;][vc_column width=&#8221;1\/6&#8243;][\/vc_column][vc_column width=&#8221;2\/3&#8243;][vc_column_text]<img fetchpriority=\"high\" decoding=\"async\" class=\"aligncenter wp-image-873 size-full\" src=\"https:\/\/nuevaweb.renal-medical.com\/wp1\/wp-content\/uploads\/2017\/06\/montje-kits-albl.jpg\" alt=\"\" width=\"900\" height=\"329\" srcset=\"http:\/\/www.renal-medical.com\/wp-content\/uploads\/2017\/06\/montje-kits-albl.jpg 900w, http:\/\/www.renal-medical.com\/wp-content\/uploads\/2017\/06\/montje-kits-albl-600x219.jpg 600w, http:\/\/www.renal-medical.com\/wp-content\/uploads\/2017\/06\/montje-kits-albl-300x110.jpg 300w, http:\/\/www.renal-medical.com\/wp-content\/uploads\/2017\/06\/montje-kits-albl-768x281.jpg 768w\" sizes=\"(max-width: 900px) 100vw, 900px\" \/>El l\u00edquido de di\u00e1lisis es parte fundamental en el proceso de hemodi\u00e1lisis. Esta sustancia se pone en contacto con la sangre durante el tratamiento, a trav\u00e9s del dializador, para el intercambio de solutos, extrayendo sustancias t\u00f3xicas del cuerpo del paciente y proveyendo electrolitos fundamentales para este.<\/p>\n<p>Nuestros concentrados en polvo Sukses son la soluci\u00f3n costo-efectiva que usted necesita para el desarrollo de su terapia en sitio. Hidrate la concentraci\u00f3n de Concentrado \u00c1cido y B\u00e1sico recomendada al momento de hacer el tratamiento y garantice resultados de alta calidad para sus pacientes. No se preocupe por calcular el n\u00famero de unidades de concentrado \u00e1cido y b\u00e1sico que deber\u00e1 adquirir para sus tratamientos. En Renal Medical Marketing hemos dise\u00f1ado especialmente el Kit para hemodi\u00e1lisis con la cantidad que usted necesita para garantizar sus tratamientos:<\/p>\n<p><strong>Kit Est\u00e1ndar:<\/strong> 1 caja de Concentrado \u00c1cido + 1 Caja de Concentrado B\u00e1sico, para un total de 25 di\u00e1lisis aproximadamente.[\/vc_column_text][\/vc_column][vc_column width=&#8221;1\/6&#8243;][\/vc_column][\/mk_page_section]<\/p>","protected":false},"excerpt":{"rendered":"<p>[mk_page_section sidebar=&#8221;sidebar-1&#8243;][vc_column width=&#8221;1\/6&#8243;][\/vc_column][vc_column width=&#8221;2\/3&#8243;][vc_column_text]El l\u00edquido de di\u00e1lisis es parte fundamental en el proceso de hemodi\u00e1lisis. Esta sustancia se pone en contacto con la sangre durante el tratamiento, a trav\u00e9s del dializador, para el intercambio de solutos, extrayendo sustancias t\u00f3xicas del cuerpo del paciente y proveyendo electrolitos fundamentales para este. Nuestros concentrados en polvo Sukses son [&hellip;]<\/p>","protected":false},"author":2,"featured_media":0,"parent":0,"menu_order":0,"comment_status":"closed","ping_status":"closed","template":"","meta":{"footnotes":""},"class_list":["post-123","page","type-page","status-publish","hentry"],"_links":{"self":[{"href":"http:\/\/www.renal-medical.com\/en\/wp-json\/wp\/v2\/pages\/123"}],"collection":[{"href":"http:\/\/www.renal-medical.com\/en\/wp-json\/wp\/v2\/pages"}],"about":[{"href":"http:\/\/www.renal-medical.com\/en\/wp-json\/wp\/v2\/types\/page"}],"author":[{"embeddable":true,"href":"http:\/\/www.renal-medical.com\/en\/wp-json\/wp\/v2\/users\/2"}],"replies":[{"embeddable":true,"href":"http:\/\/www.renal-medical.com\/en\/wp-json\/wp\/v2\/comments?post=123"}],"version-history":[{"count":0,"href":"http:\/\/www.renal-medical.com\/en\/wp-json\/wp\/v2\/pages\/123\/revisions"}],"wp:attachment":[{"href":"http:\/\/www.renal-medical.com\/en\/wp-json\/wp\/v2\/media?parent=123"}],"curies":[{"name":"wp","href":"https:\/\/api.w.org\/{rel}","templated":true}]}}