{"id":1266,"date":"2017-06-11T21:24:33","date_gmt":"2017-06-12T02:24:33","guid":{"rendered":"https:\/\/renal-medical.com\/concentrados-acidos\/"},"modified":"2021-12-18T21:05:19","modified_gmt":"2021-12-19T02:05:19","slug":"concentrados-acidos","status":"publish","type":"page","link":"http:\/\/www.renal-medical.com\/en\/concentrados-acidos\/","title":{"rendered":"Concentrados \u00e1cidos"},"content":{"rendered":"<p>[mk_page_section sidebar=&#8221;sidebar-1&#8243;][vc_column width=&#8221;1\/6&#8243;][\/vc_column][vc_column width=&#8221;2\/3&#8243;][vc_column_text]La utilizaci\u00f3n reciente de Bicarbonato en el proceso de di\u00e1lisis ha requerido la utilizaci\u00f3n de complementos \u00e1cidos para evitar la precipitaci\u00f3n de carbonato c\u00e1lcico y magn\u00e9sico en la sangre. Contamos con soluciones a base de \u00c1cido Ac\u00e9tico y \u00c1cido C\u00edtrico para garantizar la constituci\u00f3n de un l\u00edquido de di\u00e1lisis completo, que provea la combinaci\u00f3n ideal de electrolitos que el paciente necesita.<\/p>\n<h3 style=\"text-align: center;\"><span style=\"color: #211d70;\">Concentrado \u00c1cido en Polvo<\/span><\/h3>\n<p>&nbsp;<\/p>\n<h4>\u00a0<span style=\"color: #657db9;\">CONCENTRADOS A BASE DE \u00c1CIDO AC\u00c9TICO<\/span><\/h4>\n<h4><span style=\"color: #657db9;\"><img fetchpriority=\"high\" decoding=\"async\" class=\"size-medium wp-image-864 alignright\" src=\"https:\/\/nuevaweb.renal-medical.com\/wp1\/wp-content\/uploads\/2017\/06\/ap-stroke-300x200.jpg\" alt=\"\" width=\"300\" height=\"200\" srcset=\"http:\/\/www.renal-medical.com\/wp-content\/uploads\/2017\/06\/ap-stroke-300x200.jpg 300w, http:\/\/www.renal-medical.com\/wp-content\/uploads\/2017\/06\/ap-stroke.jpg 600w\" sizes=\"(max-width: 300px) 100vw, 300px\" \/>\u00a0SUKSES AP<\/span><\/h4>\n<p>El concentrado en polvo <strong>SUKSES AP<\/strong> es el complemento perfecto, a base de \u00e1cido ac\u00e9tico, para garantizar el equilibrio electrol\u00edtico del paciente al trabajar con la soluci\u00f3n b\u00e1sica <strong>SUKSES BP<\/strong>.\u00a0 Hidrate la concentraci\u00f3n en sitio al momento de realizar su procedimiento con m\u00e1quinas 36,83X:<\/p>\n<h5>CONCENTRADO PARA M\u00c1QUINA 36,83X:<\/h5>\n<ul>\n<li>1 parte de SUKSES AP (meq\/L)<\/li>\n<li>1,83 partes de SUKSES BP \u00f3 SUKSES BL (meq\/L)<\/li>\n<li>34 partes de agua calidad AAMI (meq\/L)<\/li>\n<\/ul>\n<h5>Presentaciones<\/h5>\n<ul>\n<li>Caja para hidratar 25 galones: Incluye \u00e1cido ac\u00e9tico, cloruro de sodio y dextrosa y los componentes electrol\u00edticos esenciales.<\/li>\n<\/ul>\n<h4><\/h4>\n<p>[\/vc_column_text][\/vc_column][vc_column width=&#8221;1\/6&#8243;][\/vc_column][\/mk_page_section][vc_row][vc_column][vc_separator color=&#8221;custom&#8221; border_width=&#8221;2&#8243; css=&#8221;.vc_custom_1501892713403{padding-top: 1px !important;padding-bottom: -5px !important;}&#8221; accent_color=&#8221;#5c79bb&#8221;][\/vc_column][\/vc_row][mk_page_section padding_top=&#8221;0&#8243; top_shape_color=&#8221;#ffffff&#8221; bottom_shape_color=&#8221;#ffffff&#8221; sidebar=&#8221;sidebar-1&#8243;][vc_column width=&#8221;1\/6&#8243;][\/vc_column][vc_column width=&#8221;2\/3&#8243;][vc_column_text]<\/p>\n<h4><span style=\"color: #657db9;\">SUKSES AP-35X<\/span><\/h4>\n<p>Hemos desarrollado concentrados \u00e1cidos vers\u00e1tiles para las necesidades de su compa\u00f1\u00eda. El polvo para reconstituci\u00f3n, a base de \u00e1cido ac\u00e9tico, <strong>SUKSES AP-35X<\/strong> es la soluci\u00f3n m\u00e1s econ\u00f3mica y con los m\u00e1s altos est\u00e1ndares de calidad para su tratamiento en m\u00e1quinas <strong>35X<\/strong>. Utiliz\u00e1ndolo junto a la soluci\u00f3n <strong>SUKSES BP-35X<\/strong> o con los <strong>CARTUCHOS SUKSES<\/strong> usted garantiza el bienestar de sus pacientes y econom\u00eda para su organizaci\u00f3n:<img decoding=\"async\" class=\"alignright wp-image-1809 size-medium\" src=\"https:\/\/www.renal-medical.com\/wp-content\/uploads\/2021\/12\/35x-300x274.png\" alt=\"\" width=\"300\" height=\"274\" srcset=\"http:\/\/www.renal-medical.com\/wp-content\/uploads\/2021\/12\/35x-300x274.png 300w, http:\/\/www.renal-medical.com\/wp-content\/uploads\/2021\/12\/35x.png 500w\" sizes=\"(max-width: 300px) 100vw, 300px\" \/><\/p>\n<h5>CONCENTRADO PARA M\u00c1QUINA 35X:<\/h5>\n<ul>\n<li>1 parte de SUKSES AP-35X (meq\/L)<\/li>\n<li>1,225 partes de SUKSES BP-35X (meq\/L)<\/li>\n<li>32,775 partes de agua calidad AAMI (meq\/L)<\/li>\n<\/ul>\n<h5>CONCENTRADO PARA M\u00c1QUINA 35X (Cartucho):<\/h5>\n<ul>\n<li>1 parte de SUKSES AP-35X (meq\/L)<\/li>\n<li>1 CARTUCHO SUKSES<\/li>\n<li>32,775 partes de agua calidad AAMI (meq\/L)<\/li>\n<\/ul>\n<h5>Presentaciones<\/h5>\n<ul>\n<li>Caja para hidratar 25 galones: Incluye \u00e1cido ac\u00e9tico, cloruro de sodio y dextrosa y los componentes electrol\u00edticos esenciales.<\/li>\n<li><strong>Referencias:<\/strong> Contamos con un total de 39 referencias: 100-104, 200-208, 300-309, que determinan la combinaci\u00f3n espec\u00edfica de electrolitos. Contacte a nuestro equipo t\u00e9cnico o solicite la ficha t\u00e9cnica para determinar la mejor referencia para sus pacientes.<\/li>\n<\/ul>\n<p>[\/vc_column_text][\/vc_column][vc_column width=&#8221;1\/6&#8243;][\/vc_column][\/mk_page_section][vc_row][vc_column][vc_separator color=&#8221;custom&#8221; border_width=&#8221;2&#8243; accent_color=&#8221;#5c79bb&#8221;][\/vc_column][\/vc_row][mk_page_section sidebar=&#8221;sidebar-1&#8243;][vc_column width=&#8221;1\/6&#8243;][\/vc_column][vc_column width=&#8221;2\/3&#8243;][vc_column_text]<\/p>\n<h4><span style=\"color: #657db9;\">SUKSES AP-45X<\/span><\/h4>\n<p>Hidrate el l\u00edquido de dializado en sitio espec\u00edficamente dise\u00f1ado para el funcionamiento con m\u00e1quinas 45-X (a base de \u00e1cido ac\u00e9tico):<\/p>\n<h5>CONCENTRADO PARA M\u00c1QUINA 45X:<\/h5>\n<ul>\n<li>1 parte de SUKSES AP-45X (meq\/L)<\/li>\n<li>1,72 partes de SUKSES BP-45X (meq\/L)<\/li>\n<li>42,28 partes de agua calidad AAMI (meq\/L)<\/li>\n<\/ul>\n<h5>CONCENTRADO PARA M\u00c1QUINA 45X (Cartucho):<\/h5>\n<ul>\n<li>1 parte de SUKSES AP-45X (meq\/L)<\/li>\n<li>1 CARTUCHO SUKSES (550 g)<\/li>\n<li>42,28 partes de agua calidad AAMI (meq\/L)<\/li>\n<\/ul>\n<h5>Presentaciones<\/h5>\n<ul>\n<li>Caja para hidratar 25 galones: Incluye \u00e1cido ac\u00e9tico, cloruro de sodio y dextrosa y los componentes electrol\u00edticos esenciales.<\/li>\n<\/ul>\n<p>[\/vc_column_text][\/vc_column][vc_column width=&#8221;1\/6&#8243;][\/vc_column][\/mk_page_section][vc_row][vc_column][vc_separator color=&#8221;custom&#8221; border_width=&#8221;3&#8243; accent_color=&#8221;#271d67&#8243;][\/vc_column][\/vc_row][mk_page_section sidebar=&#8221;sidebar-1&#8243;][vc_column width=&#8221;1\/6&#8243;][\/vc_column][vc_column width=&#8221;2\/3&#8243;][vc_column_text]<\/p>\n<h4>\u00a0<span style=\"color: #657db9;\">CONCENTRADOS A BASE DE \u00c1CIDO C\u00cdTRICO<\/span><\/h4>\n<p>&nbsp;<\/p>\n<h4><span style=\"color: #657db9;\"><img decoding=\"async\" class=\"alignright wp-image-1813 size-medium\" src=\"https:\/\/www.renal-medical.com\/wp-content\/uploads\/2021\/12\/ap-lemon-300x250.png\" alt=\"\" width=\"300\" height=\"250\" srcset=\"http:\/\/www.renal-medical.com\/wp-content\/uploads\/2021\/12\/ap-lemon-300x250.png 300w, http:\/\/www.renal-medical.com\/wp-content\/uploads\/2021\/12\/ap-lemon.png 500w\" sizes=\"(max-width: 300px) 100vw, 300px\" \/>SUKSES-AP LEMON<\/span><\/h4>\n<p>Nuestra soluci\u00f3n <strong>SUKSES-AP Lemon<\/strong> es el estabilizante del L\u00edquido de Di\u00e1lisis perfecto para contrarrestar los inconvenientes de la presencia de acetato en los concentrados tradicionales. Los concentrados a base de \u00c1cido C\u00edtrico han demostrado disminuir la presencia de inestabilidad hemodin\u00e1mica y la activaci\u00f3n de citoquinas proinflamatorias en los pacientes. Adem\u00e1s, ha demostrado tener beneficios significativos a largo plazo como una menor trombogenicidad, disminuci\u00f3n de inflamaciones, mayores \u00edndices de nutrici\u00f3n, de tolerancia y control \u00e1cido-base.<\/p>\n<p>SUKSES-AP LEMON es fabricado con \u00e1cido c\u00edtrico anhidro, garantizando m\u00ednimos niveles de acetato, y es perfecto para el uso con m\u00e1quinas de di\u00e1lisis tradicionales 36,83X:<\/p>\n<h5>CONCENTRADO PARA M\u00c1QUINA 36,83X:<\/h5>\n<ul>\n<li>1 parte de SUKSES AP-LEMON (meq\/L)<\/li>\n<li>1,83 partes de SUKSES BP o SUKSES BL (meq\/L)<\/li>\n<li>34 partes de agua calidad AAMI (meq\/L)<\/li>\n<\/ul>\n<p>Presentaciones<\/p>\n<ul>\n<li>Caja para hidratar 25 galones: Incluye \u00e1cido c\u00edtrico, cloruro de sodio y dextrosa y los componentes electrol\u00edticos esenciales.<\/li>\n<\/ul>\n<h4><\/h4>\n<p>[\/vc_column_text][\/vc_column][vc_column width=&#8221;1\/6&#8243;][\/vc_column][\/mk_page_section][vc_row][vc_column][vc_separator color=&#8221;custom&#8221; border_width=&#8221;2&#8243; accent_color=&#8221;#5c79bb&#8221;][\/vc_column][\/vc_row][mk_page_section sidebar=&#8221;sidebar-1&#8243;][vc_column width=&#8221;1\/6&#8243;][\/vc_column][vc_column width=&#8221;2\/3&#8243;][vc_column_text]<\/p>\n<h4><span style=\"color: #657db9;\"><img loading=\"lazy\" decoding=\"async\" class=\"size-medium wp-image-866 alignright\" src=\"https:\/\/nuevaweb.renal-medical.com\/wp1\/wp-content\/uploads\/2017\/06\/lemon-menos-calcio-stroke-300x124.jpg\" alt=\"\" width=\"300\" height=\"124\" srcset=\"http:\/\/www.renal-medical.com\/wp-content\/uploads\/2017\/06\/lemon-menos-calcio-stroke-300x124.jpg 300w, http:\/\/www.renal-medical.com\/wp-content\/uploads\/2017\/06\/lemon-menos-calcio-stroke.jpg 600w\" sizes=\"(max-width: 300px) 100vw, 300px\" \/>SUKSES-AP LEMON Ref. L 20<\/span><\/h4>\n<p>SUKSES-AP LEMON Bajo en calcio es nuestro desarrollo enfocado en superar los problemas de altos niveles de calcio en los pacientes de di\u00e1lisis. Debido a la reducci\u00f3n del filtrado glomerular que se desprende de la Enfermedad Renal Cr\u00f3nica, es com\u00fan que los pacientes presenten altos niveles de calcemia; la calcificaci\u00f3n vascular puede llevar a enfermedades cardiovasculares que ponen en riesgo la vida del paciente.<\/p>\n<p>El estabilizante \u00c1cido a base de Citratos ha demostrado en varios escenarios resultados favorables frente a los l\u00edquidos a base de \u00e1cido ac\u00e9tico en cuanto a que no aumenta los niveles de calcio en la sangre.\u00a0 Nuestro equipo ha desarrollado una formulaci\u00f3n mucho m\u00e1s eficaz para el manejo de los niveles de calcio, especialmente efectivo para aquellos pacientes cuyos niveles de calcio pre-di\u00e1lisis son mayores a los recomendados.<\/p>\n<p>Contacte a nuestro equipo t\u00e9cnico quien lo asesorar\u00e1 en determinar el requerimiento especial de concentrado para su paciente y las recomendaciones en las transiciones entre concentrados.<\/p>\n<h5>Presentaciones<\/h5>\n<ul>\n<li>Caja para hidratar 25 galones: Incluye \u00e1cido c\u00edtrico, cloruro de sodio y dextrosa y los componentes electrol\u00edticos esenciales.<\/li>\n<\/ul>\n<h4><\/h4>\n<p>[\/vc_column_text][\/vc_column][vc_column width=&#8221;1\/6&#8243;][\/vc_column][\/mk_page_section][vc_row][vc_column][vc_separator color=&#8221;custom&#8221; border_width=&#8221;3&#8243; accent_color=&#8221;#271d67&#8243;][\/vc_column][\/vc_row][mk_page_section sidebar=&#8221;sidebar-1&#8243;][vc_column width=&#8221;1\/6&#8243;][\/vc_column][vc_column width=&#8221;2\/3&#8243;][vc_column_text]<\/p>\n<h3 style=\"text-align: center;\"><span style=\"color: #211d70;\">Concentrados \u00c1cidos L\u00edquidos<\/span><\/h3>\n<p>&nbsp;<\/p>\n<h4><span style=\"color: #657db9;\"><img loading=\"lazy\" decoding=\"async\" class=\"wp-image-1817 size-medium alignright\" src=\"https:\/\/www.renal-medical.com\/wp-content\/uploads\/2021\/12\/al-300x199.png\" alt=\"\" width=\"300\" height=\"199\" srcset=\"http:\/\/www.renal-medical.com\/wp-content\/uploads\/2021\/12\/al-300x199.png 300w, http:\/\/www.renal-medical.com\/wp-content\/uploads\/2021\/12\/al.png 500w\" sizes=\"(max-width: 300px) 100vw, 300px\" \/>SUKSES AL<\/span><\/h4>\n<p>El componente \u00e1cido de nuestra soluci\u00f3n de concentrados est\u00e1 especialmente dise\u00f1ado para su funcionamiento con m\u00e1quinas 36,83X. El concentrado <strong>SUKSES AL<\/strong> es adem\u00e1s totalmente compatible con nuestras soluciones b\u00e1sicas l\u00edquidas <strong>(SUKSES BL)<\/strong> o en polvo <strong>(SUKSES BP)<\/strong> ofreci\u00e9ndole mayor versatilidad de acuerdo a las necesidades de sus instalaciones.<\/p>\n<h5>CONCENTRADO PARA M\u00c1QUINA 36,83X:<\/h5>\n<ul>\n<li>1 parte de SUKSES AL (meq\/L)<\/li>\n<li>1,83 partes de SUKSES BP \u00f3 SUKSES BL (meq\/L)<\/li>\n<li>34 partes de agua calidad AAMI (meq\/L)<\/li>\n<\/ul>\n<h5>Presentaciones<\/h5>\n<ul>\n<li>Caja con 4 garrafas cada una de un gal\u00f3n.<\/li>\n<\/ul>\n<p>[\/vc_column_text][\/vc_column][vc_column width=&#8221;1\/6&#8243;][\/vc_column][\/mk_page_section][vc_row][vc_column][vc_separator color=&#8221;custom&#8221; border_width=&#8221;2&#8243; accent_color=&#8221;#5c79bb&#8221;][\/vc_column][\/vc_row][mk_page_section sidebar=&#8221;sidebar-1&#8243;][vc_column width=&#8221;1\/6&#8243;][\/vc_column][vc_column width=&#8221;2\/3&#8243;][vc_column_text]<\/p>\n<h4><span style=\"color: #657db9;\">SUKSES AL-35X<\/span><\/h4>\n<p>El componente \u00e1cido de nuestra soluci\u00f3n de concentrados est\u00e1 especialmente dise\u00f1ado para su funcionamiento con m\u00e1quinas 35X. <strong>SUKSES AL-35X <\/strong>se recomienda en uso simult\u00e1neo con el <strong>CARTUCHO SUKSES<\/strong>. Esta combinaci\u00f3n no es solamente m\u00e1s costo-efectiva, sino que maximiza la sanidad de su tratamiento y reduce los inconvenientes que puedan presentarse en la hidrataci\u00f3n.<\/p>\n<h5>CONCENTRADO PARA M\u00c1QUINA 35X (Cartucho):<\/h5>\n<ul>\n<li>1 parte de SUKSES AL-35X (meq\/L)<\/li>\n<li>1 Cartucho SUKSES<\/li>\n<li>34 partes de agua calidad AAMI (meq\/L)<\/li>\n<\/ul>\n<h5>CONCENTRADO PARA M\u00c1QUINA 35X:<\/h5>\n<ul>\n<li>1 parte de SUKSES AL-35X (meq\/L)<\/li>\n<li>1,225 partes de SUKSES BP-35X (meq\/L)<\/li>\n<li>34 partes de agua calidad AAMI (meq\/L)<\/li>\n<\/ul>\n<h5>Presentaciones<\/h5>\n<ul>\n<li>Caja con 4 garrafas cada una de un gal\u00f3n.<\/li>\n<\/ul>\n<p>[\/vc_column_text][\/vc_column][vc_column width=&#8221;1\/6&#8243;][\/vc_column][\/mk_page_section][vc_row][vc_column][vc_separator color=&#8221;custom&#8221; border_width=&#8221;2&#8243; accent_color=&#8221;#5c79bb&#8221;][\/vc_column][\/vc_row][mk_page_section sidebar=&#8221;sidebar-1&#8243;][vc_column width=&#8221;1\/6&#8243;][\/vc_column][vc_column width=&#8221;2\/3&#8243;][vc_column_text]<\/p>\n<h4><span style=\"color: #657db9;\"><img loading=\"lazy\" decoding=\"async\" class=\"size-medium wp-image-868 alignright\" src=\"https:\/\/nuevaweb.renal-medical.com\/wp1\/wp-content\/uploads\/2017\/06\/al-45x-stroke-259x300.jpg\" alt=\"\" width=\"259\" height=\"300\" srcset=\"http:\/\/www.renal-medical.com\/wp-content\/uploads\/2017\/06\/al-45x-stroke-259x300.jpg 259w, http:\/\/www.renal-medical.com\/wp-content\/uploads\/2017\/06\/al-45x-stroke.jpg 600w\" sizes=\"(max-width: 259px) 100vw, 259px\" \/>SUKSES AL-45X<\/span><\/h4>\n<p>El componente \u00e1cido de nuestra soluci\u00f3n de concentrados est\u00e1 especialmente dise\u00f1ado para su funcionamiento con m\u00e1quinas 45X. El componente \u00e1cido <strong>SUKSES AL-45X <\/strong>se recomienda con uso simult\u00e1neo con el CARTUCHO SUKSES maximizando la asepsia de su tratamiento.<\/p>\n<h5>CONCENTRADO PARA M\u00c1QUINA 45X (Cartucho):<\/h5>\n<ul>\n<li>1 parte de SUKSES AL-45X (meq\/L)<\/li>\n<li>1 Cartucho SUKSES (550 g)<\/li>\n<li>42,28 partes de agua calidad AAMI (meq\/L)<\/li>\n<\/ul>\n<h5>CONCENTRADO PARA M\u00c1QUINA 45X:<\/h5>\n<ul>\n<li>1 parte de SUKSES AL (meq\/L)<\/li>\n<li>1,72 partes de SUKSES BP-45X (meq\/L)<\/li>\n<li>42,28 partes de agua calidad AAMI (meq\/L)<\/li>\n<\/ul>\n<h5>Presentaciones<\/h5>\n<ul>\n<li>Caja con 4 garrafas cada una de un gal\u00f3n.<\/li>\n<\/ul>\n<p>[\/vc_column_text][\/vc_column][vc_column width=&#8221;1\/6&#8243;][\/vc_column][\/mk_page_section]<\/p>","protected":false},"excerpt":{"rendered":"<p>[mk_page_section sidebar=&#8221;sidebar-1&#8243;][vc_column width=&#8221;1\/6&#8243;][\/vc_column][vc_column width=&#8221;2\/3&#8243;][vc_column_text]La utilizaci\u00f3n reciente de Bicarbonato en el proceso de di\u00e1lisis ha requerido la utilizaci\u00f3n de complementos \u00e1cidos para evitar la precipitaci\u00f3n de carbonato c\u00e1lcico y magn\u00e9sico en la sangre. Contamos con soluciones a base de \u00c1cido Ac\u00e9tico y \u00c1cido C\u00edtrico para garantizar la constituci\u00f3n de un l\u00edquido de di\u00e1lisis completo, que provea [&hellip;]<\/p>","protected":false},"author":2,"featured_media":0,"parent":0,"menu_order":0,"comment_status":"closed","ping_status":"closed","template":"","meta":{"footnotes":""},"class_list":["post-1266","page","type-page","status-publish","hentry"],"_links":{"self":[{"href":"http:\/\/www.renal-medical.com\/en\/wp-json\/wp\/v2\/pages\/1266"}],"collection":[{"href":"http:\/\/www.renal-medical.com\/en\/wp-json\/wp\/v2\/pages"}],"about":[{"href":"http:\/\/www.renal-medical.com\/en\/wp-json\/wp\/v2\/types\/page"}],"author":[{"embeddable":true,"href":"http:\/\/www.renal-medical.com\/en\/wp-json\/wp\/v2\/users\/2"}],"replies":[{"embeddable":true,"href":"http:\/\/www.renal-medical.com\/en\/wp-json\/wp\/v2\/comments?post=1266"}],"version-history":[{"count":0,"href":"http:\/\/www.renal-medical.com\/en\/wp-json\/wp\/v2\/pages\/1266\/revisions"}],"wp:attachment":[{"href":"http:\/\/www.renal-medical.com\/en\/wp-json\/wp\/v2\/media?parent=1266"}],"curies":[{"name":"wp","href":"https:\/\/api.w.org\/{rel}","templated":true}]}}