{"id":151,"date":"2017-06-11T21:28:53","date_gmt":"2017-06-11T21:28:53","guid":{"rendered":"http:\/\/renalbeta1.eshost.com.ar\/wp\/?page_id=151"},"modified":"2020-04-25T19:20:17","modified_gmt":"2020-04-26T00:20:17","slug":"jeringas-prellenadas-citrato-de-sodio","status":"publish","type":"page","link":"http:\/\/www.renal-medical.com\/en\/jeringas-prellenadas-citrato-de-sodio\/","title":{"rendered":"Jeringas Prellenadas (Citrato de sodio)"},"content":{"rendered":"<p>[vc_row][vc_column width=&#8221;1\/6&#8243;][\/vc_column][vc_column width=&#8221;2\/3&#8243;][vc_column_text]<\/p>\n<h4><span style=\"color: #657db9;\">SUKSES<img fetchpriority=\"high\" decoding=\"async\" class=\"size-medium wp-image-1034 alignright\" src=\"https:\/\/nuevaweb.renal-medical.com\/wp1\/wp-content\/uploads\/2017\/06\/jeringas-prellenadas-300x230.jpg\" alt=\"\" width=\"300\" height=\"230\" srcset=\"http:\/\/www.renal-medical.com\/wp-content\/uploads\/2017\/06\/jeringas-prellenadas-300x230.jpg 300w, http:\/\/www.renal-medical.com\/wp-content\/uploads\/2017\/06\/jeringas-prellenadas.jpg 600w\" sizes=\"(max-width: 300px) 100vw, 300px\" \/><\/span><\/h4>\n<p>Parte fundamental para garantizar las buenas condiciones del tratamiento es reducir la coagulaci\u00f3n de la sangre en los puertos de conexi\u00f3n del cat\u00e9ter. La coagulaci\u00f3n en los puertos puede afectar la sanidad del tratamiento y el flujo de salida o entrada de la sangre incluso llegando a la obstrucci\u00f3n. Tradicionalmente, se ha utilizado heparina como el agente prevalente para evitar la coagulaci\u00f3n, pero el manejo de este medicamento y sus costos han presionado el desarrollo de otras alternativas.<\/p>\n<p>Es as\u00ed como recientemente ha adquirido fuerza el uso de Citratos como componente anticoagulante. El Calcio es un punto crucial en el proceso de coagulaci\u00f3n de la sangre ya que ayuda a la uni\u00f3n de las part\u00edculas coagulantes. El citrato se une a las part\u00edculas de calcio ionizado lo que trae como consecuencia el bloqueo de las propiedades coagulantes del Calcio.<\/p>\n<p>El citrato de sodio al 4% ha demostrado no solamente ser una soluci\u00f3n m\u00e1s f\u00e1cil de usar y m\u00e1s econ\u00f3mica que la heparina, sino que debido a las caracter\u00edsticas del citrato tiene propiedades antitromb\u00f3ticas y antibacterianas, convirti\u00e9ndose en una soluci\u00f3n muy superior.<\/p>\n<h5>Presentaciones<\/h5>\n<p>Contamos con nueve diferentes referencias que var\u00edan dependiendo la concentraci\u00f3n de citrato de sodio, el tama\u00f1o de la jeringa y presencia de etanol (CE). Nuestro equipo le podr\u00e1 brindar mayor informaci\u00f3n al respecto del funcionamiento de cada referencia:<\/p>\n<p>&nbsp;<\/p>\n<ul>\n<li>CS4-35<\/li>\n<li>CS4-310<\/li>\n<li>CS4-55<\/li>\n<li>CS4-510<\/li>\n<li>CS30-35<\/li>\n<li>CE430-55<\/li>\n<li>CE430-35<\/li>\n<li>CE430-310<\/li>\n<li>CE430-510<\/li>\n<\/ul>\n<p>[\/vc_column_text][\/vc_column][vc_column width=&#8221;1\/6&#8243;][\/vc_column][\/vc_row]<\/p>","protected":false},"excerpt":{"rendered":"<p>[vc_row][vc_column width=&#8221;1\/6&#8243;][\/vc_column][vc_column width=&#8221;2\/3&#8243;][vc_column_text] SUKSES Parte fundamental para garantizar las buenas condiciones del tratamiento es reducir la coagulaci\u00f3n de la sangre en los puertos de conexi\u00f3n del cat\u00e9ter. La coagulaci\u00f3n en los puertos puede afectar la sanidad del tratamiento y el flujo de salida o entrada de la sangre incluso llegando a la obstrucci\u00f3n. Tradicionalmente, se [&hellip;]<\/p>","protected":false},"author":2,"featured_media":0,"parent":0,"menu_order":0,"comment_status":"closed","ping_status":"closed","template":"","meta":{"footnotes":""},"class_list":["post-151","page","type-page","status-publish","hentry"],"_links":{"self":[{"href":"http:\/\/www.renal-medical.com\/en\/wp-json\/wp\/v2\/pages\/151"}],"collection":[{"href":"http:\/\/www.renal-medical.com\/en\/wp-json\/wp\/v2\/pages"}],"about":[{"href":"http:\/\/www.renal-medical.com\/en\/wp-json\/wp\/v2\/types\/page"}],"author":[{"embeddable":true,"href":"http:\/\/www.renal-medical.com\/en\/wp-json\/wp\/v2\/users\/2"}],"replies":[{"embeddable":true,"href":"http:\/\/www.renal-medical.com\/en\/wp-json\/wp\/v2\/comments?post=151"}],"version-history":[{"count":0,"href":"http:\/\/www.renal-medical.com\/en\/wp-json\/wp\/v2\/pages\/151\/revisions"}],"wp:attachment":[{"href":"http:\/\/www.renal-medical.com\/en\/wp-json\/wp\/v2\/media?parent=151"}],"curies":[{"name":"wp","href":"https:\/\/api.w.org\/{rel}","templated":true}]}}