{"id":191,"date":"2017-06-11T22:10:35","date_gmt":"2017-06-11T22:10:35","guid":{"rendered":"http:\/\/renalbeta1.eshost.com.ar\/wp\/?page_id=191"},"modified":"2020-04-25T20:03:46","modified_gmt":"2020-04-26T01:03:46","slug":"piel","status":"publish","type":"page","link":"http:\/\/www.renal-medical.com\/en\/piel\/","title":{"rendered":"Piel"},"content":{"rendered":"<p>[vc_row][vc_column width=&#8221;1\/6&#8243;][\/vc_column][vc_column width=&#8221;2\/3&#8243;][vc_column_text]Nuestro portafolio de productos comercializados para Biopsia de Piel, es la opci\u00f3n m\u00e1s efectiva del mercado, garantizando los mejores resultados y el menor trauma para el paciente:<\/p>\n<h5><span style=\"color: #657db9;\">DERMO-PUNCH\u2122<\/span><\/h5>\n<p>&nbsp;<\/p>\n<h5><span style=\"color: #657db9;\">Sterylab<img fetchpriority=\"high\" decoding=\"async\" class=\"size-medium wp-image-920 alignright\" src=\"https:\/\/nuevaweb.renal-medical.com\/wp1\/wp-content\/uploads\/2017\/06\/dermopunch-300x245.jpg\" alt=\"\" width=\"300\" height=\"245\" srcset=\"http:\/\/www.renal-medical.com\/wp-content\/uploads\/2017\/06\/dermopunch-300x245.jpg 300w, http:\/\/www.renal-medical.com\/wp-content\/uploads\/2017\/06\/dermopunch.jpg 500w\" sizes=\"(max-width: 300px) 100vw, 300px\" \/><\/span><\/h5>\n<h5>Funcionalidad<\/h5>\n<p>El Punz\u00f3n DERMOPUNCH est\u00e1 indicado para realizar biopsia de piel requerida para el diagn\u00f3stico histol\u00f3gico de:<\/p>\n<ul>\n<li>Dermatosis de origen dudoso.<\/li>\n<li>Lesiones sospechosas de c\u00e1ncer.<\/li>\n<li>Lunares an\u00f3malos.<\/li>\n<\/ul>\n<h5>Tambi\u00e9n para el diagn\u00f3stico de:<\/h5>\n<ul>\n<li>Infecciones bacterianas o mic\u00f3ticas.<\/li>\n<li>Estados inflamatorios patol\u00f3gicos en algunas enfermedades espec\u00edficas de la piel como la psoriasis.<\/li>\n<\/ul>\n<p>Tambi\u00e9n ayuda en la verificaci\u00f3n de que la piel existente en la zona circundante de una regi\u00f3n de donde un tumor fue extirpado, sea normal. El dispositivo ayuda en la supervisi\u00f3n de la eficacia de un tratamiento de eliminaci\u00f3n de verrugas, de c\u00e1nceres de la piel, de lunares o de crecimientos an\u00f3malos en ciertas lesiones de la mucosa oral.<\/p>\n<h5>\u00a0Especificaciones y presentaciones<\/h5>\n<p>Tiene hojas de acero inoxidable extremadamente afiladas, empu\u00f1adura antideslizante para sujeci\u00f3n y control seguro y amplia gama de tama\u00f1os. Es est\u00e9ril y desechable para evitar el riesgo de infecciones nosocomiales.<\/p>\n<h5>\u00a0Presentaciones:<\/h5>\n<h5>C\u00f3digo\u00a0\u00a0\u00a0\u00a0\u00a0\u00a0\u00a0 Di\u00e1metro<\/h5>\n<ul>\n<li>DMP02\u00a0\u00a0\u00a0\u00a0\u00a0\u00a0 2mm<\/li>\n<li>DMP03\u00a0\u00a0\u00a0\u00a0\u00a0\u00a0 3mm<\/li>\n<li>DMP35\u00a0\u00a0\u00a0\u00a0\u00a0\u00a0 3,5mm<\/li>\n<li>DMP04\u00a0\u00a0\u00a0\u00a0\u00a0\u00a0 4mm<\/li>\n<li>DMP05\u00a0\u00a0\u00a0\u00a0\u00a0\u00a0 5mm<\/li>\n<li>DMP06\u00a0\u00a0\u00a0\u00a0\u00a0\u00a0 6mm<\/li>\n<li>DMP08\u00a0\u00a0\u00a0\u00a0\u00a0\u00a0 8mm<\/li>\n<\/ul>\n<p>&nbsp;<\/p>\n<p>[\/vc_column_text][\/vc_column][vc_column width=&#8221;1\/6&#8243;][\/vc_column][\/vc_row]<\/p>","protected":false},"excerpt":{"rendered":"<p>[vc_row][vc_column width=&#8221;1\/6&#8243;][\/vc_column][vc_column width=&#8221;2\/3&#8243;][vc_column_text]Nuestro portafolio de productos comercializados para Biopsia de Piel, es la opci\u00f3n m\u00e1s efectiva del mercado, garantizando los mejores resultados y el menor trauma para el paciente: DERMO-PUNCH\u2122 &nbsp; Sterylab Funcionalidad El Punz\u00f3n DERMOPUNCH est\u00e1 indicado para realizar biopsia de piel requerida para el diagn\u00f3stico histol\u00f3gico de: Dermatosis de origen dudoso. Lesiones sospechosas [&hellip;]<\/p>","protected":false},"author":2,"featured_media":0,"parent":0,"menu_order":0,"comment_status":"closed","ping_status":"closed","template":"","meta":{"footnotes":""},"class_list":["post-191","page","type-page","status-publish","hentry"],"_links":{"self":[{"href":"http:\/\/www.renal-medical.com\/en\/wp-json\/wp\/v2\/pages\/191"}],"collection":[{"href":"http:\/\/www.renal-medical.com\/en\/wp-json\/wp\/v2\/pages"}],"about":[{"href":"http:\/\/www.renal-medical.com\/en\/wp-json\/wp\/v2\/types\/page"}],"author":[{"embeddable":true,"href":"http:\/\/www.renal-medical.com\/en\/wp-json\/wp\/v2\/users\/2"}],"replies":[{"embeddable":true,"href":"http:\/\/www.renal-medical.com\/en\/wp-json\/wp\/v2\/comments?post=191"}],"version-history":[{"count":0,"href":"http:\/\/www.renal-medical.com\/en\/wp-json\/wp\/v2\/pages\/191\/revisions"}],"wp:attachment":[{"href":"http:\/\/www.renal-medical.com\/en\/wp-json\/wp\/v2\/media?parent=191"}],"curies":[{"name":"wp","href":"https:\/\/api.w.org\/{rel}","templated":true}]}}