{"id":206,"date":"2017-06-11T22:16:25","date_gmt":"2017-06-12T03:16:25","guid":{"rendered":"http:\/\/renalbeta1.eshost.com.ar\/wp\/?page_id=206"},"modified":"2020-04-25T21:37:47","modified_gmt":"2020-04-26T02:37:47","slug":"maquinas","status":"publish","type":"page","link":"http:\/\/www.renal-medical.com\/en\/maquinas\/","title":{"rendered":"M\u00e1quinas"},"content":{"rendered":"<p>[vc_row][vc_column width=&#8221;1\/6&#8243;][\/vc_column][vc_column width=&#8221;2\/3&#8243;][vc_column_text]Los procesos alternativos de purificaci\u00f3n de sangre son altamente utilizados para pacientes en falla renal que se encuentran en cuidados intensivos y para el tratamiento de trastornos asociados a elementos espec\u00edficos del plasma sangu\u00edneo como es el caso de las algunas enfermedades del sistema inmune (S\u00edndrome de Guillain-Barr\u00e9, lupus eritematoso sist\u00e9mico y p\u00farpura trombocitop\u00e9nica).\u00a0 Las m\u00e1quinas JI-HUA son dispositivos peque\u00f1os y vers\u00e1tiles que permiten la realizaci\u00f3n de diferentes procedimientos de purificaci\u00f3n de sangre y osmosis.<\/p>\n<h4>\u00a0<span style=\"color: #657db9;\">Ji-Hua<img fetchpriority=\"high\" decoding=\"async\" class=\"size-medium wp-image-942 alignright\" src=\"https:\/\/nuevaweb.renal-medical.com\/wp1\/wp-content\/uploads\/2017\/06\/maquinas-300x226.jpg\" alt=\"\" width=\"300\" height=\"226\" srcset=\"http:\/\/www.renal-medical.com\/wp-content\/uploads\/2017\/06\/maquinas-300x226.jpg 300w, http:\/\/www.renal-medical.com\/wp-content\/uploads\/2017\/06\/maquinas.jpg 600w\" sizes=\"(max-width: 300px) 100vw, 300px\" \/><\/span><\/h4>\n<p>Equipo especializado para terapias de hemoperfusi\u00f3n, permutaci\u00f3n de plasma o purificaci\u00f3n de sangre. Cuenta tanto con un circuito extracorp\u00f3reo de sangre, como con un sistema de monitoreo. La sangre es heparinizada continuamente, controla la infiltraci\u00f3n de aire y monitorea tanto la presi\u00f3n arterial como la venosa.<\/p>\n<p>[\/vc_column_text][\/vc_column][vc_column width=&#8221;1\/6&#8243;][\/vc_column][\/vc_row]<\/p>","protected":false},"excerpt":{"rendered":"<p>[vc_row][vc_column width=&#8221;1\/6&#8243;][\/vc_column][vc_column width=&#8221;2\/3&#8243;][vc_column_text]Los procesos alternativos de purificaci\u00f3n de sangre son altamente utilizados para pacientes en falla renal que se encuentran en cuidados intensivos y para el tratamiento de trastornos asociados a elementos espec\u00edficos del plasma sangu\u00edneo como es el caso de las algunas enfermedades del sistema inmune (S\u00edndrome de Guillain-Barr\u00e9, lupus eritematoso sist\u00e9mico y p\u00farpura [&hellip;]<\/p>","protected":false},"author":2,"featured_media":0,"parent":0,"menu_order":0,"comment_status":"closed","ping_status":"closed","template":"","meta":{"footnotes":""},"class_list":["post-206","page","type-page","status-publish","hentry"],"_links":{"self":[{"href":"http:\/\/www.renal-medical.com\/en\/wp-json\/wp\/v2\/pages\/206"}],"collection":[{"href":"http:\/\/www.renal-medical.com\/en\/wp-json\/wp\/v2\/pages"}],"about":[{"href":"http:\/\/www.renal-medical.com\/en\/wp-json\/wp\/v2\/types\/page"}],"author":[{"embeddable":true,"href":"http:\/\/www.renal-medical.com\/en\/wp-json\/wp\/v2\/users\/2"}],"replies":[{"embeddable":true,"href":"http:\/\/www.renal-medical.com\/en\/wp-json\/wp\/v2\/comments?post=206"}],"version-history":[{"count":0,"href":"http:\/\/www.renal-medical.com\/en\/wp-json\/wp\/v2\/pages\/206\/revisions"}],"wp:attachment":[{"href":"http:\/\/www.renal-medical.com\/en\/wp-json\/wp\/v2\/media?parent=206"}],"curies":[{"name":"wp","href":"https:\/\/api.w.org\/{rel}","templated":true}]}}