{"id":8544,"date":"2025-02-23T22:15:50","date_gmt":"2025-02-24T03:15:50","guid":{"rendered":"https:\/\/www.renal-medical.com\/?post_type=product&#038;p=8544"},"modified":"2025-02-23T22:15:50","modified_gmt":"2025-02-24T03:15:50","slug":"aguja-de-bloqueo-blok","status":"publish","type":"product","link":"http:\/\/www.renal-medical.com\/en\/product\/aguja-de-bloqueo-blok\/","title":{"rendered":"Aguja de Bloqueo &#8211; BLOK"},"content":{"rendered":"<p data-start=\"446\" data-end=\"698\">La <strong data-start=\"473\" data-end=\"500\">Aguja de Bloqueo &#8211; BLOK<\/strong> es un dispositivo especializado para <strong data-start=\"538\" data-end=\"574\">guiar la infiltraci\u00f3n anest\u00e9sica<\/strong> antes de realizar una biopsia prost\u00e1tica, facilitando un procedimiento menos invasivo y m\u00e1s confortable para el paciente.<\/p>\n<p data-start=\"700\" data-end=\"945\">\u2714 Se utiliza <strong data-start=\"713\" data-end=\"774\">a trav\u00e9s de la gu\u00eda de biopsia del transductor ecogr\u00e1fico<\/strong>.<br data-start=\"775\" data-end=\"778\" \/>\u2714 Compatible con <strong data-start=\"795\" data-end=\"820\">todo tipo de jeringas<\/strong> para una f\u00e1cil administraci\u00f3n.<br data-start=\"851\" data-end=\"854\" \/>\u2714 <strong data-start=\"856\" data-end=\"884\">Bisel de dise\u00f1o especial<\/strong>, eliminando la necesidad de un mandril en su introducci\u00f3n.<\/p>\n<p data-start=\"947\" data-end=\"1206\"><strong data-start=\"947\" data-end=\"976\">Composici\u00f3n y Propiedades<\/strong><br data-start=\"976\" data-end=\"979\" \/>\u2714 <strong data-start=\"981\" data-end=\"1007\">Marcado de profundidad<\/strong> cada cent\u00edmetro para precisi\u00f3n en la inserci\u00f3n.<br data-start=\"1055\" data-end=\"1058\" \/>\u2714 <strong data-start=\"1060\" data-end=\"1093\">Terminal pl\u00e1stico transl\u00facido<\/strong>, mejorando la visualizaci\u00f3n durante el procedimiento.<br data-start=\"1147\" data-end=\"1150\" \/>\u2714 Disponible en medidas <strong data-start=\"1174\" data-end=\"1203\">20 GAX20 CM y 20 GAX25 CM<\/strong>.<\/p>","protected":false},"excerpt":{"rendered":"<p>Dispositivo dise\u00f1ado para la realizaci\u00f3n de <strong data-start=\"294\" data-end=\"317\">bloqueo pre-biopsia<\/strong> en procedimientos de pr\u00f3stata. Se utiliza \u00fanicamente para la administraci\u00f3n de <strong data-start=\"397\" data-end=\"441\">anestesia en la zona previa a la biopsia<\/strong>.<\/p>\n<p data-start=\"1208\" data-end=\"1277\"><strong data-start=\"1208\" data-end=\"1237\">Presentaci\u00f3n del Producto<\/strong><br data-start=\"1237\" data-end=\"1240\" \/>\ud83d\udd39 <strong data-start=\"1243\" data-end=\"1255\">Empaque:<\/strong> Caja x 10 unidades.<\/p>\n<p data-start=\"1279\" data-end=\"1475\"><strong data-start=\"1279\" data-end=\"1298\">Consideraciones<\/strong><br data-start=\"1298\" data-end=\"1301\" \/>\u2022 <strong data-start=\"1303\" data-end=\"1321\">Clasificaci\u00f3n:<\/strong> Dispositivo m\u00e9dico invasivo quir\u00fargico. Riesgo IIa.<br data-start=\"1373\" data-end=\"1376\" \/>\u2022 <strong data-start=\"1378\" data-end=\"1392\">Vida \u00fatil:<\/strong> 4 a\u00f1os a partir de la fecha de esterilizaci\u00f3n.<br data-start=\"1439\" data-end=\"1442\" \/>\u2022 <strong data-start=\"1444\" data-end=\"1473\">Uso \u00fanico. NO REUTILIZAR.<\/strong><\/p>","protected":false},"featured_media":8546,"comment_status":"closed","ping_status":"closed","template":"","meta":[],"product_brand":[],"product_cat":[124,118],"product_tag":[],"class_list":{"0":"post-8544","1":"product","2":"type-product","3":"status-publish","4":"has-post-thumbnail","6":"product_cat-aguja-para-bloqueo-pre-biopsia-de-prostata","7":"product_cat-dispositivo-para-toma-de-biopsia","9":"first","10":"instock","11":"shipping-taxable","12":"product-type-simple"},"_links":{"self":[{"href":"http:\/\/www.renal-medical.com\/en\/wp-json\/wp\/v2\/product\/8544"}],"collection":[{"href":"http:\/\/www.renal-medical.com\/en\/wp-json\/wp\/v2\/product"}],"about":[{"href":"http:\/\/www.renal-medical.com\/en\/wp-json\/wp\/v2\/types\/product"}],"replies":[{"embeddable":true,"href":"http:\/\/www.renal-medical.com\/en\/wp-json\/wp\/v2\/comments?post=8544"}],"wp:featuredmedia":[{"embeddable":true,"href":"http:\/\/www.renal-medical.com\/en\/wp-json\/wp\/v2\/media\/8546"}],"wp:attachment":[{"href":"http:\/\/www.renal-medical.com\/en\/wp-json\/wp\/v2\/media?parent=8544"}],"wp:term":[{"taxonomy":"product_brand","embeddable":true,"href":"http:\/\/www.renal-medical.com\/en\/wp-json\/wp\/v2\/product_brand?post=8544"},{"taxonomy":"product_cat","embeddable":true,"href":"http:\/\/www.renal-medical.com\/en\/wp-json\/wp\/v2\/product_cat?post=8544"},{"taxonomy":"product_tag","embeddable":true,"href":"http:\/\/www.renal-medical.com\/en\/wp-json\/wp\/v2\/product_tag?post=8544"}],"curies":[{"name":"wp","href":"https:\/\/api.w.org\/{rel}","templated":true}]}}