{"id":111,"date":"2017-06-11T21:13:50","date_gmt":"2017-06-12T02:13:50","guid":{"rendered":"http:\/\/renalbeta1.eshost.com.ar\/wp\/?page_id=111"},"modified":"2023-11-07T18:14:50","modified_gmt":"2023-11-07T23:14:50","slug":"historia","status":"publish","type":"page","link":"https:\/\/www.renal-medical.com\/en\/historia\/","title":{"rendered":"Historia"},"content":{"rendered":"<p><strong>Renal Medical Marketing Limitada<\/strong> es una empresa colombiana nacida en la ciudad de Bogot\u00e1. Cuenta con m\u00e1s de 30 a\u00f1os de experiencia en la comercializaci\u00f3n de productos enfocados en la terapia renal, lo que le ha permitido construir las capacidades necesarias y adquirir el conocimiento para convertirse en la primera compa\u00f1\u00eda 100% colombiana en desarrollar soluciones para el tratamiento de la insuficiencia renal cr\u00f3nica.<\/p>\n<!-- If Left Or Right -->\n\t<ul>\n\t\t\t\t<li>\n\t\t\t\t\t\t<!--date-->\n\t\t\t\t<!--Timeline-customcontent-->\n\t\t\t\t\t<p><strong>1992<\/strong><\/p>\n\t\t\t\t<!--\/.Timeline-customcontent-->\n\t\t\t<!--\/.date-->\n\t\t\t\t\t\t<!--Timline-Content-->\n\t\t\t\t<!--icon-->\n\t\t\t\t<!--\/.icon-->\n\t\t\t\t\t<!--Timline-Title-->\n\t\t\t\t\t\n\t\t\t\t\t<!--\/.Timline-Title-->\n\t\t\t\t\t<!--Timline-description-->\n\t\t\t\t\t<img decoding=\"async\" src=\"https:\/\/renal-medical.com\/wp-content\/uploads\/2017\/06\/logo2r.jpg\" alt=\"\" width=\"100\" height=\"92\" \/>Renal Medical Marketing Limitada es fundada en Bogot\u00e1 (Colombia) buscando ser una alternativa para las instituciones independientes prestadoras del servicio de terapia renal en el pa\u00eds.\n\t\t\t\t\t<!--\/.Timline-description-->\n\t\t\t<!--\/.Timline-Content-->\n\t\t<\/li>\n\t\t\t\t<li>\n\t\t\t\t\t\t<!--date-->\n\t\t\t\t<!--Timeline-customcontent-->\n\t\t\t\t\t<p><strong>1996<\/strong><\/p>\n\t\t\t\t<!--\/.Timeline-customcontent-->\n\t\t\t<!--\/.date-->\n\t\t\t\t\t\t<!--Timline-Content-->\n\t\t\t\t<!--icon-->\n\t\t\t\t<!--\/.icon-->\n\t\t\t\t\t<!--Timline-Title-->\n\t\t\t\t\t\n\t\t\t\t\t<!--\/.Timline-Title-->\n\t\t\t\t\t<!--Timline-description-->\n\t\t\t\t\t<img decoding=\"async\" src=\"https:\/\/renal-medical.com\/wp-content\/uploads\/2017\/06\/minntech2.jpg\" alt=\"\" width=\"300\" height=\"81\" \/>La compa\u00f1\u00eda se convierte en el representante oficial para Colombia de la compa\u00f1\u00eda americana Minntech Corporartion (actualmente MEDIVATORS), compa\u00f1\u00eda l\u00edder mundial en el desarrollo de dispositivos m\u00e9dicos para m\u00faltiples \u00e1reas de la salud.\n\t\t\t\t\t<!--\/.Timline-description-->\n\t\t\t<!--\/.Timline-Content-->\n\t\t<\/li>\n\t\t\t\t<li>\n\t\t\t\t\t\t<!--date-->\n\t\t\t\t<!--Timeline-customcontent-->\n\t\t\t\t\t<p><strong>2002<\/strong><\/p>\n\t\t\t\t<!--\/.Timeline-customcontent-->\n\t\t\t<!--\/.date-->\n\t\t\t\t\t\t<!--Timline-Content-->\n\t\t\t\t<!--icon-->\n\t\t\t\t<!--\/.icon-->\n\t\t\t\t\t<!--Timline-Title-->\n\t\t\t\t\t\n\t\t\t\t\t<!--\/.Timline-Title-->\n\t\t\t\t\t<!--Timline-description-->\n\t\t\t\t\t<img decoding=\"async\" src=\"https:\/\/renal-medical.com\/wp-content\/uploads\/2017\/06\/ebime2.jpg\" alt=\"\" width=\"300\" height=\"104\" \/>La compa\u00f1\u00eda expande su portafolio y alcance en el mercado nacional incursionando en el mercado de cat\u00e9teres y accesos vasculares con la representaci\u00f3n de la marca Mexicana EBIME.\n\t\t\t\t\t<!--\/.Timline-description-->\n\t\t\t<!--\/.Timline-Content-->\n\t\t<\/li>\n\t\t\t\t<li>\n\t\t\t\t\t\t<!--date-->\n\t\t\t\t<!--Timeline-customcontent-->\n\t\t\t\t\t<p><strong>2004<\/strong><\/p>\n\t\t\t\t<!--\/.Timeline-customcontent-->\n\t\t\t<!--\/.date-->\n\t\t\t\t\t\t<!--Timline-Content-->\n\t\t\t\t<!--icon-->\n\t\t\t\t<!--\/.icon-->\n\t\t\t\t\t<!--Timline-Title-->\n\t\t\t\t\t\n\t\t\t\t\t<!--\/.Timline-Title-->\n\t\t\t\t\t<!--Timline-description-->\n\t\t\t\t\t<img loading=\"lazy\" decoding=\"async\" src=\"https:\/\/renal-medical.com\/wp-content\/uploads\/2017\/06\/colombia-politica4.jpg\" alt=\"\" width=\"300\" height=\"73\" \/>\u00a0Se consolida la posici\u00f3n de la organizaci\u00f3n en el mercado nacional expandiendo sus actividad a las regiones Noroccidental y Oriental del pa\u00eds.\n\t\t\t\t\t<!--\/.Timline-description-->\n\t\t\t<!--\/.Timline-Content-->\n\t\t<\/li>\n\t\t\t\t<li>\n\t\t\t\t\t\t<!--date-->\n\t\t\t\t<!--Timeline-customcontent-->\n\t\t\t\t\t<p><strong>2006<\/strong><\/p>\n\t\t\t\t<!--\/.Timeline-customcontent-->\n\t\t\t<!--\/.date-->\n\t\t\t\t\t\t<!--Timline-Content-->\n\t\t\t\t<!--icon-->\n\t\t\t\t<!--\/.icon-->\n\t\t\t\t\t<!--Timline-Title-->\n\t\t\t\t\t\n\t\t\t\t\t<!--\/.Timline-Title-->\n\t\t\t\t\t<!--Timline-description-->\n\t\t\t\t\t<img loading=\"lazy\" decoding=\"async\" src=\"https:\/\/renal-medical.com\/wp-content\/uploads\/2017\/06\/thanir2.jpg\" alt=\"\" width=\"300\" height=\"139\" \/>Luego de finalizar la exitosa relaci\u00f3n de 10 a\u00f1os con Minntech, los socios deciden creer en la capacidad nacional e incursionar en el desarrollo de concentrados para hemodi\u00e1lisis 100% colombianos dando como resultado la creaci\u00f3n de Laboratorios Thani.\n\t\t\t\t\t<!--\/.Timline-description-->\n\t\t\t<!--\/.Timline-Content-->\n\t\t<\/li>\n\t\t\t\t<li>\n\t\t\t\t\t\t<!--date-->\n\t\t\t\t<!--Timeline-customcontent-->\n\t\t\t\t\t<p><strong>2007<\/strong><\/p>\n\t\t\t\t<!--\/.Timeline-customcontent-->\n\t\t\t<!--\/.date-->\n\t\t\t\t\t\t<!--Timline-Content-->\n\t\t\t\t<!--icon-->\n\t\t\t\t<!--\/.icon-->\n\t\t\t\t\t<!--Timline-Title-->\n\t\t\t\t\t\n\t\t\t\t\t<!--\/.Timline-Title-->\n\t\t\t\t\t<!--Timline-description-->\n\t\t\t\t\t<img loading=\"lazy\" decoding=\"async\" src=\"https:\/\/renal-medical.com\/wp-content\/uploads\/2017\/06\/filtrosr2.jpg\" alt=\"\" width=\"300\" height=\"200\" \/>Paralelo al desarrollo del laboratorio de producci\u00f3n de concentrados, el portafolio de la compa\u00f1\u00eda se expande significativamente incluyendo la comercializaci\u00f3n de m\u00e1quinas para hemodi\u00e1lisis, filtros, bombas de infusi\u00f3n, jeringas, etc.\n\t\t\t\t\t<!--\/.Timline-description-->\n\t\t\t<!--\/.Timline-Content-->\n\t\t<\/li>\n\t\t\t\t<li>\n\t\t\t\t\t\t<!--date-->\n\t\t\t\t<!--Timeline-customcontent-->\n\t\t\t\t\t<p><strong>2008<\/strong><\/p>\n\t\t\t\t<!--\/.Timeline-customcontent-->\n\t\t\t<!--\/.date-->\n\t\t\t\t\t\t<!--Timline-Content-->\n\t\t\t\t<!--icon-->\n\t\t\t\t<!--\/.icon-->\n\t\t\t\t\t<!--Timline-Title-->\n\t\t\t\t\t\n\t\t\t\t\t<!--\/.Timline-Title-->\n\t\t\t\t\t<!--Timline-description-->\n\t\t\t\t\t<img loading=\"lazy\" decoding=\"async\" src=\"https:\/\/renal-medical.com\/wp-content\/uploads\/2017\/06\/logo-sukses2.jpg\" alt=\"\" width=\"300\" height=\"172\" \/>La compa\u00f1\u00eda lanza oficialmente su marca propia para dispositivos m\u00e9dicos de terapia renal SUKSES e inicia el proceso de penetraci\u00f3n del mercado.\n\t\t\t\t\t<!--\/.Timline-description-->\n\t\t\t<!--\/.Timline-Content-->\n\t\t<\/li>\n\t\t\t\t<li>\n\t\t\t\t\t\t<!--date-->\n\t\t\t\t<!--Timeline-customcontent-->\n\t\t\t\t\t<p><strong>2012<\/strong><\/p>\n\t\t\t\t<!--\/.Timeline-customcontent-->\n\t\t\t<!--\/.date-->\n\t\t\t\t\t\t<!--Timline-Content-->\n\t\t\t\t<!--icon-->\n\t\t\t\t<!--\/.icon-->\n\t\t\t\t\t<!--Timline-Title-->\n\t\t\t\t\t\n\t\t\t\t\t<!--\/.Timline-Title-->\n\t\t\t\t\t<!--Timline-description-->\n\t\t\t\t\t<img loading=\"lazy\" decoding=\"async\" src=\"https:\/\/renal-medical.com\/wp-content\/uploads\/2017\/08\/logo2.png\" alt=\"\" width=\"300\" height=\"73\" \/>Las compa\u00f1\u00edas Renal Medical Marketing Limitada y Laboratorios Thani se fusionan para enfocar esfuerzos en el desarrollo de dispositivos m\u00e9dicos de la m\u00e1s alta calidad.\n\t\t\t\t\t<!--\/.Timline-description-->\n\t\t\t<!--\/.Timline-Content-->\n\t\t<\/li>\n\t\t\t\t<li>\n\t\t\t\t\t\t<!--date-->\n\t\t\t\t<!--Timeline-customcontent-->\n\t\t\t\t\t<p><strong>2014<\/strong><\/p>\n\t\t\t\t<!--\/.Timeline-customcontent-->\n\t\t\t<!--\/.date-->\n\t\t\t\t\t\t<!--Timline-Content-->\n\t\t\t\t<!--icon-->\n\t\t\t\t<!--\/.icon-->\n\t\t\t\t\t<!--Timline-Title-->\n\t\t\t\t\t\n\t\t\t\t\t<!--\/.Timline-Title-->\n\t\t\t\t\t<!--Timline-description-->\n\t\t\t\t\t<img loading=\"lazy\" decoding=\"async\" src=\"https:\/\/renal-medical.com\/wp-content\/uploads\/2017\/06\/celta1r.jpg\" alt=\"\" width=\"300\" height=\"200\" \/>Renal Medical se consolida como uno de los proveedores l\u00edderes en el mercado colombiano de concentrados para la terapia renal y establece su sede de 5,000 mts2 en el complejo industrial Celta, uno de los centros industriales m\u00e1s grandes del pa\u00eds. Obtiene adem\u00e1s la certificaci\u00f3n en Capacidad de Almacenamiento y Acondicionamiento de Dispositivos M\u00e9dicos (CCAA).\n\t\t\t\t\t<!--\/.Timline-description-->\n\t\t\t<!--\/.Timline-Content-->\n\t\t<\/li>\n\t\t\t\t<li>\n\t\t\t\t\t\t<!--date-->\n\t\t\t\t<!--Timeline-customcontent-->\n\t\t\t\t\t<p><strong>2015<\/strong><\/p>\n\t\t\t\t<!--\/.Timeline-customcontent-->\n\t\t\t<!--\/.date-->\n\t\t\t\t\t\t<!--Timline-Content-->\n\t\t\t\t<!--icon-->\n\t\t\t\t<!--\/.icon-->\n\t\t\t\t\t<!--Timline-Title-->\n\t\t\t\t\t\n\t\t\t\t\t<!--\/.Timline-Title-->\n\t\t\t\t\t<!--Timline-description-->\n\t\t\t\t\t<img loading=\"lazy\" decoding=\"async\" src=\"https:\/\/renal-medical.com\/wp-content\/uploads\/2017\/06\/celtar2.jpg\" alt=\"\" width=\"300\" height=\"225\" \/>La compa\u00f1\u00eda obtiene en su nueva sede la certificaci\u00f3n de Condiciones\u00a0 Sanitarias para la fabricaci\u00f3n de Dispositivos M\u00e9dicos por parte del INVIMA (Instituto Nacional de Vigilancia de Medicamentos y Alimentos).\n\t\t\t\t\t<!--\/.Timline-description-->\n\t\t\t<!--\/.Timline-Content-->\n\t\t<\/li>\n\t\t\t\t<li>\n\t\t\t\t\t\t<!--date-->\n\t\t\t\t<!--Timeline-customcontent-->\n\t\t\t\t\t<p><strong>2016<\/strong><\/p>\n\t\t\t\t<!--\/.Timeline-customcontent-->\n\t\t\t<!--\/.date-->\n\t\t\t\t\t\t<!--Timline-Content-->\n\t\t\t\t<!--icon-->\n\t\t\t\t<!--\/.icon-->\n\t\t\t\t\t<!--Timline-Title-->\n\t\t\t\t\t\n\t\t\t\t\t<!--\/.Timline-Title-->\n\t\t\t\t\t<!--Timline-description-->\n\t\t\t\t\t<img loading=\"lazy\" decoding=\"async\" src=\"https:\/\/renal-medical.com\/wp-content\/uploads\/2017\/06\/productosr2.jpg\" alt=\"\" width=\"300\" height=\"200\" \/>Luego de consolidarse la compa\u00f1\u00eda centra sus esfuerzos en procesos de innovaci\u00f3n y desarrollo. Actualmente se encuentra ampliando su portafolio de productos propios (l\u00edneas de sangre, jeringas prellenadas, etc.), en proceso de certificaci\u00f3n en las Normas ISO 9001:2015 y en b\u00fasqueda de aliados para su expansi\u00f3n en el mercado latinoamericano.\n\t\t\t\t\t<!--\/.Timline-description-->\n\t\t\t<!--\/.Timline-Content-->\n\t\t<\/li>\n\t\t\t\t<li>\n\t\t\t\t\t\t<!--date-->\n\t\t\t\t<!--Timeline-customcontent-->\n\t\t\t\t\t<p><strong>2017<\/strong><\/p>\n\t\t\t\t<!--\/.Timeline-customcontent-->\n\t\t\t<!--\/.date-->\n\t\t\t\t\t\t<!--Timline-Content-->\n\t\t\t\t<!--icon-->\n\t\t\t\t<!--\/.icon-->\n\t\t\t\t\t<!--Timline-Title-->\n\t\t\t\t\t\n\t\t\t\t\t<!--\/.Timline-Title-->\n\t\t\t\t\t<!--Timline-description-->\n\t\t\t\t\t<img loading=\"lazy\" decoding=\"async\" src=\"https:\/\/renal-medical.com\/wp-content\/uploads\/2017\/06\/logo-nuevor2.jpg\" alt=\"\" width=\"300\" height=\"172\" \/>La compa\u00f1\u00eda cumple en 25 a\u00f1os y busca renovarse. Su nueva imagen transmite la fluidez con la que la empresa trabaja siempre con sus aliados, buscando siempre nuevas soluciones; por su parte la tipolog\u00eda del nombre muestra la solidez y confianza que la Renal Medical demuestra con su experiencia y compromiso. El logo simula adem\u00e1s un acceso vascular insertado en el sistema sangu\u00edneo del paciente, haciendo referencia al mercado central de la organizaci\u00f3n. Esta renovaci\u00f3n busca que tanto al interior como al exterior de la empresa se evidencie un hito lleno de nuevos esfuerzos que se tendr\u00e1 en temas de Innovaci\u00f3n e Investigaci\u00f3n, Mejora Continua y Expansi\u00f3n Internacional de la marca.\n\t\t\t\t\t<!--\/.Timline-description-->\n\t\t\t<!--\/.Timline-Content-->\n\t\t<\/li>\n\t\t\t\t<li>\n\t\t\t\t\t\t<!--date-->\n\t\t\t\t<!--Timeline-customcontent-->\n\t\t\t\t\t<p><strong>2022<\/strong><\/p>\n\t\t\t\t<!--\/.Timeline-customcontent-->\n\t\t\t<!--\/.date-->\n\t\t\t\t\t\t<!--Timline-Content-->\n\t\t\t\t<!--icon-->\n\t\t\t\t<!--\/.icon-->\n\t\t\t\t\t<!--Timline-Title-->\n\t\t\t\t\t\n\t\t\t\t\t<!--\/.Timline-Title-->\n\t\t\t\t\t<!--Timline-description-->\n\t\t\t\t\t<p>La empresa cumple 30 a\u00f1os y lo celebra poniendo \u00e9nfasis en sus procesos de aseguramiento de calidad. Obtiene la certificaci\u00f3n ISO 9001:2015 y ha logrado su objetivo de exportar a otros pa\u00edses de Latinoam\u00e9rica.<\/p>\n\t\t\t\t\t<!--\/.Timline-description-->\n\t\t\t<!--\/.Timline-Content-->\n\t\t<\/li>\n\t\t\t<\/ul>","protected":false},"excerpt":{"rendered":"","protected":false},"author":2,"featured_media":0,"parent":0,"menu_order":0,"comment_status":"closed","ping_status":"closed","template":"","meta":{"footnotes":""},"class_list":["post-111","page","type-page","status-publish","hentry"],"_links":{"self":[{"href":"https:\/\/www.renal-medical.com\/en\/wp-json\/wp\/v2\/pages\/111"}],"collection":[{"href":"https:\/\/www.renal-medical.com\/en\/wp-json\/wp\/v2\/pages"}],"about":[{"href":"https:\/\/www.renal-medical.com\/en\/wp-json\/wp\/v2\/types\/page"}],"author":[{"embeddable":true,"href":"https:\/\/www.renal-medical.com\/en\/wp-json\/wp\/v2\/users\/2"}],"replies":[{"embeddable":true,"href":"https:\/\/www.renal-medical.com\/en\/wp-json\/wp\/v2\/comments?post=111"}],"version-history":[{"count":6,"href":"https:\/\/www.renal-medical.com\/en\/wp-json\/wp\/v2\/pages\/111\/revisions"}],"predecessor-version":[{"id":3424,"href":"https:\/\/www.renal-medical.com\/en\/wp-json\/wp\/v2\/pages\/111\/revisions\/3424"}],"wp:attachment":[{"href":"https:\/\/www.renal-medical.com\/en\/wp-json\/wp\/v2\/media?parent=111"}],"curies":[{"name":"wp","href":"https:\/\/api.w.org\/{rel}","templated":true}]}}