{"id":122,"date":"2017-06-11T21:24:33","date_gmt":"2017-06-12T02:24:33","guid":{"rendered":"http:\/\/renalbeta1.eshost.com.ar\/wp\/?page_id=122"},"modified":"2021-12-18T17:33:52","modified_gmt":"2021-12-18T22:33:52","slug":"concentrados-basicos","status":"publish","type":"page","link":"https:\/\/www.renal-medical.com\/en\/concentrados-basicos\/","title":{"rendered":"Concentrados b\u00e1sicos"},"content":{"rendered":"<p>[mk_page_section sidebar=&#8221;sidebar-1&#8243;][vc_column width=&#8221;1\/6&#8243;][\/vc_column][vc_column width=&#8221;2\/3&#8243;][vc_column_text]<\/p>\n<h3 style=\"text-align: center;\"><span style=\"color: #00126d;\">Concentrado B\u00e1sico en Polvo<\/span><\/h3>\n<p>Los concentrados b\u00e1sicos manufacturados por Renal Medical son una opci\u00f3n de calidad para las terapias de di\u00e1lisis a base de Bicarbonato. Nuestros concentrados est\u00e1n especialmente dise\u00f1ados para garantizar la correcci\u00f3n de la acidosis metab\u00f3lica asociada a la insuficiencia renal y proveer, junto con nuestros concentrados \u00e1cidos, los electrolitos necesarios para el paciente (Registro INVIMA 2011 DM-0008231)<\/p>\n<h4><span style=\"color: #657db9;\"><img fetchpriority=\"high\" decoding=\"async\" class=\"alignright wp-image-1795 size-medium\" src=\"https:\/\/www.renal-medical.com\/wp-content\/uploads\/2021\/12\/cartucho-300x275.png\" alt=\"\" width=\"300\" height=\"275\" srcset=\"https:\/\/www.renal-medical.com\/wp-content\/uploads\/2021\/12\/cartucho-300x275.png 300w, https:\/\/www.renal-medical.com\/wp-content\/uploads\/2021\/12\/cartucho.png 500w\" sizes=\"(max-width: 300px) 100vw, 300px\" \/>CARTUCHO SUKSES<\/span><\/h4>\n<p>El nuevo integrante de la familia de concentrado SUKSES\u00ae es una nueva presentaci\u00f3n de Bicarbonato de Sodio, fabricado por primera vez en Colombia para satisfacer las necesidades de las cl\u00ednicas de di\u00e1lisis.<\/p>\n<p>El nuevo cartucho de bicarbonato SUKSES\u00ae le permite trabajar con el Bicarbonato de Sodio de manera que el propio equipo realiza la disoluci\u00f3n simplificando el trabajo de su personal, evitando procesos de sanitizaci\u00f3n de anillos y garantizando la pureza de su concentrado b\u00e1sico. Evite riesgos de contaminaci\u00f3n, garantizando la calidad del tratamiento.<\/p>\n<p>Con el equipo apropiado, la m\u00e1quina de di\u00e1lisis de manera aut\u00f3noma, proporcionar\u00e1 el agua requerida dentro del cartucho a fin de formar &#8220;in situ&#8221; una soluci\u00f3n saturada de Bicarbonato de Sodio, que se mezclar\u00e1 en la proporci\u00f3n \u00f3ptima con el concentrado \u00e1cido SUKSES\u00ae, preparado en su instalaci\u00f3n o l\u00edquido, dentro de su equipo. El cartucho adem\u00e1s es uno de nuestrosproductos m\u00e1s vers\u00e1tiles ya que funciona perfectamente con m\u00e1quinas 35X y 45X.<\/p>\n<p>No dude en preguntar por las diferentes versiones de cartuchos que estamos desarrollando o podr\u00edamos desarrollar para las necesidades de su instituci\u00f3n.<\/p>\n<h5>CONCENTRADO PARA M\u00c1QUINA 35X:<\/h5>\n<ul>\n<li>1 parte de SUKSES AP-35X o SUKSES AL-35X (meq\/L)<\/li>\n<li>1 CARTUCHO SUKSES (550 g)<\/li>\n<li>32,775 partes de agua calidad AAMI (meq\/L)<\/li>\n<\/ul>\n<h5>CONCENTRADO PARA M\u00c1QUINA 45X:<\/h5>\n<ul>\n<li>1 parte de SUKSES AP-45X o SUKSES AL-45X (meq\/L)<\/li>\n<li>1 CARTUCHO SUKSES (550 g)<\/li>\n<li>42,28 partes de agua calidad AAMI (meq\/L)<\/li>\n<\/ul>\n<h5>Presentaciones<\/h5>\n<p>Ofrecemos cartuchos de:<\/p>\n<ul>\n<li>550 g.<\/li>\n<li>Presentaci\u00f3n de 930 g. (Para dos tratamientos) (Pr\u00f3ximamente)<\/li>\n<\/ul>\n<p>[\/vc_column_text][\/vc_column][vc_column width=&#8221;1\/6&#8243;][\/vc_column][\/mk_page_section][vc_row][vc_column][vc_separator color=&#8221;custom&#8221; border_width=&#8221;2&#8243; css=&#8221;.vc_custom_1501892941632{padding-bottom: 10px !important;}&#8221; accent_color=&#8221;#5c79bb&#8221;][\/vc_column][\/vc_row][vc_row][vc_column width=&#8221;1\/6&#8243;][\/vc_column][vc_column width=&#8221;2\/3&#8243;][vc_column_text]<\/p>\n<h4 style=\"text-align: left;\"><span style=\"color: #657db9;\"><img decoding=\"async\" class=\"alignright wp-image-1799 size-medium\" src=\"https:\/\/www.renal-medical.com\/wp-content\/uploads\/2021\/12\/bp-300x272.png\" alt=\"\" width=\"300\" height=\"272\" srcset=\"https:\/\/www.renal-medical.com\/wp-content\/uploads\/2021\/12\/bp-300x272.png 300w, https:\/\/www.renal-medical.com\/wp-content\/uploads\/2021\/12\/bp.png 500w\" sizes=\"(max-width: 300px) 100vw, 300px\" \/>SUKSES BP<\/span><\/h4>\n<p>El concentrado en polvo SUKSES BP es la mejor soluci\u00f3n para la hidrataci\u00f3n al momento del tratamiento. Esta soluci\u00f3n para reconstrucci\u00f3n es la adecuada para las m\u00e1quinas 36,83X; tenga en cuenta las siguientes indicaciones al momento de la preparaci\u00f3n:<\/p>\n<h5>CONCENTRADO PARA M\u00c1QUINA 36,83X:<\/h5>\n<ul>\n<li>1 parte de SUKSES AP o SUKSES AL (meq\/L)<\/li>\n<li>1,83 partes de SUKSES BP (meq\/L)<\/li>\n<li>34 partes de agua calidad AAMI (meq\/L)<\/li>\n<\/ul>\n<h5>Presentaciones<\/h5>\n<ul>\n<li>Caja X 2 bolsas cada una de 8,47 Kg.<\/li>\n<li>Caja x 25 bolsas cada una de 677,65 g.<\/li>\n<\/ul>\n<p>[\/vc_column_text][\/vc_column][vc_column width=&#8221;1\/6&#8243;][\/vc_column][\/vc_row][vc_row][vc_column][vc_separator color=&#8221;custom&#8221; border_width=&#8221;2&#8243; css=&#8221;.vc_custom_1501892953805{padding-top: 40px !important;padding-bottom: 10px !important;}&#8221; accent_color=&#8221;#5c79bb&#8221;][\/vc_column][\/vc_row][vc_row][vc_column width=&#8221;1\/6&#8243;][\/vc_column][vc_column width=&#8221;2\/3&#8243;][vc_column_text]<\/p>\n<h4 style=\"text-align: left;\"><span style=\"color: #657db9;\"><img decoding=\"async\" class=\"wp-image-807 size-medium alignright\" src=\"https:\/\/nuevaweb.renal-medical.com\/wp1\/wp-content\/uploads\/2017\/06\/sukses-bp-foto-stroke-300x143.jpg\" alt=\"\" width=\"300\" height=\"143\" srcset=\"https:\/\/www.renal-medical.com\/wp-content\/uploads\/2017\/06\/sukses-bp-foto-stroke-300x143.jpg 300w, https:\/\/www.renal-medical.com\/wp-content\/uploads\/2017\/06\/sukses-bp-foto-stroke.jpg 600w\" sizes=\"(max-width: 300px) 100vw, 300px\" \/>SUKSES BP-35X<\/span><\/h4>\n<p>Garantice la mejor calidad de tratamiento y ahorre en costos al disminuir en consumo con nuestra soluci\u00f3n para m\u00e1quinas 35X. Nuestra combinaci\u00f3n de SUKSES BP-35X y SUKSES AP-35X garantiza los mejores resultados mientras minimiza las necesidades de espacio en sus instalaciones y consumo de agua:<\/p>\n<h5>CONCENTRADO PARA M\u00c1QUINA 35X:<\/h5>\n<ul>\n<li>1 parte de SUKSES AP-35X (meq\/L)<\/li>\n<li>1,225 partes de SUKSES BP-35X (meq\/L)<\/li>\n<li>32,775 partes de agua calidad AAMI (meq\/L)<\/li>\n<\/ul>\n<h5>Presentaciones<\/h5>\n<p>Caja x 2 bolsas para hidratar 100 litros cada una.<\/p>\n<p>[\/vc_column_text][\/vc_column][vc_column width=&#8221;1\/6&#8243;][\/vc_column][\/vc_row][vc_row][vc_column][vc_separator color=&#8221;custom&#8221; border_width=&#8221;2&#8243; css=&#8221;.vc_custom_1501892966055{padding-top: 40px !important;padding-bottom: 10px !important;}&#8221; accent_color=&#8221;#5c79bb&#8221;][\/vc_column][\/vc_row][vc_row][vc_column width=&#8221;1\/6&#8243;][\/vc_column][vc_column width=&#8221;2\/3&#8243;][vc_column_text]<\/p>\n<h4><span style=\"color: #657db9;\">SUKSES BP-45X<\/span><\/h4>\n<p>Ofrecemos soluciones espec\u00edficas para su tratamiento con m\u00e1quinas 45X. Tenga en cuenta las siguientes indicaciones:<\/p>\n<h5>CONCENTRADO PARA M\u00c1QUINA 45X:<\/h5>\n<ul>\n<li>1 parte de SUKSES AP-45X o SUKSES AL-45X (meq\/L)<\/li>\n<li>1,72 partes de SUKSES BP-45X (meq\/L)<\/li>\n<li>42,28 partes de agua calidad AAMI (meq\/L)<\/li>\n<\/ul>\n<p>Los concentrados b\u00e1sicos manufacturados por Renal Medical son una opci\u00f3n de calidad para las terapias de di\u00e1lisis a base de Bicarbonato. Nuestros concentrados est\u00e1n especialmente dise\u00f1ados para garantizar la correcci\u00f3n de la acidosis metab\u00f3lica asociada a la insuficiencia renal y proveer, junto con nuestros concentrados \u00e1cidos, los electrolitos necesarios para el paciente (Registro INVIMA 2011 DM-0008231)[\/vc_column_text][\/vc_column][vc_column width=&#8221;1\/6&#8243;][\/vc_column][\/vc_row][vc_row][vc_column][vc_separator color=&#8221;custom&#8221; border_width=&#8221;3&#8243; css=&#8221;.vc_custom_1501892993439{padding-top: 40px !important;padding-bottom: 10px !important;}&#8221; accent_color=&#8221;#271d67&#8243;][\/vc_column][\/vc_row][vc_row][vc_column width=&#8221;1\/6&#8243;][\/vc_column][vc_column width=&#8221;2\/3&#8243;][vc_column_text]<\/p>\n<h3 style=\"text-align: center;\"><span style=\"color: #00126d;\">Concentrado B\u00e1sico L\u00edquido<\/span><\/h3>\n<p>&nbsp;<\/p>\n<p>Los concentrados b\u00e1sicos l\u00edquidos de Renal Medical, son la soluci\u00f3n lista para uso enfocada en solucionar los procesos de acidosis metab\u00f3lica a los que se enfrentan los pacientes con Insuficiencia renal. Nuestros concentrados siguen las t\u00e9cnicas m\u00e1s recientes para los tratamientos y se encuentran dise\u00f1ados a base de Bicarbonato de sodio y cloruro de sodio.<\/p>\n<h4><span style=\"color: #657db9;\"><img loading=\"lazy\" decoding=\"async\" class=\"wp-image-1803 size-medium alignright\" src=\"https:\/\/www.renal-medical.com\/wp-content\/uploads\/2021\/12\/bl-300x247.png\" alt=\"\" width=\"300\" height=\"247\" srcset=\"https:\/\/www.renal-medical.com\/wp-content\/uploads\/2021\/12\/bl-300x247.png 300w, https:\/\/www.renal-medical.com\/wp-content\/uploads\/2021\/12\/bl.png 500w\" sizes=\"(max-width: 300px) 100vw, 300px\" \/>SUKSES BL<\/span><\/h4>\n<p>El componente b\u00e1sico de nuestra soluci\u00f3n de concentrados funciona perfectamente con m\u00e1quinas 36,83X. El concentrado SUKSES BL es adem\u00e1s totalmente compatible con nuestras soluciones \u00e1cidas l\u00edquidas (SUKSES AL) o en polvo (SUKSES AP, SUKSES AP LEMON) ofreci\u00e9ndole mayor versatilidad de acuerdo a las necesidades de sus instalaciones.<\/p>\n<h5>CONCENTRADO PARA M\u00c1QUINA 36,83X:<\/h5>\n<ul>\n<li>1 parte de SUKSES AP o SUKSES AL (meq\/L)<\/li>\n<li>1,83 partes de SUKSES BP (meq\/L)<\/li>\n<li>34 partes de agua calidad AAMI (meq\/L)<\/li>\n<\/ul>\n<h5>Presentaciones<\/h5>\n<p>Caja con 4 garrafas cada una de un gal\u00f3n.[\/vc_column_text][\/vc_column][vc_column width=&#8221;1\/6&#8243;][\/vc_column][\/vc_row]<\/p>","protected":false},"excerpt":{"rendered":"<p>[mk_page_section sidebar=&#8221;sidebar-1&#8243;][vc_column width=&#8221;1\/6&#8243;][\/vc_column][vc_column width=&#8221;2\/3&#8243;][vc_column_text] Concentrado B\u00e1sico en Polvo Los concentrados b\u00e1sicos manufacturados por Renal Medical son una opci\u00f3n de calidad para las terapias de di\u00e1lisis a base de Bicarbonato. Nuestros concentrados est\u00e1n especialmente dise\u00f1ados para garantizar la correcci\u00f3n de la acidosis metab\u00f3lica asociada a la insuficiencia renal y proveer, junto con nuestros concentrados \u00e1cidos, los [&hellip;]<\/p>","protected":false},"author":2,"featured_media":0,"parent":0,"menu_order":0,"comment_status":"closed","ping_status":"closed","template":"","meta":{"footnotes":""},"class_list":["post-122","page","type-page","status-publish","hentry"],"_links":{"self":[{"href":"https:\/\/www.renal-medical.com\/en\/wp-json\/wp\/v2\/pages\/122"}],"collection":[{"href":"https:\/\/www.renal-medical.com\/en\/wp-json\/wp\/v2\/pages"}],"about":[{"href":"https:\/\/www.renal-medical.com\/en\/wp-json\/wp\/v2\/types\/page"}],"author":[{"embeddable":true,"href":"https:\/\/www.renal-medical.com\/en\/wp-json\/wp\/v2\/users\/2"}],"replies":[{"embeddable":true,"href":"https:\/\/www.renal-medical.com\/en\/wp-json\/wp\/v2\/comments?post=122"}],"version-history":[{"count":0,"href":"https:\/\/www.renal-medical.com\/en\/wp-json\/wp\/v2\/pages\/122\/revisions"}],"wp:attachment":[{"href":"https:\/\/www.renal-medical.com\/en\/wp-json\/wp\/v2\/media?parent=122"}],"curies":[{"name":"wp","href":"https:\/\/api.w.org\/{rel}","templated":true}]}}