{"id":125,"date":"2017-06-11T21:24:33","date_gmt":"2017-06-11T21:24:33","guid":{"rendered":"http:\/\/renalbeta1.eshost.com.ar\/wp\/?page_id=125"},"modified":"2021-12-21T22:28:23","modified_gmt":"2021-12-22T03:28:23","slug":"cateteres","status":"publish","type":"page","link":"https:\/\/www.renal-medical.com\/en\/cateteres\/","title":{"rendered":"Cat\u00e9teres"},"content":{"rendered":"<p>[mk_page_section sidebar=&#8221;sidebar-1&#8243;][vc_column width=&#8221;1\/6&#8243;][\/vc_column][vc_column width=&#8221;2\/3&#8243;][vc_column_text]El cateterismo se ha convertido en la segunda opci\u00f3n para acceder al flujo sangu\u00edneo del paciente en proceso de di\u00e1lisis luego del acceso por f\u00edstula. Ya sea que el paciente no pueda formar una f\u00edstula intravenosa por caracter\u00edsticas particulares de sus capilares, que se encuentre en el proceso de desarrollo de la f\u00edstula o que su tratamiento sea de emergencia por una falla moment\u00e1nea, el m\u00e9todo adecuado de acceso es la inserci\u00f3n de un cat\u00e9ter.<\/p>\n<p>El cat\u00e9ter se conecta directamente a capilares centrales como la v\u00eda yugular, la subclavia o la femoral; el acceso puede generarse superficialmente o a trav\u00e9s de una intervenci\u00f3n quir\u00fargica m\u00e1s avanzada dependiendo del tiempo de utilizaci\u00f3n. El amplio portafolio de cat\u00e9teres que ofrece <strong>Renal Medical<\/strong> a trav\u00e9s de la marca <strong>SUKSES <\/strong>es\u00a0la soluci\u00f3n que usted necesita para sus tratamientos temporales o rutinarios, con opciones que maximizan la flexibilidad del dispositivo y minimizan el movimiento para disminuir riesgos de infecci\u00f3n.<\/p>\n<h4><span style=\"color: #657db9;\"><img fetchpriority=\"high\" decoding=\"async\" class=\"alignright wp-image-2137 size-medium\" src=\"https:\/\/www.renal-medical.com\/wp-content\/uploads\/2021\/12\/cateter-para-hemodialisis-199x300.png\" alt=\"\" width=\"199\" height=\"300\" srcset=\"https:\/\/www.renal-medical.com\/wp-content\/uploads\/2021\/12\/cateter-para-hemodialisis-199x300.png 199w, https:\/\/www.renal-medical.com\/wp-content\/uploads\/2021\/12\/cateter-para-hemodialisis.png 331w\" sizes=\"(max-width: 199px) 100vw, 199px\" \/> Cat\u00e9teres para hemodi\u00e1lisis aguda.<\/span><\/h4>\n<p>&nbsp;<\/p>\n<h5>Funcionalidad<\/h5>\n<p>Fabricados en poliuretano termosensible, ofrecen gran suavidad reduciendo la posibilidad de una estenosis y la erosi\u00f3n del vaso causada por la dureza de los cat\u00e9teres convencionales. Combinan su suavidad con una punta flexible para ofrecer los m\u00e1s altos beneficios al ser instalados por la t\u00e9cnica de Seldinger. Recomendados para uso durante cortos per\u00edodos de tiempo especiales para terapias de emergencia o mientras se desarrolla el acceso vascular por f\u00edstula.<\/p>\n<h5>\u00a0Especificaciones y Presentaciones<\/h5>\n<p>El equipo percut\u00e1neo incluye:<\/p>\n<ul>\n<li>Aguja introductora<\/li>\n<li>Sistema de extravasaci\u00f3n<\/li>\n<li>Dilatador o introductor<\/li>\n<li>Gu\u00eda de alambre en acero inoxidable con punta en J<\/li>\n<li>Jeringa de 5cc<\/li>\n<\/ul>\n<p>Ofrecemos cat\u00e9teres en las siguientes presentaciones:<\/p>\n<h5><img decoding=\"async\" class=\"alignnone wp-image-2138\" src=\"https:\/\/www.renal-medical.com\/wp-content\/uploads\/2021\/12\/referencias-cateteres-300x269.png\" alt=\"\" width=\"250\" height=\"225\" srcset=\"https:\/\/www.renal-medical.com\/wp-content\/uploads\/2021\/12\/referencias-cateteres-300x269.png 300w, https:\/\/www.renal-medical.com\/wp-content\/uploads\/2021\/12\/referencias-cateteres.png 500w\" sizes=\"(max-width: 250px) 100vw, 250px\" \/><\/h5>\n<p>[\/vc_column_text][\/vc_column][vc_column width=&#8221;1\/6&#8243;][\/vc_column][\/mk_page_section]<\/p>","protected":false},"excerpt":{"rendered":"<p>[mk_page_section sidebar=&#8221;sidebar-1&#8243;][vc_column width=&#8221;1\/6&#8243;][\/vc_column][vc_column width=&#8221;2\/3&#8243;][vc_column_text]El cateterismo se ha convertido en la segunda opci\u00f3n para acceder al flujo sangu\u00edneo del paciente en proceso de di\u00e1lisis luego del acceso por f\u00edstula. Ya sea que el paciente no pueda formar una f\u00edstula intravenosa por caracter\u00edsticas particulares de sus capilares, que se encuentre en el proceso de desarrollo de la [&hellip;]<\/p>","protected":false},"author":2,"featured_media":0,"parent":0,"menu_order":0,"comment_status":"closed","ping_status":"closed","template":"","meta":{"footnotes":""},"class_list":["post-125","page","type-page","status-publish","hentry"],"_links":{"self":[{"href":"https:\/\/www.renal-medical.com\/en\/wp-json\/wp\/v2\/pages\/125"}],"collection":[{"href":"https:\/\/www.renal-medical.com\/en\/wp-json\/wp\/v2\/pages"}],"about":[{"href":"https:\/\/www.renal-medical.com\/en\/wp-json\/wp\/v2\/types\/page"}],"author":[{"embeddable":true,"href":"https:\/\/www.renal-medical.com\/en\/wp-json\/wp\/v2\/users\/2"}],"replies":[{"embeddable":true,"href":"https:\/\/www.renal-medical.com\/en\/wp-json\/wp\/v2\/comments?post=125"}],"version-history":[{"count":3,"href":"https:\/\/www.renal-medical.com\/en\/wp-json\/wp\/v2\/pages\/125\/revisions"}],"predecessor-version":[{"id":2140,"href":"https:\/\/www.renal-medical.com\/en\/wp-json\/wp\/v2\/pages\/125\/revisions\/2140"}],"wp:attachment":[{"href":"https:\/\/www.renal-medical.com\/en\/wp-json\/wp\/v2\/media?parent=125"}],"curies":[{"name":"wp","href":"https:\/\/api.w.org\/{rel}","templated":true}]}}