{"id":136,"date":"2017-06-11T21:25:26","date_gmt":"2017-06-12T02:25:26","guid":{"rendered":"http:\/\/renalbeta1.eshost.com.ar\/wp\/?page_id=136"},"modified":"2021-12-18T18:16:41","modified_gmt":"2021-12-18T23:16:41","slug":"agujas-para-fistula","status":"publish","type":"page","link":"https:\/\/www.renal-medical.com\/en\/agujas-para-fistula\/","title":{"rendered":"Agujas para fistula"},"content":{"rendered":"<p>[mk_page_section sidebar=&#8221;sidebar-1&#8243;][vc_column width=&#8221;1\/6&#8243;][\/vc_column][vc_column width=&#8221;2\/3&#8243;][vc_column_text]<img fetchpriority=\"high\" decoding=\"async\" class=\"aligncenter wp-image-1821 size-full\" src=\"https:\/\/www.renal-medical.com\/wp-content\/uploads\/2021\/12\/aguja-fistula.png\" alt=\"\" width=\"500\" height=\"331\" srcset=\"https:\/\/www.renal-medical.com\/wp-content\/uploads\/2021\/12\/aguja-fistula.png 500w, https:\/\/www.renal-medical.com\/wp-content\/uploads\/2021\/12\/aguja-fistula-300x199.png 300w\" sizes=\"(max-width: 500px) 100vw, 500px\" \/>El acceso adecuado al flujo sangu\u00edneo del paciente para el proceso de limpieza es uno de los puntos cr\u00edticos del tratamiento. La formaci\u00f3n de una f\u00edstula arterio-venosa, al juntar una vena y una arteria del paciente, aumenta el flujo y resistencia de los capilares en el \u00e1rea intervenida. Las agujas para f\u00edstula se insertan directamente en el capilar reforzado obteniendo un acceso f\u00e1cil y menos traum\u00e1tico para el paciente. El acceso a trav\u00e9s de f\u00edstula es el procedimiento predilecto para acceder al torrente sangu\u00edneo del paciente.<\/p>\n<p>Las agujas de f\u00edstula deben garantizar no solamente la salida del flujo sangu\u00edneo de manera constante y con el flujo adecuado para el proceso osm\u00f3tico que se da en el dializador, sino tener las caracter\u00edsticas necesarias para garantizar una inserci\u00f3n r\u00e1pida y f\u00e1cil. Las soluciones que se han desarrollado para Renal Medical, cuentan con agujas de gran resistencia que garantizan, al tratante, un control total en la inserci\u00f3n y adem\u00e1s las caracter\u00edsticas necesarias tanto en materiales como en sistemas de control para la extracci\u00f3n e inserci\u00f3n de la sangre en la medida necesaria.<\/p>\n<h4><span style=\"color: #657db9;\">\u00a0SUKSES\u00a0<\/span><\/h4>\n<p>Aguja de pared ultra delgada perfectamente siliconizada\u00a0 para hacerla m\u00e1s lisa, garantizando una inserci\u00f3n no dolorosa. Alas rugosas que permiten un agarre seguro y total control, con un manejo c\u00f3modo durante la inserci\u00f3n de la aguja. Las agujas para f\u00edstula arterio-venosa marca SUKSES\u00ae, cuentan con alas giratorias para mayor comodidad, con clamp y con ojo posterior. Manufacturadas en cloruro de polivinilo grado m\u00e9dico dando a su vez flexibilidad y resistencia, con componentes en polipropileno y poliestireno y aguja en acero inoxidable.<\/p>\n<h5>\u00a0Presentaciones<\/h5>\n<p>Contamos con agujas de:<\/p>\n<ul>\n<li>15G: BT-110 SERIES<\/li>\n<li>16G: BT-111 SERIES<\/li>\n<li>17G: BT-112 SERIES<\/li>\n<\/ul>\n<p>[\/vc_column_text][\/vc_column][vc_column width=&#8221;1\/6&#8243;][\/vc_column][\/mk_page_section]<\/p>","protected":false},"excerpt":{"rendered":"<p>[mk_page_section sidebar=&#8221;sidebar-1&#8243;][vc_column width=&#8221;1\/6&#8243;][\/vc_column][vc_column width=&#8221;2\/3&#8243;][vc_column_text]El acceso adecuado al flujo sangu\u00edneo del paciente para el proceso de limpieza es uno de los puntos cr\u00edticos del tratamiento. La formaci\u00f3n de una f\u00edstula arterio-venosa, al juntar una vena y una arteria del paciente, aumenta el flujo y resistencia de los capilares en el \u00e1rea intervenida. Las agujas para f\u00edstula [&hellip;]<\/p>","protected":false},"author":2,"featured_media":0,"parent":0,"menu_order":0,"comment_status":"closed","ping_status":"closed","template":"","meta":{"footnotes":""},"class_list":["post-136","page","type-page","status-publish","hentry"],"_links":{"self":[{"href":"https:\/\/www.renal-medical.com\/en\/wp-json\/wp\/v2\/pages\/136"}],"collection":[{"href":"https:\/\/www.renal-medical.com\/en\/wp-json\/wp\/v2\/pages"}],"about":[{"href":"https:\/\/www.renal-medical.com\/en\/wp-json\/wp\/v2\/types\/page"}],"author":[{"embeddable":true,"href":"https:\/\/www.renal-medical.com\/en\/wp-json\/wp\/v2\/users\/2"}],"replies":[{"embeddable":true,"href":"https:\/\/www.renal-medical.com\/en\/wp-json\/wp\/v2\/comments?post=136"}],"version-history":[{"count":0,"href":"https:\/\/www.renal-medical.com\/en\/wp-json\/wp\/v2\/pages\/136\/revisions"}],"wp:attachment":[{"href":"https:\/\/www.renal-medical.com\/en\/wp-json\/wp\/v2\/media?parent=136"}],"curies":[{"name":"wp","href":"https:\/\/api.w.org\/{rel}","templated":true}]}}