{"id":148,"date":"2017-06-11T21:28:53","date_gmt":"2017-06-11T21:28:53","guid":{"rendered":"http:\/\/renalbeta1.eshost.com.ar\/wp\/?page_id=148"},"modified":"2021-12-18T18:49:09","modified_gmt":"2021-12-18T23:49:09","slug":"lineas-arterio-venosas-para-hemodialisis","status":"publish","type":"page","link":"https:\/\/www.renal-medical.com\/en\/lineas-arterio-venosas-para-hemodialisis\/","title":{"rendered":"L\u00edneas arterio-venosas para hemodi\u00e1lisis"},"content":{"rendered":"<p>[vc_row][vc_column width=&#8221;1\/6&#8243;][\/vc_column][vc_column width=&#8221;2\/3&#8243;][vc_column_text]El flujo adecuado de la sangre del paciente a trav\u00e9s del sistema de dializado es clave para garantizar la calidad del tratamiento. El flujo debe ser constante y en la velocidad adecuada para que el intercambio de solutos se de en su totalidad, pero reduciendo al m\u00e1ximo la duraci\u00f3n del tratamiento. Renal Medical ha desarrollado conexiones intravenosas de alta calidad que garantizan el flujo y las condiciones de sanidad necesarias para el \u00e9xito de la di\u00e1lisis<\/p>\n<h4 style=\"text-align: left;\"><span style=\"color: #657db9;\">SUKSES\u00ae<img fetchpriority=\"high\" decoding=\"async\" class=\"alignright wp-image-1826 size-medium\" src=\"https:\/\/www.renal-medical.com\/wp-content\/uploads\/2021\/12\/kit-desconexion-265x300.png\" alt=\"\" width=\"265\" height=\"300\" srcset=\"https:\/\/www.renal-medical.com\/wp-content\/uploads\/2021\/12\/kit-desconexion-265x300.png 265w, https:\/\/www.renal-medical.com\/wp-content\/uploads\/2021\/12\/kit-desconexion.png 500w\" sizes=\"(max-width: 265px) 100vw, 265px\" \/><\/span><\/h4>\n<p>Las l\u00edneas de sangre para hemodi\u00e1lisis marca SUKSES\u00ae, est\u00e1n especialmente dise\u00f1adas para ajustarse a su m\u00e1quina de hemodi\u00e1lisis. Han sido inspeccionadas y aprobadas una a una y sus sitios de inyecci\u00f3n son libres de l\u00e1tex. Cuentan con conector de agarre en forma de ala que asegura que el cierre sea de seguridad para los puertos del dializador. Las tapas pueden ser utilizadas como tapas de seguridad en el dializador.[\/vc_column_text][\/vc_column][vc_column width=&#8221;1\/6&#8243;][\/vc_column][\/vc_row]<\/p>","protected":false},"excerpt":{"rendered":"<p>[vc_row][vc_column width=&#8221;1\/6&#8243;][\/vc_column][vc_column width=&#8221;2\/3&#8243;][vc_column_text]El flujo adecuado de la sangre del paciente a trav\u00e9s del sistema de dializado es clave para garantizar la calidad del tratamiento. El flujo debe ser constante y en la velocidad adecuada para que el intercambio de solutos se de en su totalidad, pero reduciendo al m\u00e1ximo la duraci\u00f3n del tratamiento. Renal Medical [&hellip;]<\/p>","protected":false},"author":2,"featured_media":0,"parent":0,"menu_order":0,"comment_status":"closed","ping_status":"closed","template":"","meta":{"footnotes":""},"class_list":["post-148","page","type-page","status-publish","hentry"],"_links":{"self":[{"href":"https:\/\/www.renal-medical.com\/en\/wp-json\/wp\/v2\/pages\/148"}],"collection":[{"href":"https:\/\/www.renal-medical.com\/en\/wp-json\/wp\/v2\/pages"}],"about":[{"href":"https:\/\/www.renal-medical.com\/en\/wp-json\/wp\/v2\/types\/page"}],"author":[{"embeddable":true,"href":"https:\/\/www.renal-medical.com\/en\/wp-json\/wp\/v2\/users\/2"}],"replies":[{"embeddable":true,"href":"https:\/\/www.renal-medical.com\/en\/wp-json\/wp\/v2\/comments?post=148"}],"version-history":[{"count":0,"href":"https:\/\/www.renal-medical.com\/en\/wp-json\/wp\/v2\/pages\/148\/revisions"}],"wp:attachment":[{"href":"https:\/\/www.renal-medical.com\/en\/wp-json\/wp\/v2\/media?parent=148"}],"curies":[{"name":"wp","href":"https:\/\/api.w.org\/{rel}","templated":true}]}}