{"id":150,"date":"2017-06-11T21:28:53","date_gmt":"2017-06-11T21:28:53","guid":{"rendered":"http:\/\/renalbeta1.eshost.com.ar\/wp\/?page_id=150"},"modified":"2020-04-25T21:22:50","modified_gmt":"2020-04-26T02:22:50","slug":"kits-de-conexiondesconexion","status":"publish","type":"page","link":"https:\/\/www.renal-medical.com\/en\/kits-de-conexiondesconexion\/","title":{"rendered":"Kits de Conexi\u00f3n\/Desconexi\u00f3n"},"content":{"rendered":"<p>[mk_page_section sidebar=&#8221;sidebar-1&#8243;][vc_column width=&#8221;1\/6&#8243;][\/vc_column][vc_column width=&#8221;2\/3&#8243;][vc_column_text]Encuentre todo el material necesario para el proceso de conexi\u00f3n o desconexi\u00f3n en sus terapias de di\u00e1lisis en un solo lugar. Nuestros Kits de Conexi\u00f3n y Desconexi\u00f3n de f\u00edstula y cat\u00e9ter le permiten tener todo en el mismo lugar, minimizando desperdicios, p\u00e9rdidas, gasto en tiempo y garantizando la mejor calidad. (Descargue el folleto de nuestros kits ac\u00e1).<\/p>\n<h4><span style=\"color: #657db9;\">Kits para Cat\u00e9ter<img fetchpriority=\"high\" decoding=\"async\" class=\"size-medium wp-image-902 alignright\" src=\"https:\/\/nuevaweb.renal-medical.com\/wp1\/wp-content\/uploads\/2017\/06\/kcateter-2-300x200.jpg\" alt=\"\" width=\"300\" height=\"200\" srcset=\"https:\/\/www.renal-medical.com\/wp-content\/uploads\/2017\/06\/kcateter-2-300x200.jpg 300w, https:\/\/www.renal-medical.com\/wp-content\/uploads\/2017\/06\/kcateter-2.jpg 600w\" sizes=\"(max-width: 300px) 100vw, 300px\" \/><\/span><\/h4>\n<p>Kit completo dise\u00f1ado espec\u00edficamente para los pacientes con acceso vascular por cat\u00e9ter. El kit cuenta con todos los elementos as\u00e9pticos necesarios para mantener la buena salud del paciente. Aunque contamos con soluciones est\u00e1ndar nuestros productos son lo suficientemente flexibles para adaptarse a las particularidades de su instituci\u00f3n; comun\u00edquese con nuestro equipo comercial para planear el dise\u00f1o de su kit especializado.<\/p>\n<h4><span style=\"color: #657db9;\">Kit de cat\u00e9ter est\u00e1ndar sukses<\/span><\/h4>\n<h5>Conexi\u00f3n<\/h5>\n<ul>\n<li>Guante est\u00e9ril y de examen<\/li>\n<li>Corte de fixo<\/li>\n<li>Tapabocas el\u00e1stico<\/li>\n<li>Campo fenestrado est\u00e9ril<\/li>\n<li>Jeringa de 5 ml.<\/li>\n<li>Toallas de limpieza<\/li>\n<\/ul>\n<h5>Desconexi\u00f3n<\/h5>\n<ul>\n<li>Guante est\u00e9ril y de examen<\/li>\n<li>Corte de fixo<\/li>\n<li>Tap\u00f3n para puerto de inyecci\u00f3n<\/li>\n<li>Toallas de limpieza<\/li>\n<\/ul>\n<p>[\/vc_column_text][\/vc_column][vc_column width=&#8221;1\/6&#8243;][\/vc_column][\/mk_page_section][vc_row][vc_column][vc_separator color=&#8221;custom&#8221; border_width=&#8221;2&#8243; accent_color=&#8221;#5c79bb&#8221;][\/vc_column][\/vc_row][mk_page_section sidebar=&#8221;sidebar-1&#8243;][vc_column width=&#8221;1\/6&#8243;][\/vc_column][vc_column width=&#8221;2\/3&#8243;][vc_column_text]<\/p>\n<h4><span style=\"color: #657db9;\">Kits para F\u00edstula<\/span><\/h4>\n<p>Kit sencillo y dise\u00f1ado para la conexi\u00f3n por f\u00edstula. Encuentre r\u00e1pidamente los elementos necesarios para maximizar la comodidad del paciente antes y al finalizar el tratamiento. Aunque contamos con soluciones est\u00e1ndar nuestros productos son lo suficientemente flexibles para adaptarse a las particularidades de su instituci\u00f3n; comun\u00edquese con nuestro equipo comercial para planear el dise\u00f1o de su kit especializado.<\/p>\n<h4><span style=\"color: #657db9;\">Kit de F\u00edstula est\u00e1ndar sukses<\/span><\/h4>\n<h5>Conexi\u00f3n<\/h5>\n<ul>\n<li>Guante de examen<\/li>\n<li>Campo liso<\/li>\n<li>Toalla de limpieza<\/li>\n<\/ul>\n<h5>Desconexi\u00f3n<\/h5>\n<ul>\n<li>Guante de examen<\/li>\n<li>Gasa est\u00e9ril<\/li>\n<li>Curita redonda<\/li>\n<\/ul>\n<p>[\/vc_column_text][\/vc_column][vc_column width=&#8221;1\/6&#8243;][\/vc_column][\/mk_page_section]<\/p>","protected":false},"excerpt":{"rendered":"<p>[mk_page_section sidebar=&#8221;sidebar-1&#8243;][vc_column width=&#8221;1\/6&#8243;][\/vc_column][vc_column width=&#8221;2\/3&#8243;][vc_column_text]Encuentre todo el material necesario para el proceso de conexi\u00f3n o desconexi\u00f3n en sus terapias de di\u00e1lisis en un solo lugar. Nuestros Kits de Conexi\u00f3n y Desconexi\u00f3n de f\u00edstula y cat\u00e9ter le permiten tener todo en el mismo lugar, minimizando desperdicios, p\u00e9rdidas, gasto en tiempo y garantizando la mejor calidad. (Descargue el [&hellip;]<\/p>","protected":false},"author":2,"featured_media":0,"parent":0,"menu_order":0,"comment_status":"closed","ping_status":"closed","template":"","meta":{"footnotes":""},"class_list":["post-150","page","type-page","status-publish","hentry"],"_links":{"self":[{"href":"https:\/\/www.renal-medical.com\/en\/wp-json\/wp\/v2\/pages\/150"}],"collection":[{"href":"https:\/\/www.renal-medical.com\/en\/wp-json\/wp\/v2\/pages"}],"about":[{"href":"https:\/\/www.renal-medical.com\/en\/wp-json\/wp\/v2\/types\/page"}],"author":[{"embeddable":true,"href":"https:\/\/www.renal-medical.com\/en\/wp-json\/wp\/v2\/users\/2"}],"replies":[{"embeddable":true,"href":"https:\/\/www.renal-medical.com\/en\/wp-json\/wp\/v2\/comments?post=150"}],"version-history":[{"count":0,"href":"https:\/\/www.renal-medical.com\/en\/wp-json\/wp\/v2\/pages\/150\/revisions"}],"wp:attachment":[{"href":"https:\/\/www.renal-medical.com\/en\/wp-json\/wp\/v2\/media?parent=150"}],"curies":[{"name":"wp","href":"https:\/\/api.w.org\/{rel}","templated":true}]}}