{"id":165,"date":"2017-06-11T21:32:24","date_gmt":"2017-06-12T02:32:24","guid":{"rendered":"http:\/\/renalbeta1.eshost.com.ar\/wp\/?page_id=165"},"modified":"2021-12-18T20:35:35","modified_gmt":"2021-12-19T01:35:35","slug":"desincrustantes","status":"publish","type":"page","link":"https:\/\/www.renal-medical.com\/en\/desincrustantes\/","title":{"rendered":"Desincrustantes"},"content":{"rendered":"<p>[vc_row][vc_column width=&#8221;1\/6&#8243;][\/vc_column][vc_column width=&#8221;2\/3&#8243;][vc_column_text]Las sales, calcio, dextrosa, etc., con las que el l\u00edquido de di\u00e1lisis permite mantener un equilibrio electrol\u00edtico y metab\u00f3lico para el paciente, se incrustan en el sistema de di\u00e1lisis f\u00e1cilmente, tanto en el sistema sangu\u00edneo extracorp\u00f3reo, como en la m\u00e1quina y recipientes de mezclado.\u00a0 Las caracter\u00edsticas de estos componentes facilitan la aparici\u00f3n de hongos o bacterias que podr\u00edan afectar sustancialmente la salud del paciente. Es por este motivo que es necesario realizar constantemente un proceso de desincrustaci\u00f3n de estas sustancias para lograr satisfacer los m\u00e1s altos niveles de calidad en el tratamiento dial\u00edtico.<\/p>\n<p>Renal Medial Marketing ha desarrollado dos opciones de desincrustante para satisfacer sus requerimientos.<\/p>\n<h4>\u00a0<span style=\"color: #657db9;\">Desincrustante sukses 50%<img fetchpriority=\"high\" decoding=\"async\" class=\"alignright wp-image-1831 size-medium\" src=\"https:\/\/www.renal-medical.com\/wp-content\/uploads\/2021\/12\/desincrustante-al-50-264x300.png\" alt=\"\" width=\"264\" height=\"300\" srcset=\"https:\/\/www.renal-medical.com\/wp-content\/uploads\/2021\/12\/desincrustante-al-50-264x300.png 264w, https:\/\/www.renal-medical.com\/wp-content\/uploads\/2021\/12\/desincrustante-al-50.png 500w\" sizes=\"(max-width: 264px) 100vw, 264px\" \/><\/span><\/h4>\n<p>Desincrustante a base de \u00e1cido c\u00edtrico. El \u00e1cido c\u00edtrico ha demostrado en m\u00faltiples estudios tener resultados excelentes en la desincrustaci\u00f3n de sustancias especialmente cuando se apoya en procesos cal\u00f3ricos. Para un proceso de limpieza completo se debe usar este desincrustante junto al Desinfectante SUKSES-1.<\/p>\n<h5>Presentaciones:<\/h5>\n<ul>\n<li>Garrafa x 1 litro<\/li>\n<li>Garrafa x 2 litros<\/li>\n<li>Garrafa x 4 litros<\/li>\n<li>Garrafa x 5 litros<\/li>\n<li>Garrafa x 10 litros<\/li>\n<li>Garrafa x 20 litros.<\/li>\n<\/ul>\n<p>[\/vc_column_text][\/vc_column][vc_column width=&#8221;1\/6&#8243;][\/vc_column][\/vc_row][vc_row][vc_column][vc_empty_space height=&#8221;15px&#8221;][vc_separator color=&#8221;custom&#8221; border_width=&#8221;2&#8243; accent_color=&#8221;#5c79bb&#8221;][vc_empty_space height=&#8221;15px&#8221;][\/vc_column][\/vc_row][vc_row][vc_column width=&#8221;1\/6&#8243;][\/vc_column][vc_column width=&#8221;2\/3&#8243;][vc_column_text]<\/p>\n<h4><span style=\"color: #657db9;\">Desincrustante Sukses 30%<img decoding=\"async\" class=\"alignright wp-image-1835 size-medium\" src=\"https:\/\/www.renal-medical.com\/wp-content\/uploads\/2021\/12\/desincrustante-sukses-al-30-217x300.png\" alt=\"\" width=\"217\" height=\"300\" srcset=\"https:\/\/www.renal-medical.com\/wp-content\/uploads\/2021\/12\/desincrustante-sukses-al-30-217x300.png 217w, https:\/\/www.renal-medical.com\/wp-content\/uploads\/2021\/12\/desincrustante-sukses-al-30.png 500w\" sizes=\"(max-width: 217px) 100vw, 217px\" \/><\/span><\/h4>\n<p>Desincrustante a base de \u00e1cido ac\u00e9tico. Aunque el \u00e1cido ac\u00e9tico no cuenta con propiedades descincrustantes tan avanzadas como el \u00e1cido c\u00edtrico, tiene la ventaja de poseer simult\u00e1neamente caracter\u00edsticas desinfectantes. Esta es la soluci\u00f3n perfecta para atacar las dos dimensiones del proceso de limpieza de su circuito en un solo producto.<\/p>\n<h5>Presentaciones:<\/h5>\n<ul>\n<li>Garrafa x 1 litro<\/li>\n<li>Garrafa x 2 litros<\/li>\n<li>Garrafa x 4 litros<\/li>\n<li>Garrafa x 5 litros<\/li>\n<li>Garrafa x 10 litros<\/li>\n<li>Garrafa x 20 litros.<\/li>\n<\/ul>\n<h5>Registros Sanitarios<\/h5>\n<p>De acuerdo a la certificaci\u00f3n No. 2013011117 del INVIMA, los productos descincrustantes no requieren Registro Sanitario para su fabricaci\u00f3n.[\/vc_column_text][\/vc_column][vc_column width=&#8221;1\/6&#8243;][\/vc_column][\/vc_row]<\/p>","protected":false},"excerpt":{"rendered":"<p>[vc_row][vc_column width=&#8221;1\/6&#8243;][\/vc_column][vc_column width=&#8221;2\/3&#8243;][vc_column_text]Las sales, calcio, dextrosa, etc., con las que el l\u00edquido de di\u00e1lisis permite mantener un equilibrio electrol\u00edtico y metab\u00f3lico para el paciente, se incrustan en el sistema de di\u00e1lisis f\u00e1cilmente, tanto en el sistema sangu\u00edneo extracorp\u00f3reo, como en la m\u00e1quina y recipientes de mezclado.\u00a0 Las caracter\u00edsticas de estos componentes facilitan la aparici\u00f3n de [&hellip;]<\/p>","protected":false},"author":2,"featured_media":0,"parent":0,"menu_order":0,"comment_status":"closed","ping_status":"closed","template":"","meta":{"footnotes":""},"class_list":["post-165","page","type-page","status-publish","hentry"],"_links":{"self":[{"href":"https:\/\/www.renal-medical.com\/en\/wp-json\/wp\/v2\/pages\/165"}],"collection":[{"href":"https:\/\/www.renal-medical.com\/en\/wp-json\/wp\/v2\/pages"}],"about":[{"href":"https:\/\/www.renal-medical.com\/en\/wp-json\/wp\/v2\/types\/page"}],"author":[{"embeddable":true,"href":"https:\/\/www.renal-medical.com\/en\/wp-json\/wp\/v2\/users\/2"}],"replies":[{"embeddable":true,"href":"https:\/\/www.renal-medical.com\/en\/wp-json\/wp\/v2\/comments?post=165"}],"version-history":[{"count":0,"href":"https:\/\/www.renal-medical.com\/en\/wp-json\/wp\/v2\/pages\/165\/revisions"}],"wp:attachment":[{"href":"https:\/\/www.renal-medical.com\/en\/wp-json\/wp\/v2\/media?parent=165"}],"curies":[{"name":"wp","href":"https:\/\/api.w.org\/{rel}","templated":true}]}}