{"id":195,"date":"2017-06-11T22:11:45","date_gmt":"2017-06-12T03:11:45","guid":{"rendered":"http:\/\/renalbeta1.eshost.com.ar\/wp\/?page_id=195"},"modified":"2021-12-18T22:29:34","modified_gmt":"2021-12-19T03:29:34","slug":"histologica","status":"publish","type":"page","link":"https:\/\/www.renal-medical.com\/en\/histologica\/","title":{"rendered":"Histol\u00f3gica"},"content":{"rendered":"<p>[mk_page_section sidebar=&#8221;sidebar-1&#8243;][vc_column width=&#8221;1\/6&#8243;][vc_column_text][\/vc_column_text][\/vc_column][vc_column width=&#8221;2\/3&#8243;][vc_column_text]Tenemos alianzas estrat\u00e9gicas con empresas especializadas en la manufactura de agujas para biopsia de alta calidad y precisi\u00f3n para diferentes tipos de an\u00e1lisis:<\/p>\n<h4><span style=\"color: #657db9;\">Agujas de corte para biopsia tipo tru-cut<img fetchpriority=\"high\" decoding=\"async\" class=\"alignright wp-image-1839 size-medium\" src=\"https:\/\/www.renal-medical.com\/wp-content\/uploads\/2021\/12\/aguja-de-puncion-para-biopsia-histologica-300x169.png\" alt=\"\" width=\"300\" height=\"169\" srcset=\"https:\/\/www.renal-medical.com\/wp-content\/uploads\/2021\/12\/aguja-de-puncion-para-biopsia-histologica-300x169.png 300w, https:\/\/www.renal-medical.com\/wp-content\/uploads\/2021\/12\/aguja-de-puncion-para-biopsia-histologica.png 500w\" sizes=\"(max-width: 300px) 100vw, 300px\" \/><\/span><\/h4>\n<h4><span style=\"color: #657db9;\">Histo<\/span><\/h4>\n<p>Las Agujas para biopsia histol\u00f3gica HISTO cuentan con marcas de profundidad que permiten calcular la distancia de penetraci\u00f3n hacia la lesi\u00f3n. El terminal pl\u00e1stico de color identifica el calibre de la aguja.<\/p>\n<p>&nbsp;<\/p>\n<p>Color\u00a0\u00a0\u00a0\u00a0\u00a0\u00a0\u00a0\u00a0\u00a0 Calibre Longitud<\/p>\n<p>Naranja\u00a0\u00a0\u00a0\u00a0\u00a0 12 Ga\u00a0 10 cm o 12 cm<\/p>\n<p>Verde\u00a0\u00a0\u00a0\u00a0\u00a0\u00a0\u00a0\u00a0 14 Ga\u00a0 10 cm, 15 cm o 20 cm<\/p>\n<p>Morada\u00a0\u00a0\u00a0\u00a0\u00a0 16 Ga\u00a0 10 cm. 15 cm, 20 cm o 25 cm<\/p>\n<p>Rosada\u00a0\u00a0\u00a0\u00a0\u00a0\u00a0 18 Ga\u00a0 10 cm, 15 cm, 20 cm, 25 cm o 30 cm[\/vc_column_text][\/vc_column][vc_column width=&#8221;1\/6&#8243;][\/vc_column][\/mk_page_section][vc_row][vc_column][vc_separator color=&#8221;custom&#8221; border_width=&#8221;2&#8243; accent_color=&#8221;#5c79bb&#8221;][\/vc_column][\/vc_row][mk_page_section sidebar=&#8221;sidebar-1&#8243;][vc_column width=&#8221;1\/6&#8243;][vc_column_text][\/vc_column_text][\/vc_column][vc_column width=&#8221;2\/3&#8243;][vc_column_text]<\/p>\n<h4><span style=\"color: #657db9;\">Disparadores autom\u00e1ticos de agujas tipo tru-cut<img decoding=\"async\" class=\"size-medium wp-image-934 alignright\" src=\"https:\/\/nuevaweb.renal-medical.com\/wp1\/wp-content\/uploads\/2017\/06\/dana-300x200.jpg\" alt=\"\" width=\"300\" height=\"200\" srcset=\"https:\/\/www.renal-medical.com\/wp-content\/uploads\/2017\/06\/dana-300x200.jpg 300w, https:\/\/www.renal-medical.com\/wp-content\/uploads\/2017\/06\/dana.jpg 600w\" sizes=\"(max-width: 300px) 100vw, 300px\" \/><\/span><\/h4>\n<p>El disparador de agujas DANA est\u00e1 especialmente dise\u00f1ado para la extracci\u00f3n de biopsias utilizando las agujas tipo TRU-CUT de HISTO.<\/p>\n<h5>Caracter\u00edsticas<\/h5>\n<ul>\n<li>Doble gatillo: Frontal y posterior, con seguro visual y t\u00e1ctil<\/li>\n<li>Se\u00f1aliza el momento de descarga de la muestra.<\/li>\n<li>Permite el accionar con una sola mano.<\/li>\n<li>Cargador desplegable y estructura met\u00e1lica.<\/li>\n<li>Compatible con agujas Biocore II MG de 12, 14, 16 y 18Ga.<\/li>\n<li>Dimensiones 3cm x 4cm x 12cm, peso 220g.<\/li>\n<li>DANA 2,2 MG<\/li>\n<\/ul>\n<h5><\/h5>\n<p>[\/vc_column_text][\/vc_column][vc_column width=&#8221;1\/6&#8243;][\/vc_column][\/mk_page_section][vc_row][vc_column][vc_separator color=&#8221;custom&#8221; border_width=&#8221;2&#8243; accent_color=&#8221;#5c79bb&#8221;][\/vc_column][\/vc_row][mk_page_section sidebar=&#8221;sidebar-1&#8243;][vc_column width=&#8221;1\/6&#8243;][vc_column_text][\/vc_column_text][\/vc_column][vc_column width=&#8221;2\/3&#8243;][vc_column_text]<\/p>\n<h4><span style=\"color: #657db9;\">agujas semiautom\u00e1ticas spring-cut<img decoding=\"async\" class=\"size-medium wp-image-935 alignright\" src=\"https:\/\/nuevaweb.renal-medical.com\/wp1\/wp-content\/uploads\/2017\/06\/springcut-stroke-300x300.jpg\" alt=\"\" width=\"300\" height=\"300\" srcset=\"https:\/\/www.renal-medical.com\/wp-content\/uploads\/2017\/06\/springcut-stroke-300x300.jpg 300w, https:\/\/www.renal-medical.com\/wp-content\/uploads\/2017\/06\/springcut-stroke-100x100.jpg 100w, https:\/\/www.renal-medical.com\/wp-content\/uploads\/2017\/06\/springcut-stroke-150x150.jpg 150w, https:\/\/www.renal-medical.com\/wp-content\/uploads\/2017\/06\/springcut-stroke-1024x1024.jpg 1024w, https:\/\/www.renal-medical.com\/wp-content\/uploads\/2017\/06\/springcut-stroke.jpg 600w\" sizes=\"(max-width: 300px) 100vw, 300px\" \/><\/span><\/h4>\n<p>Aguja para biopsia SPRING-CUT con sistema de guillotina de funcionamiento semi-autom\u00e1tico, con mandril y c\u00e1nula extra\u00edbles. El bot\u00f3n del mandril permanece adherido a la empu\u00f1adura durante la penetraci\u00f3n, haciendo la maniobra m\u00e1s f\u00e1cil y dando mayor seguridad. Disponible en diversos calibres identificados por c\u00f3digo de colores.[\/vc_column_text][\/vc_column][vc_column width=&#8221;1\/6&#8243;][\/vc_column][\/mk_page_section][vc_row][vc_column][vc_separator color=&#8221;custom&#8221; border_width=&#8221;2&#8243; accent_color=&#8221;#5c79bb&#8221;][\/vc_column][\/vc_row][mk_page_section sidebar=&#8221;sidebar-1&#8243;][vc_column width=&#8221;1\/6&#8243;][vc_column_text][\/vc_column_text][\/vc_column][vc_column width=&#8221;2\/3&#8243;][vc_column_text]<\/p>\n<h4><span style=\"color: #657db9;\">Tipo chiba<\/span><\/h4>\n<h4><span style=\"color: #657db9;\"><img loading=\"lazy\" decoding=\"async\" class=\"size-full wp-image-1868 alignright\" src=\"https:\/\/www.renal-medical.com\/wp-content\/uploads\/2021\/12\/aguja-para-biopsia-citologica-complete-chiba.png\" alt=\"\" width=\"500\" height=\"275\" srcset=\"https:\/\/www.renal-medical.com\/wp-content\/uploads\/2021\/12\/aguja-para-biopsia-citologica-complete-chiba.png 500w, https:\/\/www.renal-medical.com\/wp-content\/uploads\/2021\/12\/aguja-para-biopsia-citologica-complete-chiba-300x165.png 300w\" sizes=\"(max-width: 500px) 100vw, 500px\" \/>stery lab<\/span><\/h4>\n<h5>Funcionalidad<\/h5>\n<p>Agujas para biopsia histol\u00f3gica tipo Chiba con punta tipo quinche para mejor penetraci\u00f3n. La aguja COMPLETE CHIBA es fabricada en acero grado m\u00e9dico, mientras la ECOCHIBA es de una aleaci\u00f3n met\u00e1lica especial ECHONOX\u2122 que la hace claramente visible en el monitor ecogr\u00e1fico.<\/p>\n<h5>Especificaciones y presentaciones<\/h5>\n<p>C\u00e1nula de pared ultradelgada, alta rigidez, empu\u00f1adura transparente con lupa doble y diente de ajuste para la aguja introductora,\u00a0 centimetrado, con tope corredizo y amplia gama de tama\u00f1os.<\/p>\n<h5><\/h5>\n<p>[\/vc_column_text][\/vc_column][vc_column width=&#8221;1\/6&#8243;][\/vc_column][\/mk_page_section][vc_row][vc_column][vc_separator color=&#8221;custom&#8221; border_width=&#8221;2&#8243; accent_color=&#8221;#5c79bb&#8221;][\/vc_column][\/vc_row][mk_page_section sidebar=&#8221;sidebar-1&#8243;][vc_column width=&#8221;1\/6&#8243;][vc_column_text][\/vc_column_text][\/vc_column][vc_column width=&#8221;2\/3&#8243;][vc_column_text]<\/p>\n<h4><span style=\"color: #657db9;\">Aguja para Localizaci\u00f3n Prequir\u00fargica<img loading=\"lazy\" decoding=\"async\" class=\"size-medium wp-image-936 alignright\" src=\"https:\/\/nuevaweb.renal-medical.com\/wp1\/wp-content\/uploads\/2017\/06\/clip-local-300x200.jpg\" alt=\"\" width=\"300\" height=\"200\" srcset=\"https:\/\/www.renal-medical.com\/wp-content\/uploads\/2017\/06\/clip-local-300x200.jpg 300w, https:\/\/www.renal-medical.com\/wp-content\/uploads\/2017\/06\/clip-local.jpg 600w\" sizes=\"(max-width: 300px) 100vw, 300px\" \/> <\/span><\/h4>\n<h4><span style=\"color: #657db9;\">histo<\/span><\/h4>\n<h5>Funcionalidad<\/h5>\n<p>Aguja introductora con marcas de profundidad que permiten calcular la distancia de penetraci\u00f3n hacia la lesi\u00f3n. Alambre localizador en acero inoxidable grado m\u00e9dico semirr\u00edgido con marca de referencia que permite ver cu\u00e1ndo el localizador est\u00e1 listo para ser desplegado. El localizador MAMAWIRE PLUS tiene fijaci\u00f3n de doble efecto, que impide la migraci\u00f3n. Detectable por ultrasonido y rayos X. Terminal trasl\u00facido para mejor visualizaci\u00f3n.<\/p>\n<h5>Presentaciones<\/h5>\n<p>Disponibles en longitudes de:<\/p>\n<ul>\n<li>15cm con aguja introductora de 20Ga x 5cm.<\/li>\n<li>17cm con aguja introductora de 20Ga x 7cm.<\/li>\n<li>20cm con aguja introductora de 20Ga x 10cm.<\/li>\n<\/ul>\n<p>[\/vc_column_text][\/vc_column][vc_column width=&#8221;1\/6&#8243;][\/vc_column][\/mk_page_section][vc_row][vc_column][vc_separator color=&#8221;custom&#8221; border_width=&#8221;2&#8243; accent_color=&#8221;#5c79bb&#8221;][\/vc_column][\/vc_row][mk_page_section sidebar=&#8221;sidebar-1&#8243;][vc_column width=&#8221;1\/6&#8243;][vc_column_text][\/vc_column_text][\/vc_column][vc_column width=&#8221;2\/3&#8243;][vc_column_text]<\/p>\n<h4><span style=\"color: #657db9;\">CLIP PARA SE\u00d1ALIZACI\u00d3N DE LESIONES DE MAMA<img loading=\"lazy\" decoding=\"async\" class=\"size-medium wp-image-937 alignright\" src=\"https:\/\/nuevaweb.renal-medical.com\/wp1\/wp-content\/uploads\/2017\/06\/lesiones-de-mama-300x200.jpg\" alt=\"\" width=\"300\" height=\"200\" srcset=\"https:\/\/www.renal-medical.com\/wp-content\/uploads\/2017\/06\/lesiones-de-mama-300x200.jpg 300w, https:\/\/www.renal-medical.com\/wp-content\/uploads\/2017\/06\/lesiones-de-mama.jpg 600w\" sizes=\"(max-width: 300px) 100vw, 300px\" \/><\/span><\/h4>\n<h4><span style=\"color: #657db9;\">HISTO<\/span><\/h4>\n<h5>Funcionalidad<\/h5>\n<p>Se\u00f1ala las lesiones causadas por micro-calcificaciones, para control posterior. Clip de tama\u00f1o reducido de muy f\u00e1cil y r\u00e1pida aplicaci\u00f3n, se usa manualmente de manera simple. El material del clip permite su localizaci\u00f3n por medio de rayos X, resonancia magn\u00e9tica nuclear y ultrasonograf\u00eda. Luego de realizar la biopsia, con m\u00e9todos de vac\u00edo o Core, podr\u00e1 a trav\u00e9s del canal dejado por la aguja, introducir el MAMAWIRE FIX y al llegar a la profundidad deseada presionar el actuador dejando el clip fijado. Cuenta con traba de disparo para su manipulaci\u00f3n y posee marcas de profundidad cada cent\u00edmetro.<\/p>\n<h5>Presentaciones<\/h5>\n<p>Dimensiones: 18Ga x 10cm.<\/p>\n<h5><\/h5>\n<p>[\/vc_column_text][\/vc_column][vc_column width=&#8221;1\/6&#8243;][\/vc_column][\/mk_page_section][vc_row][vc_column][vc_separator color=&#8221;custom&#8221; border_width=&#8221;2&#8243; accent_color=&#8221;#5c79bb&#8221;][\/vc_column][\/vc_row][mk_page_section sidebar=&#8221;sidebar-1&#8243;][vc_column width=&#8221;1\/6&#8243;][vc_column_text][\/vc_column_text][\/vc_column][vc_column width=&#8221;2\/3&#8243;][vc_column_text]<\/p>\n<h4><span style=\"color: #657db9;\">AGUJA PARA BLOQUEO PRE-BIOPSIA DE PR\u00d3STATA<img loading=\"lazy\" decoding=\"async\" class=\"size-medium wp-image-938 alignright\" src=\"https:\/\/nuevaweb.renal-medical.com\/wp1\/wp-content\/uploads\/2017\/06\/aguja-prostata-300x200.jpg\" alt=\"\" width=\"300\" height=\"200\" srcset=\"https:\/\/www.renal-medical.com\/wp-content\/uploads\/2017\/06\/aguja-prostata-300x200.jpg 300w, https:\/\/www.renal-medical.com\/wp-content\/uploads\/2017\/06\/aguja-prostata.jpg 600w\" sizes=\"(max-width: 300px) 100vw, 300px\" \/><\/span><\/h4>\n<h4><span style=\"color: #657db9;\">histo<\/span><\/h4>\n<h5>Funcionalidad<\/h5>\n<p>Se utiliza a trav\u00e9s de la gu\u00eda de biopsia del transductor ecogr\u00e1fico, previo a la introducci\u00f3n de la aguja de biopsia. Permite utilizar todo tipo de jeringa. Debido al dise\u00f1o del bisel no es necesario utilizar mandril para su inserci\u00f3n. Cuenta con marcas de profundidad cada cent\u00edmetro. Posee terminal pl\u00e1stico transl\u00facido para una mejor visualizaci\u00f3n.<\/p>\n<h5>Presentaciones<\/h5>\n<h5>Dimensiones:<\/h5>\n<ul>\n<li>20Ga x 20cm.<\/li>\n<li>20Ga x 25cm.<\/li>\n<\/ul>\n<p>[\/vc_column_text][\/vc_column][vc_column width=&#8221;1\/6&#8243;][\/vc_column][\/mk_page_section]<\/p>","protected":false},"excerpt":{"rendered":"<p>[mk_page_section sidebar=&#8221;sidebar-1&#8243;][vc_column width=&#8221;1\/6&#8243;][vc_column_text][\/vc_column_text][\/vc_column][vc_column width=&#8221;2\/3&#8243;][vc_column_text]Tenemos alianzas estrat\u00e9gicas con empresas especializadas en la manufactura de agujas para biopsia de alta calidad y precisi\u00f3n para diferentes tipos de an\u00e1lisis: Agujas de corte para biopsia tipo tru-cut Histo Las Agujas para biopsia histol\u00f3gica HISTO cuentan con marcas de profundidad que permiten calcular la distancia de penetraci\u00f3n hacia la lesi\u00f3n. [&hellip;]<\/p>","protected":false},"author":2,"featured_media":0,"parent":0,"menu_order":0,"comment_status":"closed","ping_status":"closed","template":"","meta":{"footnotes":""},"class_list":["post-195","page","type-page","status-publish","hentry"],"_links":{"self":[{"href":"https:\/\/www.renal-medical.com\/en\/wp-json\/wp\/v2\/pages\/195"}],"collection":[{"href":"https:\/\/www.renal-medical.com\/en\/wp-json\/wp\/v2\/pages"}],"about":[{"href":"https:\/\/www.renal-medical.com\/en\/wp-json\/wp\/v2\/types\/page"}],"author":[{"embeddable":true,"href":"https:\/\/www.renal-medical.com\/en\/wp-json\/wp\/v2\/users\/2"}],"replies":[{"embeddable":true,"href":"https:\/\/www.renal-medical.com\/en\/wp-json\/wp\/v2\/comments?post=195"}],"version-history":[{"count":0,"href":"https:\/\/www.renal-medical.com\/en\/wp-json\/wp\/v2\/pages\/195\/revisions"}],"wp:attachment":[{"href":"https:\/\/www.renal-medical.com\/en\/wp-json\/wp\/v2\/media?parent=195"}],"curies":[{"name":"wp","href":"https:\/\/api.w.org\/{rel}","templated":true}]}}