{"id":208,"date":"2017-06-11T22:16:25","date_gmt":"2017-06-12T03:16:25","guid":{"rendered":"http:\/\/renalbeta1.eshost.com.ar\/wp\/?page_id=208"},"modified":"2020-04-25T19:37:36","modified_gmt":"2020-04-26T00:37:36","slug":"filtros","status":"publish","type":"page","link":"https:\/\/www.renal-medical.com\/en\/filtros\/","title":{"rendered":"Filtros"},"content":{"rendered":"<p>[mk_page_section sidebar=&#8221;sidebar-1&#8243;][vc_column width=&#8221;1\/6&#8243;][\/vc_column][vc_column width=&#8221;2\/3&#8243;][vc_column_text]<\/p>\n<h3 style=\"text-align: center;\"><span style=\"color: #00126d;\">PLASMAFILTROS Y HEMOPERFUSORES<\/span><\/h3>\n<p>La plasmaf\u00e9resis es una forma de terapia para separar el plasma de la sangre, eliminar las sustancias pat\u00f3genas a partir de plasma, y, o bien sustituirlo por el l\u00edquido de sustituci\u00f3n, o purificarlo. La plasmaf\u00e9resis est\u00e1 indicada en enfermedad hep\u00e1tica grave, enfermedades del col\u00e1geno, enfermedades autoinmunes, etc. La hemoperfusi\u00f3n por su parte consiste en la eliminaci\u00f3n de toxinas o metabolitos a trav\u00e9s de un sistema extra corp\u00f3reo y el uso de sustancias adsorbentes como el carb\u00f3n activado.<\/p>\n<h4><span style=\"color: #657db9;\">JAFRON <img fetchpriority=\"high\" decoding=\"async\" class=\"size-medium wp-image-949 alignright\" src=\"https:\/\/nuevaweb.renal-medical.com\/wp1\/wp-content\/uploads\/2017\/06\/jafron-183x300.jpg\" alt=\"\" width=\"183\" height=\"300\" srcset=\"https:\/\/www.renal-medical.com\/wp-content\/uploads\/2017\/06\/jafron-183x300.jpg 183w, https:\/\/www.renal-medical.com\/wp-content\/uploads\/2017\/06\/jafron.jpg 600w\" sizes=\"(max-width: 183px) 100vw, 183px\" \/><\/span><\/h4>\n<p>Renal Medical Marketing trae a Colombia el portafolio amplio de productos de la compa\u00f1\u00eda asi\u00e1tica JAFRON. La compa\u00f1\u00eda ha adquirido grandes conocimientos en sus m\u00e1s de 25 a\u00f1os de experiencia en el mercado de purificaci\u00f3n de sangre. La l\u00ednea de filtros HA de JAFRON maneja una tecnolog\u00eda avanzada para terapias de adsorci\u00f3n de sangre y\/o plasma, adecuada para el tratamiento de m\u00faltiples patolog\u00edas.<\/p>\n<h5>Presentaciones<\/h5>\n<h5><img decoding=\"async\" class=\"alignnone size-full wp-image-448\" src=\"http:\/\/renalbeta1.eshost.com.ar\/wp\/wp-content\/uploads\/2017\/06\/grafico37.jpg\" alt=\"\" width=\"591\" height=\"460\" srcset=\"https:\/\/www.renal-medical.com\/wp-content\/uploads\/2017\/06\/grafico37.jpg 591w, https:\/\/www.renal-medical.com\/wp-content\/uploads\/2017\/06\/grafico37-300x234.jpg 300w\" sizes=\"(max-width: 591px) 100vw, 591px\" \/><\/h5>\n<p>[\/vc_column_text][\/vc_column][vc_column width=&#8221;1\/6&#8243;][\/vc_column][\/mk_page_section][vc_row][vc_column][vc_separator color=&#8221;custom&#8221; border_width=&#8221;2&#8243; accent_color=&#8221;#5c79bb&#8221;][\/vc_column][\/vc_row][mk_page_section sidebar=&#8221;sidebar-1&#8243;][vc_column width=&#8221;1\/6&#8243;][\/vc_column][vc_column width=&#8221;2\/3&#8243;][vc_column_text]<\/p>\n<h3 style=\"text-align: center;\"><span style=\"color: #00126d;\">HEMOFILTROS<\/span><\/h3>\n<p>En una manera similar a la de la hemodi\u00e1lisis, la hemofiltraci\u00f3n implica el movimiento de solutos a trav\u00e9s de una membrana semipermeable, pero la membrana usada en la hemofiltraci\u00f3n es mucho m\u00e1s porosa que la usada en hemodi\u00e1lisis, y no es usado el dializado. En lugar de ello un intercambio i\u00f3nico lleva el agua y los solutos a trav\u00e9s de la membrana del filtro donde son drenados como filtrado. Un l\u00edquido de reemplazo es a\u00f1adido a la sangre filtrada resultante para reemplazar el volumen l\u00edquido y los valiosos electrolitos y entonces, es retornada al paciente. Es conveniente para los pacientes con falla renal aguda generada por un choque s\u00e9ptico.<\/p>\n<h4><span style=\"color: #657db9;\">ALLMED<img decoding=\"async\" class=\"size-medium wp-image-948 alignright\" src=\"https:\/\/nuevaweb.renal-medical.com\/wp1\/wp-content\/uploads\/2017\/06\/allmed-300x209.jpg\" alt=\"\" width=\"300\" height=\"209\" srcset=\"https:\/\/www.renal-medical.com\/wp-content\/uploads\/2017\/06\/allmed-300x209.jpg 300w, https:\/\/www.renal-medical.com\/wp-content\/uploads\/2017\/06\/allmed.jpg 600w\" sizes=\"(max-width: 300px) 100vw, 300px\" \/><\/span><\/h4>\n<p>La membrana de polietersulfona de los hemofiltros Allmed, gracias a su reducido espesor de pared (30\u00b5m), alta permeabilidad hidr\u00e1ulica (aprox. 42mlh* mmHg\/m2) y su estructura mezclada: hidof\u00edlica-hidrof\u00f3bica, aclara peque\u00f1os solutos de bajo peso molecular por difusi\u00f3n a tiempo que remueve toxinas medianas de alto peso molecular por convecci\u00f3n, siendo perfecto para procesos de hemofiltraci\u00f3n y heomodiafiltraci\u00f3n.<\/p>\n<h5>Presentaciones<\/h5>\n<p>Disponible en superficies de (Esterilizados con vapor):<\/p>\n<ul>\n<li>1.3m2 (HF3)<\/li>\n<li>1.6m2 (HF6)<\/li>\n<li>1.8m2 (HF8)<\/li>\n<\/ul>\n<p>[\/vc_column_text][\/vc_column][vc_column width=&#8221;1\/6&#8243;][\/vc_column][\/mk_page_section]<\/p>","protected":false},"excerpt":{"rendered":"<p>[mk_page_section sidebar=&#8221;sidebar-1&#8243;][vc_column width=&#8221;1\/6&#8243;][\/vc_column][vc_column width=&#8221;2\/3&#8243;][vc_column_text] PLASMAFILTROS Y HEMOPERFUSORES La plasmaf\u00e9resis es una forma de terapia para separar el plasma de la sangre, eliminar las sustancias pat\u00f3genas a partir de plasma, y, o bien sustituirlo por el l\u00edquido de sustituci\u00f3n, o purificarlo. La plasmaf\u00e9resis est\u00e1 indicada en enfermedad hep\u00e1tica grave, enfermedades del col\u00e1geno, enfermedades autoinmunes, etc. La [&hellip;]<\/p>","protected":false},"author":2,"featured_media":0,"parent":0,"menu_order":0,"comment_status":"closed","ping_status":"closed","template":"","meta":{"footnotes":""},"class_list":["post-208","page","type-page","status-publish","hentry"],"_links":{"self":[{"href":"https:\/\/www.renal-medical.com\/en\/wp-json\/wp\/v2\/pages\/208"}],"collection":[{"href":"https:\/\/www.renal-medical.com\/en\/wp-json\/wp\/v2\/pages"}],"about":[{"href":"https:\/\/www.renal-medical.com\/en\/wp-json\/wp\/v2\/types\/page"}],"author":[{"embeddable":true,"href":"https:\/\/www.renal-medical.com\/en\/wp-json\/wp\/v2\/users\/2"}],"replies":[{"embeddable":true,"href":"https:\/\/www.renal-medical.com\/en\/wp-json\/wp\/v2\/comments?post=208"}],"version-history":[{"count":0,"href":"https:\/\/www.renal-medical.com\/en\/wp-json\/wp\/v2\/pages\/208\/revisions"}],"wp:attachment":[{"href":"https:\/\/www.renal-medical.com\/en\/wp-json\/wp\/v2\/media?parent=208"}],"curies":[{"name":"wp","href":"https:\/\/api.w.org\/{rel}","templated":true}]}}