{"id":222,"date":"2017-06-11T22:19:11","date_gmt":"2017-06-11T22:19:11","guid":{"rendered":"http:\/\/renalbeta1.eshost.com.ar\/wp\/?page_id=222"},"modified":"2021-12-18T22:11:16","modified_gmt":"2021-12-19T03:11:16","slug":"cateteres-y-sondas","status":"publish","type":"page","link":"https:\/\/www.renal-medical.com\/en\/cateteres-y-sondas\/","title":{"rendered":"Cat\u00e9teres y Sondas"},"content":{"rendered":"<p>[mk_page_section sidebar=&#8221;sidebar-1&#8243;][vc_column width=&#8221;1\/6&#8243;][\/vc_column][vc_column width=&#8221;2\/3&#8243;][vc_column_text]<\/p>\n<h4><span style=\"color: #657db9;\">TUBOS DE EST\u00d3MAGO<img fetchpriority=\"high\" decoding=\"async\" class=\"size-medium wp-image-963 alignright\" src=\"https:\/\/nuevaweb.renal-medical.com\/wp1\/wp-content\/uploads\/2017\/06\/tubo-300x204.jpg\" alt=\"\" width=\"300\" height=\"204\" srcset=\"https:\/\/www.renal-medical.com\/wp-content\/uploads\/2017\/06\/tubo-300x204.jpg 300w, https:\/\/www.renal-medical.com\/wp-content\/uploads\/2017\/06\/tubo.jpg 600w\" sizes=\"(max-width: 300px) 100vw, 300px\" \/><\/span><\/h4>\n<h4><span style=\"color: #657db9;\">FORTUNE MEDICAL<\/span><\/h4>\n<p>El tubo de est\u00f3mago Fortune Medical es una opci\u00f3n ideal para la alimentaci\u00f3n enteral, suministro de medicamentos, irrigaci\u00f3n o descompresi\u00f3n g\u00e1strica. El tubo es insertado por la cavidad nasal o bucal hasta llegar al est\u00f3mago. Es recomendado para pacientes con dificultad para ingerir alimentos o tragar. Su estructura es 100% de silicona grado m\u00e9dico lo que le da mayor suavidad y biocompatibilidad, evitando reacciones al\u00e9rgicas y sus marcas de profundidad aseguran un control adecuado del dispositivo.<\/p>\n<h5>Presentaciones<\/h5>\n<h5><img decoding=\"async\" class=\"alignnone size-full wp-image-456\" src=\"http:\/\/renalbeta1.eshost.com.ar\/wp\/wp-content\/uploads\/2017\/06\/grafico42.jpg\" alt=\"\" width=\"591\" height=\"293\" srcset=\"https:\/\/www.renal-medical.com\/wp-content\/uploads\/2017\/06\/grafico42.jpg 591w, https:\/\/www.renal-medical.com\/wp-content\/uploads\/2017\/06\/grafico42-300x149.jpg 300w\" sizes=\"(max-width: 591px) 100vw, 591px\" \/><\/h5>\n<h5><\/h5>\n<p>[\/vc_column_text][\/vc_column][vc_column width=&#8221;1\/6&#8243;][\/vc_column][\/mk_page_section][vc_row][vc_column][vc_separator color=&#8221;custom&#8221; border_width=&#8221;2&#8243; accent_color=&#8221;#5c79bb&#8221;][\/vc_column][\/vc_row][mk_page_section sidebar=&#8221;sidebar-1&#8243;][vc_column width=&#8221;1\/6&#8243;][\/vc_column][vc_column width=&#8221;2\/3&#8243;][vc_column_text]<\/p>\n<h4><span style=\"color: #657db9;\">TUBO G\u00c1STRICO MODULAR<img decoding=\"async\" class=\"size-medium wp-image-964 alignright\" src=\"https:\/\/nuevaweb.renal-medical.com\/wp1\/wp-content\/uploads\/2017\/06\/tubo-modular-300x225.jpg\" alt=\"\" width=\"300\" height=\"225\" srcset=\"https:\/\/www.renal-medical.com\/wp-content\/uploads\/2017\/06\/tubo-modular-300x225.jpg 300w, https:\/\/www.renal-medical.com\/wp-content\/uploads\/2017\/06\/tubo-modular.jpg 600w\" sizes=\"(max-width: 300px) 100vw, 300px\" \/><\/span><\/h4>\n<h4><span style=\"color: #657db9;\">FORTUNE MEDICAL<\/span><\/h4>\n<p>Fortune Medical presenta una opci\u00f3n modular, mucho m\u00e1s amigable con el paciente y con menos riesgos. La flexibilidad y estructura modular disminuye la probabilidad de extubaci\u00f3n accidental y de reintubaci\u00f3n. Adem\u00e1s su tama\u00f1o y estructura transparente facilita el movimiento del paciente y la inspecci\u00f3n visual del dispositivo.<\/p>\n<h4><\/h4>\n<p><img loading=\"lazy\" decoding=\"async\" class=\"alignnone wp-image-458\" src=\"http:\/\/renalbeta1.eshost.com.ar\/wp\/wp-content\/uploads\/2017\/06\/grafico44.jpg\" alt=\"\" width=\"368\" height=\"268\" srcset=\"https:\/\/www.renal-medical.com\/wp-content\/uploads\/2017\/06\/grafico44.jpg 591w, https:\/\/www.renal-medical.com\/wp-content\/uploads\/2017\/06\/grafico44-300x218.jpg 300w\" sizes=\"(max-width: 368px) 100vw, 368px\" \/><\/p>\n<p>[\/vc_column_text][\/vc_column][vc_column width=&#8221;1\/6&#8243;][\/vc_column][\/mk_page_section][vc_row][vc_column][vc_separator color=&#8221;custom&#8221; border_width=&#8221;2&#8243; accent_color=&#8221;#5c79bb&#8221;][\/vc_column][\/vc_row][mk_page_section sidebar=&#8221;sidebar-1&#8243;][vc_column width=&#8221;1\/6&#8243;][\/vc_column][vc_column width=&#8221;2\/3&#8243;][vc_column_text]<\/p>\n<h4><span style=\"color: #657db9;\"><img loading=\"lazy\" decoding=\"async\" class=\"alignnone size-full wp-image-1860\" src=\"https:\/\/www.renal-medical.com\/wp-content\/uploads\/2021\/12\/sonda-de-gastrostomia.png\" alt=\"\" width=\"500\" height=\"210\" srcset=\"https:\/\/www.renal-medical.com\/wp-content\/uploads\/2021\/12\/sonda-de-gastrostomia.png 500w, https:\/\/www.renal-medical.com\/wp-content\/uploads\/2021\/12\/sonda-de-gastrostomia-300x126.png 300w\" sizes=\"(max-width: 500px) 100vw, 500px\" \/><\/span><\/h4>\n<p>&nbsp;<\/p>\n<h4><span style=\"color: #657db9;\">CAT\u00c9TER DE GASTROSTOM\u00cdA <\/span><span style=\"color: #657db9;\">FORTUNE MEDICAL<\/span><\/h4>\n<p>El cat\u00e9ter de gastrostom\u00eda es una soluci\u00f3n directa para el suministro de alimentos medicamentos o extracci\u00f3n de sustancias del \u00e1rea estomacal del paciente. Por medio de una intervenci\u00f3n quir\u00fargica simple se ingresa el cat\u00e9ter en el \u00e1rea g\u00e1strica del paciente. El cat\u00e9ter g\u00e1strico de FM cuenta con una estructura suave y flexible que minimiza la posibilidad de lesiones y adem\u00e1s est\u00e1 hecho 100% en silicona para evitar reacciones al\u00e9rgicas. Su estructura transparente es de f\u00e1cil inspecci\u00f3n y permite la confirmaci\u00f3n de la posici\u00f3n a trav\u00e9s de rayos X. La punta redonda y abierta con la que cuenta aumenta el flujo de la alimentaci\u00f3n y reduce el traumatismo en la inserci\u00f3n y la posible irritaci\u00f3n de la mucosa g\u00e1strica.<\/p>\n<h5>Presentaciones<\/h5>\n<h5><img loading=\"lazy\" decoding=\"async\" class=\"alignnone size-full wp-image-468\" src=\"http:\/\/renalbeta1.eshost.com.ar\/wp\/wp-content\/uploads\/2017\/06\/grafico47.jpg\" alt=\"\" width=\"591\" height=\"220\" srcset=\"https:\/\/www.renal-medical.com\/wp-content\/uploads\/2017\/06\/grafico47.jpg 591w, https:\/\/www.renal-medical.com\/wp-content\/uploads\/2017\/06\/grafico47-300x112.jpg 300w\" sizes=\"(max-width: 591px) 100vw, 591px\" \/><\/h5>\n<p>[\/vc_column_text][\/vc_column][vc_column width=&#8221;1\/6&#8243;][\/vc_column][\/mk_page_section]<\/p>","protected":false},"excerpt":{"rendered":"<p>[mk_page_section sidebar=&#8221;sidebar-1&#8243;][vc_column width=&#8221;1\/6&#8243;][\/vc_column][vc_column width=&#8221;2\/3&#8243;][vc_column_text] TUBOS DE EST\u00d3MAGO FORTUNE MEDICAL El tubo de est\u00f3mago Fortune Medical es una opci\u00f3n ideal para la alimentaci\u00f3n enteral, suministro de medicamentos, irrigaci\u00f3n o descompresi\u00f3n g\u00e1strica. El tubo es insertado por la cavidad nasal o bucal hasta llegar al est\u00f3mago. Es recomendado para pacientes con dificultad para ingerir alimentos o tragar. [&hellip;]<\/p>","protected":false},"author":2,"featured_media":0,"parent":0,"menu_order":0,"comment_status":"closed","ping_status":"closed","template":"","meta":{"footnotes":""},"class_list":["post-222","page","type-page","status-publish","hentry"],"_links":{"self":[{"href":"https:\/\/www.renal-medical.com\/en\/wp-json\/wp\/v2\/pages\/222"}],"collection":[{"href":"https:\/\/www.renal-medical.com\/en\/wp-json\/wp\/v2\/pages"}],"about":[{"href":"https:\/\/www.renal-medical.com\/en\/wp-json\/wp\/v2\/types\/page"}],"author":[{"embeddable":true,"href":"https:\/\/www.renal-medical.com\/en\/wp-json\/wp\/v2\/users\/2"}],"replies":[{"embeddable":true,"href":"https:\/\/www.renal-medical.com\/en\/wp-json\/wp\/v2\/comments?post=222"}],"version-history":[{"count":0,"href":"https:\/\/www.renal-medical.com\/en\/wp-json\/wp\/v2\/pages\/222\/revisions"}],"wp:attachment":[{"href":"https:\/\/www.renal-medical.com\/en\/wp-json\/wp\/v2\/media?parent=222"}],"curies":[{"name":"wp","href":"https:\/\/api.w.org\/{rel}","templated":true}]}}