{"id":264,"date":"2017-08-27T14:14:39","date_gmt":"2017-08-27T19:14:39","guid":{"rendered":"http:\/\/renalbeta1.eshost.com.ar\/wp\/?page_id=264"},"modified":"2025-03-05T07:22:46","modified_gmt":"2025-03-05T12:22:46","slug":"contacto","status":"publish","type":"page","link":"https:\/\/www.renal-medical.com\/en\/contacto\/","title":{"rendered":"Contacto"},"content":{"rendered":"<div data-elementor-type=\"wp-page\" data-elementor-id=\"264\" class=\"elementor elementor-264\" data-elementor-post-type=\"page\">\n\t\t\t\t<div class=\"elementor-element elementor-element-578a522 e-con-full e-flex e-con e-parent\" data-id=\"578a522\" data-element_type=\"container\">\n\t\t\t\t<div class=\"elementor-element elementor-element-7b8e324 elementor--h-position-center elementor--v-position-middle elementor-arrows-position-inside elementor-pagination-position-inside elementor-widget elementor-widget-slides\" data-id=\"7b8e324\" data-element_type=\"widget\" data-settings=\"{&quot;navigation&quot;:&quot;both&quot;,&quot;autoplay&quot;:&quot;yes&quot;,&quot;pause_on_hover&quot;:&quot;yes&quot;,&quot;pause_on_interaction&quot;:&quot;yes&quot;,&quot;autoplay_speed&quot;:5000,&quot;infinite&quot;:&quot;yes&quot;,&quot;transition&quot;:&quot;slide&quot;,&quot;transition_speed&quot;:500}\" data-widget_type=\"slides.default\">\n\t\t\t\t<div class=\"elementor-widget-container\">\n\t\t\t\t\t\t\t<div class=\"elementor-swiper\">\n\t\t\t<div class=\"elementor-slides-wrapper elementor-main-swiper swiper\" dir=\"ltr\" data-animation=\"fadeInUp\">\n\t\t\t\t<div class=\"swiper-wrapper elementor-slides\">\n\t\t\t\t\t\t\t\t\t\t<div class=\"elementor-repeater-item-cb89c28 swiper-slide\"><div class=\"swiper-slide-bg\" role=\"img\"><\/div><div class=\"elementor-background-overlay\"><\/div><div class=\"swiper-slide-inner\" ><div class=\"swiper-slide-contents\"><div class=\"elementor-slide-heading\"> Contact Us! We Are Here to Assist You.<\/div><\/div><\/div><\/div>\t\t\t\t<\/div>\n\t\t\t\t\t\t\t<\/div>\n\t\t<\/div>\n\t\t\t\t\t\t<\/div>\n\t\t\t\t<\/div>\n\t\t\t\t<\/div>\n\t\t<div class=\"elementor-element elementor-element-9b66a60 e-flex e-con-boxed e-con e-parent\" data-id=\"9b66a60\" data-element_type=\"container\" data-settings=\"{&quot;background_background&quot;:&quot;classic&quot;}\">\n\t\t\t\t\t<div class=\"e-con-inner\">\n\t\t<div class=\"elementor-element elementor-element-5b09cae e-con-full e-flex e-con e-child\" data-id=\"5b09cae\" data-element_type=\"container\" data-settings=\"{&quot;background_background&quot;:&quot;classic&quot;}\">\n\t\t\t\t<div class=\"elementor-element elementor-element-b3b928b elementor-widget elementor-widget-heading\" data-id=\"b3b928b\" data-element_type=\"widget\" data-widget_type=\"heading.default\">\n\t\t\t\t<div class=\"elementor-widget-container\">\n\t\t\t\t\t<h2 class=\"elementor-heading-title elementor-size-default\">Contact us<\/h2>\t\t\t\t<\/div>\n\t\t\t\t<\/div>\n\t\t\t\t<div class=\"elementor-element elementor-element-b20977e elementor-widget elementor-widget-text-editor\" data-id=\"b20977e\" data-element_type=\"widget\" data-widget_type=\"text-editor.default\">\n\t\t\t\t<div class=\"elementor-widget-container\">\n\t\t\t\t\t\t\t\t\t<p>\ud83d\udccd <strong data-start=\"1308\" data-end=\"1322\">Address:<\/strong><\/p><div>Bogot\u00e1-La Vega Highway, Km. 7.8, Warehouse 146 \u2013 Celta Trade Park\u00a0<\/div><div>Funza &#8211; Cundinamarca &#8211; Colombia<\/div>\t\t\t\t\t\t\t\t<\/div>\n\t\t\t\t<\/div>\n\t\t\t\t<div class=\"elementor-element elementor-element-b4996d5 elementor-widget elementor-widget-text-editor\" data-id=\"b4996d5\" data-element_type=\"widget\" data-widget_type=\"text-editor.default\">\n\t\t\t\t<div class=\"elementor-widget-container\">\n\t\t\t\t\t\t\t\t\t<p>\u23f0 <strong>Business Hours:<\/strong><strong data-start=\"1427\" data-end=\"1439\">:<\/strong><\/p><div><div><strong>Monday &amp; Tuesday<\/strong> 6:00am a 4:00pm<\/div><div><strong>Wednesday to Friday<\/strong> 6:00am a 3:30pm<\/div><\/div>\t\t\t\t\t\t\t\t<\/div>\n\t\t\t\t<\/div>\n\t\t\t\t<div class=\"elementor-element elementor-element-c87c19b elementor-widget elementor-widget-text-editor\" data-id=\"c87c19b\" data-element_type=\"widget\" data-widget_type=\"text-editor.default\">\n\t\t\t\t<div class=\"elementor-widget-container\">\n\t\t\t\t\t\t\t\t\t<p>\ud83d\udcde <strong data-start=\"1374\" data-end=\"1387\">Phone<\/strong><\/p><div>(601) 8966429\/30\/31 ext 105- 125<\/div>\t\t\t\t\t\t\t\t<\/div>\n\t\t\t\t<\/div>\n\t\t\t\t<div class=\"elementor-element elementor-element-2668749 elementor-align-center elementor-widget-tablet__width-initial elementor-widget elementor-widget-button\" data-id=\"2668749\" data-element_type=\"widget\" data-widget_type=\"button.default\">\n\t\t\t\t<div class=\"elementor-widget-container\">\n\t\t\t\t\t\t\t\t\t<div class=\"elementor-button-wrapper\">\n\t\t\t\t\t<a class=\"elementor-button elementor-button-link elementor-size-sm\" href=\"#elementor-action%3Aaction%3Dpopup%3Aopen%26settings%3DeyJpZCI6Ijg5ODAiLCJ0b2dnbGUiOmZhbHNlfQ%3D%3D\">\n\t\t\t\t\t\t<span class=\"elementor-button-content-wrapper\">\n\t\t\t\t\t\t\t\t\t<span class=\"elementor-button-text\">View Contacts<\/span>\n\t\t\t\t\t<\/span>\n\t\t\t\t\t<\/a>\n\t\t\t\t<\/div>\n\t\t\t\t\t\t\t\t<\/div>\n\t\t\t\t<\/div>\n\t\t\t\t<\/div>\n\t\t<div class=\"elementor-element elementor-element-d36cfbb e-con-full e-flex e-con e-child\" data-id=\"d36cfbb\" data-element_type=\"container\">\n\t\t\t\t<div class=\"elementor-element elementor-element-8cdcde4 elementor-widget elementor-widget-google_maps\" data-id=\"8cdcde4\" data-element_type=\"widget\" data-widget_type=\"google_maps.default\">\n\t\t\t\t<div class=\"elementor-widget-container\">\n\t\t\t\t\t\t\t<div class=\"elementor-custom-embed\">\n\t\t\t<iframe loading=\"lazy\"\n\t\t\t\t\tsrc=\"https:\/\/maps.google.com\/maps?q=renal%20medical%2C%20&#038;t=m&#038;z=12&#038;output=embed&#038;iwloc=near\"\n\t\t\t\t\ttitle=\"renal medical, \"\n\t\t\t\t\taria-label=\"renal medical, \"\n\t\t\t><\/iframe>\n\t\t<\/div>\n\t\t\t\t\t\t<\/div>\n\t\t\t\t<\/div>\n\t\t\t\t<\/div>\n\t\t\t\t\t<\/div>\n\t\t\t\t<\/div>\n\t\t<div class=\"elementor-element elementor-element-173af1c e-con-full e-flex e-con e-parent\" data-id=\"173af1c\" data-element_type=\"container\">\n\t\t\t\t<div class=\"elementor-element elementor-element-006f50a elementor-widget-mobile__width-initial elementor-widget elementor-widget-heading\" data-id=\"006f50a\" data-element_type=\"widget\" data-widget_type=\"heading.default\">\n\t\t\t\t<div class=\"elementor-widget-container\">\n\t\t\t\t\t<h2 class=\"elementor-heading-title elementor-size-default\">DEJENOS SU MENSAJE!<\/h2>\t\t\t\t<\/div>\n\t\t\t\t<\/div>\n\t\t<div class=\"elementor-element elementor-element-df58ecb e-con-full e-flex e-con e-child\" data-id=\"df58ecb\" data-element_type=\"container\">\n\t\t\t\t<div class=\"elementor-element elementor-element-13d5552 elementor-widget elementor-widget-wpforms\" data-id=\"13d5552\" data-element_type=\"widget\" data-widget_type=\"wpforms.default\">\n\t\t\t\t<div class=\"elementor-widget-container\">\n\t\t\t\t\t<style id=\"wpforms-css-vars-elementor-widget-13d5552\">\n\t\t\t\t.elementor-widget-wpforms.elementor-element-13d5552 {\n\t\t\t\t--wpforms-field-border-radius: 10px;\n--wpforms-field-background-color: #E7ECEE;\n--wpforms-field-border-color: #0F0F0F;\n--wpforms-field-border-color-spare: #0F0F0F;\n--wpforms-button-border-radius: 5px;\n--wpforms-button-background-color: #4D608E;\n--wpforms-field-size-input-height: 31px;\n--wpforms-field-size-input-spacing: 10px;\n--wpforms-field-size-font-size: 14px;\n--wpforms-field-size-line-height: 17px;\n--wpforms-field-size-padding-h: 9px;\n--wpforms-field-size-checkbox-size: 14px;\n--wpforms-field-size-sublabel-spacing: 5px;\n--wpforms-field-size-icon-size: 0.75;\n--wpforms-label-size-font-size: 14px;\n--wpforms-label-size-line-height: 17px;\n--wpforms-label-size-sublabel-font-size: 13px;\n--wpforms-label-size-sublabel-line-height: 16px;\n--wpforms-button-size-font-size: 20px;\n--wpforms-button-size-height: 48px;\n--wpforms-button-size-padding-h: 20px;\n--wpforms-button-size-margin-top: 15px;\n\n\t\t\t}\n\t\t\t<\/style><div class=\"wpforms-container wpforms-container-full wpforms-render-modern\" id=\"wpforms-8993\"><form id=\"wpforms-form-8993\" class=\"wpforms-validate wpforms-form wpforms-ajax-form\" data-formid=\"8993\" method=\"post\" enctype=\"multipart\/form-data\" action=\"\/en\/wp-json\/wp\/v2\/pages\/264\" data-token=\"475bbda217ac2ae29fc8c0d1634b14fa\" data-token-time=\"1778353026\" data-trp-original-action=\"\/en\/wp-json\/wp\/v2\/pages\/264\"><noscript class=\"wpforms-error-noscript\">Please enable JavaScript in your browser to complete this form.<\/noscript><div class=\"wpforms-hidden\" id=\"wpforms-error-noscript\">Please enable JavaScript in your browser to complete this form.<\/div><div class=\"wpforms-field-container\"><div id=\"wpforms-8993-field_1-container\" class=\"wpforms-field wpforms-field-name\" data-field-id=\"1\"><fieldset><legend class=\"wpforms-field-label\">Names <span class=\"wpforms-required-label\" aria-hidden=\"true\">*<\/span><\/legend><div class=\"wpforms-field-row wpforms-field-large\"><div class=\"wpforms-field-row-block wpforms-first wpforms-one-half\"><input type=\"text\" id=\"wpforms-8993-field_1\" class=\"wpforms-field-name-first wpforms-field-required\" name=\"wpforms[fields][1][first]\" aria-errormessage=\"wpforms-8993-field_1-error\" required><label for=\"wpforms-8993-field_1\" class=\"wpforms-field-sublabel after\">First<\/label><\/div><div class=\"wpforms-field-row-block wpforms-one-half\"><input type=\"text\" id=\"wpforms-8993-field_1-last\" class=\"wpforms-field-name-last wpforms-field-required\" name=\"wpforms[fields][1][last]\" aria-errormessage=\"wpforms-8993-field_1-last-error\" required><label for=\"wpforms-8993-field_1-last\" class=\"wpforms-field-sublabel after\">Last<\/label><\/div><\/div><\/fieldset><\/div><div id=\"wpforms-8993-field_17-container\" class=\"wpforms-field wpforms-field-layout\" data-field-id=\"17\"><div class=\"wpforms-field-layout-rows wpforms-field-large\"><div class=\"wpforms-layout-row\"><div class=\"wpforms-layout-column wpforms-layout-column-50\"><div id=\"wpforms-8993-field_5-container\" class=\"wpforms-field wpforms-field-phone\" data-field-id=\"5\"><label class=\"wpforms-field-label\" for=\"wpforms-8993-field_5\">Phone Number <span class=\"wpforms-required-label\" aria-hidden=\"true\">*<\/span><\/label><input type=\"tel\" id=\"wpforms-8993-field_5\" class=\"wpforms-field-medium wpforms-field-required\" data-rule-int-phone-field=\"true\" name=\"wpforms[fields][5]\" aria-label=\"Phone Number\" aria-errormessage=\"wpforms-8993-field_5-error\" required><\/div><\/div><div class=\"wpforms-layout-column wpforms-layout-column-50\"><div id=\"wpforms-8993-field_2-container\" class=\"wpforms-field wpforms-field-email\" data-field-id=\"2\"><label class=\"wpforms-field-label\" for=\"wpforms-8993-field_2\">Email Address <span class=\"wpforms-required-label\" aria-hidden=\"true\">*<\/span><\/label><input type=\"email\" id=\"wpforms-8993-field_2\" class=\"wpforms-field-medium wpforms-field-required\" name=\"wpforms[fields][2]\" spellcheck=\"false\" aria-errormessage=\"wpforms-8993-field_2-error\" required><\/div><\/div><\/div><\/div><\/div><div id=\"wpforms-8993-field_4-container\" class=\"wpforms-field wpforms-field-select wpforms-field-select-style-modern\" data-field-id=\"4\"><label class=\"wpforms-field-label\" for=\"wpforms-8993-field_4\">Subject <span class=\"wpforms-required-label\" aria-hidden=\"true\">*<\/span><\/label><select id=\"wpforms-8993-field_4\" class=\"wpforms-field-small wpforms-field-required choicesjs-select\" data-size-class=\"wpforms-field-row wpforms-field-small\" data-search-enabled=\"\" name=\"wpforms[fields][4]\" required=\"required\"><option value=\"\" class=\"placeholder\" disabled selected='selected'>Product Information<\/option><option value=\"Consulta de Productos\" >Product Information<\/option><option value=\"Control de Calidad\" >Quality Control<\/option><option value=\"Credito y Cartera\" >Payments and Portfolio<\/option><option value=\"Env\u00edos y Depachos\" >Shipping and Dispatching<\/option><option value=\"Informaci\u00f3n General\" >General Information<\/option><option value=\"Informaci\u00f3n para  Proveedores\" >Information for Providers<\/option><option value=\"Servicio al Cliente\" >Customer Service<\/option><\/select><\/div><div id=\"wpforms-8993-field_3-container\" class=\"wpforms-field wpforms-field-textarea\" data-field-id=\"3\"><label class=\"wpforms-field-label\" for=\"wpforms-8993-field_3\">Comment or Message <span class=\"wpforms-required-label\" aria-hidden=\"true\">*<\/span><\/label><textarea id=\"wpforms-8993-field_3\" class=\"wpforms-field-medium wpforms-field-required\" name=\"wpforms[fields][3]\" aria-errormessage=\"wpforms-8993-field_3-error\" required><\/textarea><\/div><div id=\"wpforms-8993-field_16-container\" class=\"wpforms-field wpforms-field-checkbox\" data-field-id=\"16\"><fieldset><legend class=\"wpforms-field-label wpforms-label-hide\" aria-hidden=\"false\">Terms and Conditions <span class=\"wpforms-required-label\" aria-hidden=\"true\">*<\/span><\/legend><ul id=\"wpforms-8993-field_16\" class=\"wpforms-field-required\"><li class=\"choice-1 depth-1\"><input type=\"checkbox\" id=\"wpforms-8993-field_16_1\" name=\"wpforms[fields][16][]\" value=\"T\u00e9rminos y condiciones\" aria-errormessage=\"wpforms-8993-field_16_1-error\" aria-describedby=\"wpforms-8993-field_16-description\" required><label class=\"wpforms-field-label-inline\" for=\"wpforms-8993-field_16_1\">Terms and Conditions<\/label><\/li><\/ul><div id=\"wpforms-8993-field_16-description\" class=\"wpforms-field-description\">En cumplimiento de las disposiciones de la Ley 1581 de 2012, Ley 1266 de 2008 y Decreto 1377 de 2013; \n    declaro de manera libre, expresa, inequ\u00edvoca e informada que autorizo a RENAL MEDICAL MARKETING LIMITADA, \n    con domicilio en Parque Industrial Celta, km. 7,8 v\u00eda Bogot\u00e1-La Vega, Bodega. 146, con n\u00famero de tel\u00e9fono \n    de contacto +57 (601) 896 64 29\/30\/31, para el tratamiento de los datos, conforme a lo establecido en nuestra \n    pol\u00edtica <strong style=\"color:#FF0000;\">DG-SG-005 AUTORIZACI\u00d3N PARA EL TRATAMIENTO DE DATOS PERSONALES PROVEEDOR\/CLIENTE<\/strong> \n    *Estos campos son obligatorios. Puede encontrar informaci\u00f3n sobre el uso de sus datos en nuestra pol\u00edtica de \n    tratamiento de datos.<\/div><\/fieldset><\/div><\/div><!-- .wpforms-field-container --><div class=\"wpforms-submit-container\" ><input type=\"hidden\" name=\"wpforms[id]\" value=\"8993\"><input type=\"hidden\" name=\"page_title\" value=\"\"><input type=\"hidden\" name=\"page_url\" value=\"https:\/\/www.renal-medical.com\/en\/wp-json\/wp\/v2\/pages\/264\"><button type=\"submit\" name=\"wpforms[submit]\" id=\"wpforms-submit-8993\" class=\"wpforms-submit\" data-alt-text=\"Enviando...\" data-submit-text=\"Enviar\" aria-live=\"assertive\" value=\"wpforms-submit\">Submit<\/button><img decoding=\"async\" src=\"https:\/\/www.renal-medical.com\/wp-content\/plugins\/wpforms\/assets\/images\/submit-spin.svg\" class=\"wpforms-submit-spinner\" style=\"display: none;\" width=\"26\" height=\"26\" alt=\"Loading\"><\/div><input type=\"hidden\" name=\"trp-form-language\" value=\"en\"\/><\/form><\/div>  <!-- .wpforms-container -->\t\t\t\t<\/div>\n\t\t\t\t<\/div>\n\t\t\t\t<\/div>\n\t\t\t\t<\/div>\n\t\t\t\t<\/div>","protected":false},"excerpt":{"rendered":"<p>\u00a1Cont\u00e1ctenos! Estamos para asesorarle. Cont\u00e1ctenos \ud83d\udccd Direcci\u00f3n: V\u00eda Bogot\u00e1-La Vega, Km. 7.8\u00a0 Bodega 146 &#8211; Parque Industrial Celta Trade Park\u00a0Funza &#8211; Cundinamarca &#8211; Colombia \u23f0 Horarios de Atenci\u00f3n: Lunes y Martes: 6:00am a 4:00pmMi\u00e9rcoles a Viernes: 6:00am a 3:30pm \ud83d\udcde Tel\u00e9fono: (601) 8966429\/30\/31 ext 105- 125 Ver Contactos DEJENOS SU MENSAJE! Por favor, activa JavaScript [&hellip;]<\/p>","protected":false},"author":2,"featured_media":0,"parent":0,"menu_order":0,"comment_status":"closed","ping_status":"closed","template":"","meta":{"footnotes":""},"class_list":["post-264","page","type-page","status-publish","hentry"],"_links":{"self":[{"href":"https:\/\/www.renal-medical.com\/en\/wp-json\/wp\/v2\/pages\/264"}],"collection":[{"href":"https:\/\/www.renal-medical.com\/en\/wp-json\/wp\/v2\/pages"}],"about":[{"href":"https:\/\/www.renal-medical.com\/en\/wp-json\/wp\/v2\/types\/page"}],"author":[{"embeddable":true,"href":"https:\/\/www.renal-medical.com\/en\/wp-json\/wp\/v2\/users\/2"}],"replies":[{"embeddable":true,"href":"https:\/\/www.renal-medical.com\/en\/wp-json\/wp\/v2\/comments?post=264"}],"version-history":[{"count":115,"href":"https:\/\/www.renal-medical.com\/en\/wp-json\/wp\/v2\/pages\/264\/revisions"}],"predecessor-version":[{"id":9115,"href":"https:\/\/www.renal-medical.com\/en\/wp-json\/wp\/v2\/pages\/264\/revisions\/9115"}],"wp:attachment":[{"href":"https:\/\/www.renal-medical.com\/en\/wp-json\/wp\/v2\/media?parent=264"}],"curies":[{"name":"wp","href":"https:\/\/api.w.org\/{rel}","templated":true}]}}