{"id":8417,"date":"2025-02-23T18:19:25","date_gmt":"2025-02-23T23:19:25","guid":{"rendered":"https:\/\/www.renal-medical.com\/?post_type=product&#038;p=8417"},"modified":"2025-02-23T18:45:17","modified_gmt":"2025-02-23T23:45:17","slug":"lineas-av-para-hemodialisis-sukses-dora","status":"publish","type":"product","link":"https:\/\/www.renal-medical.com\/en\/product\/lineas-av-para-hemodialisis-sukses-dora\/","title":{"rendered":"L\u00edneas AV para Hemodi\u00e1lisis SUKSES -DORA"},"content":{"rendered":"<p>Las <strong data-start=\"351\" data-end=\"396\">L\u00edneas AV para Hemodi\u00e1lisis SUKSES &#8211; DORA<\/strong> han sido dise\u00f1adas para garantizar un flujo sangu\u00edneo estable y seguro durante los tratamientos de hemodi\u00e1lisis, hemofiltraci\u00f3n y plasmaf\u00e9resis. Fabricadas con <strong data-start=\"557\" data-end=\"612\">material blando y altamente resistente a torceduras<\/strong>, evitan la presi\u00f3n o inestabilidad en el circuito, asegurando una conducci\u00f3n eficiente de la sangre.<\/p>\n<p data-start=\"993\" data-end=\"1174\"><strong data-start=\"993\" data-end=\"1014\">Especificaciones:<\/strong><br data-start=\"1014\" data-end=\"1017\" \/>\u2714 Material resistente a torceduras para un flujo estable.<br data-start=\"1074\" data-end=\"1077\" \/>\u2714 Puntos de inyecci\u00f3n libres de l\u00e1tex.<br data-start=\"1115\" data-end=\"1118\" \/>\u2714 Disponible en <strong data-start=\"1134\" data-end=\"1154\">longitud de 8 mm<\/strong>, referencia Dora.<\/p>\n<p data-start=\"1176\" data-end=\"1198\"><strong data-start=\"1176\" data-end=\"1196\">Consideraciones:<\/strong><\/p>\n<ul data-start=\"1199\" data-end=\"1359\">\n<li data-start=\"1199\" data-end=\"1262\"><strong data-start=\"1201\" data-end=\"1219\">Clasificaci\u00f3n:<\/strong> Dispositivo m\u00e9dico invasivo. Riesgo IIa.<\/li>\n<li data-start=\"1263\" data-end=\"1296\"><strong data-start=\"1265\" data-end=\"1279\">Uso \u00fanico:<\/strong> NO REUTILIZAR.<\/li>\n<li data-start=\"1297\" data-end=\"1359\"><strong data-start=\"1299\" data-end=\"1313\">Vida \u00fatil:<\/strong> 3 a\u00f1os a partir de la fecha de fabricaci\u00f3n.<\/li>\n<\/ul>","protected":false},"excerpt":{"rendered":"<p>Dispositivo empleado para la conducci\u00f3n de sangre en tratamientos de hemodi\u00e1lisis, hemofiltraci\u00f3n, plasmaf\u00e9resis y hemoperfusi\u00f3n.<\/p>\n<p data-start=\"717\" data-end=\"910\">Incluyen una <strong data-start=\"730\" data-end=\"777\">l\u00ednea arterial en rojo y una venosa en azul<\/strong>, utilizadas durante la di\u00e1lisis y conectadas a la aguja para f\u00edstula y filtro dializador, garantizando un proceso seguro y eficaz.<\/p>\n<p data-start=\"912\" data-end=\"943\"><strong data-start=\"912\" data-end=\"941\">Presentaci\u00f3n del producto<\/strong><\/p>\n<p data-start=\"945\" data-end=\"991\"><strong data-start=\"945\" data-end=\"957\">\ud83d\udd39Empaque:<\/strong> Individual, caja X 24 unidades.<\/p>","protected":false},"featured_media":8418,"comment_status":"closed","ping_status":"closed","template":"","meta":[],"product_brand":[],"product_cat":[106,104],"product_tag":[],"class_list":{"0":"post-8417","1":"product","2":"type-product","3":"status-publish","4":"has-post-thumbnail","6":"product_cat-lineas-av-para-hemodialisis","7":"product_cat-terapia-renal","9":"first","10":"instock","11":"shipping-taxable","12":"product-type-simple"},"_links":{"self":[{"href":"https:\/\/www.renal-medical.com\/en\/wp-json\/wp\/v2\/product\/8417"}],"collection":[{"href":"https:\/\/www.renal-medical.com\/en\/wp-json\/wp\/v2\/product"}],"about":[{"href":"https:\/\/www.renal-medical.com\/en\/wp-json\/wp\/v2\/types\/product"}],"replies":[{"embeddable":true,"href":"https:\/\/www.renal-medical.com\/en\/wp-json\/wp\/v2\/comments?post=8417"}],"wp:featuredmedia":[{"embeddable":true,"href":"https:\/\/www.renal-medical.com\/en\/wp-json\/wp\/v2\/media\/8418"}],"wp:attachment":[{"href":"https:\/\/www.renal-medical.com\/en\/wp-json\/wp\/v2\/media?parent=8417"}],"wp:term":[{"taxonomy":"product_brand","embeddable":true,"href":"https:\/\/www.renal-medical.com\/en\/wp-json\/wp\/v2\/product_brand?post=8417"},{"taxonomy":"product_cat","embeddable":true,"href":"https:\/\/www.renal-medical.com\/en\/wp-json\/wp\/v2\/product_cat?post=8417"},{"taxonomy":"product_tag","embeddable":true,"href":"https:\/\/www.renal-medical.com\/en\/wp-json\/wp\/v2\/product_tag?post=8417"}],"curies":[{"name":"wp","href":"https:\/\/api.w.org\/{rel}","templated":true}]}}