{"id":8472,"date":"2025-02-23T19:00:54","date_gmt":"2025-02-24T00:00:54","guid":{"rendered":"https:\/\/www.renal-medical.com\/?post_type=product&#038;p=8472"},"modified":"2025-02-23T19:00:54","modified_gmt":"2025-02-24T00:00:54","slug":"filtro-hemodializador-polietersulfona-alto-flujo","status":"publish","type":"product","link":"https:\/\/www.renal-medical.com\/en\/product\/filtro-hemodializador-polietersulfona-alto-flujo\/","title":{"rendered":"Filtro Hemodializador Polietersulfona Alto Flujo"},"content":{"rendered":"<p data-start=\"562\" data-end=\"850\">Este dispositivo es <strong data-start=\"582\" data-end=\"614\">biocompatible y libre de BPA<\/strong>, lo que minimiza la p\u00e9rdida de alb\u00famina y asegura un proceso seguro para el paciente. Su dise\u00f1o avanzado permite un <strong data-start=\"731\" data-end=\"809\">mayor rendimiento en la eliminaci\u00f3n de toxinas de tama\u00f1o peque\u00f1o y mediano<\/strong>, garantizando un tratamiento efectivo.<\/p>\n<p data-start=\"852\" data-end=\"1056\">Gracias a su <strong data-start=\"865\" data-end=\"903\">perfil de tamizado m\u00e1s pronunciado<\/strong>, facilita la eliminaci\u00f3n de prote\u00ednas de alto peso molecular (LMW) y reduce la p\u00e9rdida de prote\u00ednas esenciales, asegurando una di\u00e1lisis m\u00e1s eficiente.<\/p>\n<p data-start=\"1142\" data-end=\"1357\"><strong data-start=\"1142\" data-end=\"1163\">Especificaciones:<\/strong><br data-start=\"1163\" data-end=\"1166\" \/>\u2714 Alta eliminaci\u00f3n de toxinas y dise\u00f1o seguro contra infecciones.<br data-start=\"1231\" data-end=\"1234\" \/>\u2714 Material <strong data-start=\"1245\" data-end=\"1277\">biocompatible y libre de BPA<\/strong>.<br data-start=\"1278\" data-end=\"1281\" \/>\u2714 Perfil de tamizado optimizado para eliminar toxinas peque\u00f1as y medianas.<\/p>\n<p data-start=\"1359\" data-end=\"1381\"><strong data-start=\"1359\" data-end=\"1379\">Consideraciones:<\/strong><\/p>\n<ul data-start=\"1382\" data-end=\"1548\">\n<li data-start=\"1382\" data-end=\"1448\"><strong data-start=\"1384\" data-end=\"1402\">Clasificaci\u00f3n:<\/strong> Dispositivo m\u00e9dico no invasivo. Riesgo IIb.<\/li>\n<li data-start=\"1449\" data-end=\"1482\"><strong data-start=\"1451\" data-end=\"1465\">Uso \u00fanico:<\/strong> NO REUTILIZAR.\n<ul data-start=\"1382\" data-end=\"1548\">\n<li data-start=\"1483\" data-end=\"1548\"><strong data-start=\"1485\" data-end=\"1499\">Vida \u00fatil:<\/strong> 3 a\u00f1os a partir de la fecha de esterilizaci\u00f3n.<\/li>\n<\/ul>\n<\/li>\n<\/ul>","protected":false},"excerpt":{"rendered":"<p>Dispositivo destinado para la terapia de di\u00e1lisis en pacientes con insuficiencia renal. El <strong data-start=\"305\" data-end=\"363\">Filtro Hemodializador de Polietersulfona de Alto Flujo<\/strong> ha sido dise\u00f1ado para mejorar la eficiencia en los tratamientos de di\u00e1lisis, ofreciendo una alta capacidad de eliminaci\u00f3n de toxinas y un dise\u00f1o optimizado para reducir el riesgo de infecciones.<\/p>\n<p data-start=\"1058\" data-end=\"1089\"><strong data-start=\"1058\" data-end=\"1087\">Presentaci\u00f3n del producto<\/strong><\/p>\n<p data-start=\"1091\" data-end=\"1140\">\ud83d\udd39 <strong data-start=\"1094\" data-end=\"1106\">Empaque:<\/strong> Individual, caja X 24 unidades.<\/p>","protected":false},"featured_media":8473,"comment_status":"closed","ping_status":"closed","template":"","meta":[],"product_brand":[],"product_cat":[107,104],"product_tag":[],"class_list":{"0":"post-8472","1":"product","2":"type-product","3":"status-publish","4":"has-post-thumbnail","6":"product_cat-filtro-dializador","7":"product_cat-terapia-renal","9":"first","10":"instock","11":"shipping-taxable","12":"product-type-simple"},"_links":{"self":[{"href":"https:\/\/www.renal-medical.com\/en\/wp-json\/wp\/v2\/product\/8472"}],"collection":[{"href":"https:\/\/www.renal-medical.com\/en\/wp-json\/wp\/v2\/product"}],"about":[{"href":"https:\/\/www.renal-medical.com\/en\/wp-json\/wp\/v2\/types\/product"}],"replies":[{"embeddable":true,"href":"https:\/\/www.renal-medical.com\/en\/wp-json\/wp\/v2\/comments?post=8472"}],"wp:featuredmedia":[{"embeddable":true,"href":"https:\/\/www.renal-medical.com\/en\/wp-json\/wp\/v2\/media\/8473"}],"wp:attachment":[{"href":"https:\/\/www.renal-medical.com\/en\/wp-json\/wp\/v2\/media?parent=8472"}],"wp:term":[{"taxonomy":"product_brand","embeddable":true,"href":"https:\/\/www.renal-medical.com\/en\/wp-json\/wp\/v2\/product_brand?post=8472"},{"taxonomy":"product_cat","embeddable":true,"href":"https:\/\/www.renal-medical.com\/en\/wp-json\/wp\/v2\/product_cat?post=8472"},{"taxonomy":"product_tag","embeddable":true,"href":"https:\/\/www.renal-medical.com\/en\/wp-json\/wp\/v2\/product_tag?post=8472"}],"curies":[{"name":"wp","href":"https:\/\/api.w.org\/{rel}","templated":true}]}}