{"id":8474,"date":"2025-02-23T19:11:32","date_gmt":"2025-02-24T00:11:32","guid":{"rendered":"https:\/\/www.renal-medical.com\/?post_type=product&#038;p=8474"},"modified":"2025-02-23T19:11:32","modified_gmt":"2025-02-24T00:11:32","slug":"kit-cateter-agudo-precurvado","status":"publish","type":"product","link":"https:\/\/www.renal-medical.com\/en\/product\/kit-cateter-agudo-precurvado\/","title":{"rendered":"Kit Cat\u00e9ter Agudo Precurvado"},"content":{"rendered":"<p>El <strong data-start=\"377\" data-end=\"409\">Kit Cat\u00e9ter Agudo Precurvado<\/strong> es un dispositivo dise\u00f1ado para proporcionar un acceso venoso temporal en procedimientos de <strong data-start=\"502\" data-end=\"571\">hemodi\u00e1lisis, transfusi\u00f3n de sangre y toma de muestras sangu\u00edneas<\/strong>. Su dise\u00f1o avanzado garantiza un flujo sangu\u00edneo continuo y seguro, reduciendo riesgos durante el procedimiento.<\/p>\n<p data-start=\"1292\" data-end=\"1653\"><strong data-start=\"1292\" data-end=\"1313\">Especificaciones:<\/strong><br data-start=\"1313\" data-end=\"1316\" \/>\u2714 Material de <strong data-start=\"1330\" data-end=\"1396\">poliuretano flexible y extensiones de silicona de grado m\u00e9dico<\/strong>.<br data-start=\"1397\" data-end=\"1400\" \/>\u2714 Punta c\u00f3nica para proteger la pared interna del vaso sangu\u00edneo.<br data-start=\"1465\" data-end=\"1468\" \/>\u2714 Alambre gu\u00eda con escala y terminaci\u00f3n distal en \u201cJ\u201d para facilitar la inserci\u00f3n.<br data-start=\"1550\" data-end=\"1553\" \/>\u2714 Disponible en las medidas <strong data-start=\"1581\" data-end=\"1615\">14FRx15CM &#8211; REF.FR-241915 (IM)<\/strong> y <strong data-start=\"1618\" data-end=\"1650\">14FRx20CM &#8211; REF.FR-2456 (IM)<\/strong>.<\/p>\n<p data-start=\"1655\" data-end=\"1677\"><strong data-start=\"1655\" data-end=\"1675\">Consideraciones:<\/strong><\/p>\n<ul data-start=\"1678\" data-end=\"1852\">\n<li data-start=\"1678\" data-end=\"1752\"><strong data-start=\"1680\" data-end=\"1698\">Clasificaci\u00f3n:<\/strong> Dispositivo m\u00e9dico invasivo quir\u00fargico. Riesgo IIb.<\/li>\n<li data-start=\"1753\" data-end=\"1786\"><strong data-start=\"1755\" data-end=\"1769\">Uso \u00fanico:<\/strong> NO REUTILIZAR.<\/li>\n<li data-start=\"1787\" data-end=\"1852\"><strong data-start=\"1789\" data-end=\"1803\">Vida \u00fatil:<\/strong> 3 a\u00f1os a partir de la fecha de esterilizaci\u00f3n.<\/li>\n<\/ul>","protected":false},"excerpt":{"rendered":"<p>Dispositivo utilizado como acceso temporal para di\u00e1lisis o transfusi\u00f3n; infusi\u00f3n venosa continua o discontinua; transfusi\u00f3n de sangre y sus derivados y muestreo de sangre.<\/p>\n<p data-start=\"688\" data-end=\"995\">Fabricado con <strong data-start=\"702\" data-end=\"752\">poliuretano de alta elasticidad y flexibilidad<\/strong>, permite una mayor adaptabilidad a la anatom\u00eda del paciente, asegurando una experiencia menos invasiva. Sus <strong data-start=\"861\" data-end=\"904\">extensiones de silicona de grado m\u00e9dico<\/strong> proporcionan una alta biocompatibilidad y permiten la visualizaci\u00f3n del flujo sangu\u00edneo.<\/p>\n<p data-start=\"997\" data-end=\"1206\">El <strong data-start=\"1000\" data-end=\"1033\">dise\u00f1o con punta c\u00f3nica suave<\/strong> protege la pared interna del vaso sangu\u00edneo, mientras que su <strong data-start=\"1095\" data-end=\"1150\">alambre gu\u00eda con escala y terminaci\u00f3n distal en &#8220;J&#8221;<\/strong> facilita la inserci\u00f3n y el control de la profundidad.<\/p>\n<p data-start=\"1208\" data-end=\"1239\"><strong data-start=\"1208\" data-end=\"1237\">Presentaci\u00f3n del producto<\/strong><\/p>\n<p data-start=\"1241\" data-end=\"1290\">\ud83d\udd39 <strong data-start=\"1244\" data-end=\"1256\">Empaque:<\/strong> Individual, caja X 10 unidades.<\/p>","protected":false},"featured_media":8475,"comment_status":"closed","ping_status":"closed","template":"","meta":[],"product_brand":[],"product_cat":[108,104],"product_tag":[],"class_list":{"0":"post-8474","1":"product","2":"type-product","3":"status-publish","4":"has-post-thumbnail","6":"product_cat-cateter-para-hemodialisis","7":"product_cat-terapia-renal","9":"first","10":"instock","11":"shipping-taxable","12":"product-type-simple"},"_links":{"self":[{"href":"https:\/\/www.renal-medical.com\/en\/wp-json\/wp\/v2\/product\/8474"}],"collection":[{"href":"https:\/\/www.renal-medical.com\/en\/wp-json\/wp\/v2\/product"}],"about":[{"href":"https:\/\/www.renal-medical.com\/en\/wp-json\/wp\/v2\/types\/product"}],"replies":[{"embeddable":true,"href":"https:\/\/www.renal-medical.com\/en\/wp-json\/wp\/v2\/comments?post=8474"}],"wp:featuredmedia":[{"embeddable":true,"href":"https:\/\/www.renal-medical.com\/en\/wp-json\/wp\/v2\/media\/8475"}],"wp:attachment":[{"href":"https:\/\/www.renal-medical.com\/en\/wp-json\/wp\/v2\/media?parent=8474"}],"wp:term":[{"taxonomy":"product_brand","embeddable":true,"href":"https:\/\/www.renal-medical.com\/en\/wp-json\/wp\/v2\/product_brand?post=8474"},{"taxonomy":"product_cat","embeddable":true,"href":"https:\/\/www.renal-medical.com\/en\/wp-json\/wp\/v2\/product_cat?post=8474"},{"taxonomy":"product_tag","embeddable":true,"href":"https:\/\/www.renal-medical.com\/en\/wp-json\/wp\/v2\/product_tag?post=8474"}],"curies":[{"name":"wp","href":"https:\/\/api.w.org\/{rel}","templated":true}]}}