{"id":8477,"date":"2025-02-23T19:19:47","date_gmt":"2025-02-24T00:19:47","guid":{"rendered":"https:\/\/www.renal-medical.com\/?post_type=product&#038;p=8477"},"modified":"2025-02-23T19:19:47","modified_gmt":"2025-02-24T00:19:47","slug":"kit-cateter-agudo-recto","status":"publish","type":"product","link":"https:\/\/www.renal-medical.com\/en\/product\/kit-cateter-agudo-recto\/","title":{"rendered":"Kit Cat\u00e9ter Agudo Recto"},"content":{"rendered":"<p data-start=\"369\" data-end=\"679\">El <strong data-start=\"372\" data-end=\"399\">Kit Cat\u00e9ter Agudo Recto<\/strong> est\u00e1 dise\u00f1ado para proporcionar un <strong data-start=\"435\" data-end=\"480\">acceso venoso temporal seguro y eficiente<\/strong> en procedimientos de <strong data-start=\"502\" data-end=\"571\">hemodi\u00e1lisis, transfusi\u00f3n de sangre y toma de muestras sangu\u00edneas<\/strong>. Su dise\u00f1o recto optimiza el flujo sangu\u00edneo y facilita su inserci\u00f3n en distintos procedimientos m\u00e9dicos.<\/p>\n<p data-start=\"681\" data-end=\"967\">Fabricado con <strong data-start=\"695\" data-end=\"745\">poliuretano de alta elasticidad y flexibilidad<\/strong>, permite un mejor ajuste anat\u00f3mico y minimiza el trauma en el paciente. Adem\u00e1s, cuenta con <strong data-start=\"837\" data-end=\"880\">extensiones de silicona de grado m\u00e9dico<\/strong>, que permiten visualizar el flujo sangu\u00edneo para un mayor control del procedimiento.<\/p>\n<p data-start=\"1250\" data-end=\"1576\"><strong data-start=\"1250\" data-end=\"1271\">Especificaciones:<\/strong><br data-start=\"1271\" data-end=\"1274\" \/>\u2714 Material de <strong data-start=\"1288\" data-end=\"1354\">poliuretano flexible y extensiones de silicona de grado m\u00e9dico<\/strong>.<br data-start=\"1355\" data-end=\"1358\" \/>\u2714 Punta c\u00f3nica para proteger la pared interna del vaso sangu\u00edneo.<br data-start=\"1423\" data-end=\"1426\" \/>\u2714 Alambre gu\u00eda con escala y terminaci\u00f3n distal en \u201cJ\u201d para mayor precisi\u00f3n y protecci\u00f3n.<br data-start=\"1514\" data-end=\"1517\" \/>\u2714 Disponible en medida <strong data-start=\"1540\" data-end=\"1573\">14FRX20CM &#8211; REF. FR-2416 (IM)<\/strong>.<\/p>\n<p data-start=\"1578\" data-end=\"1600\"><strong data-start=\"1578\" data-end=\"1598\">Consideraciones:<\/strong><\/p>\n<ul data-start=\"1601\" data-end=\"1775\">\n<li data-start=\"1601\" data-end=\"1675\"><strong data-start=\"1603\" data-end=\"1621\">Clasificaci\u00f3n:<\/strong> Dispositivo m\u00e9dico invasivo quir\u00fargico. Riesgo IIb.<\/li>\n<li data-start=\"1676\" data-end=\"1709\"><strong data-start=\"1678\" data-end=\"1692\">Uso \u00fanico:<\/strong> NO REUTILIZAR.<\/li>\n<li data-start=\"1710\" data-end=\"1775\"><strong data-start=\"1712\" data-end=\"1726\">Vida \u00fatil:<\/strong> 3 a\u00f1os a partir de la fecha de esterilizaci\u00f3n.<\/li>\n<\/ul>","protected":false},"excerpt":{"rendered":"<p>Dispositivo utilizado como acceso temporal para di\u00e1lisis o transfusi\u00f3n; infusi\u00f3n venosa continua o discontinua; transfusi\u00f3n de sangre y sus derivados y muestreo de sangre.<\/p>\n<p data-start=\"969\" data-end=\"1164\">El <strong data-start=\"972\" data-end=\"1005\">dise\u00f1o con punta c\u00f3nica suave<\/strong> protege la pared interna del vaso sangu\u00edneo, mientras que su <strong data-start=\"1067\" data-end=\"1122\">alambre gu\u00eda con escala y terminaci\u00f3n distal en &#8220;J&#8221;<\/strong> permite una inserci\u00f3n precisa y segura.<\/p>\n<p data-start=\"1166\" data-end=\"1197\"><strong data-start=\"1166\" data-end=\"1195\">Presentaci\u00f3n del producto<\/strong><\/p>\n<p data-start=\"1199\" data-end=\"1248\">\ud83d\udd39 <strong data-start=\"1202\" data-end=\"1214\">Empaque:<\/strong> Individual, caja X 10 unidades.<\/p>","protected":false},"featured_media":8478,"comment_status":"closed","ping_status":"closed","template":"","meta":[],"product_brand":[],"product_cat":[108,104],"product_tag":[],"class_list":{"0":"post-8477","1":"product","2":"type-product","3":"status-publish","4":"has-post-thumbnail","6":"product_cat-cateter-para-hemodialisis","7":"product_cat-terapia-renal","9":"first","10":"instock","11":"shipping-taxable","12":"product-type-simple"},"_links":{"self":[{"href":"https:\/\/www.renal-medical.com\/en\/wp-json\/wp\/v2\/product\/8477"}],"collection":[{"href":"https:\/\/www.renal-medical.com\/en\/wp-json\/wp\/v2\/product"}],"about":[{"href":"https:\/\/www.renal-medical.com\/en\/wp-json\/wp\/v2\/types\/product"}],"replies":[{"embeddable":true,"href":"https:\/\/www.renal-medical.com\/en\/wp-json\/wp\/v2\/comments?post=8477"}],"wp:featuredmedia":[{"embeddable":true,"href":"https:\/\/www.renal-medical.com\/en\/wp-json\/wp\/v2\/media\/8478"}],"wp:attachment":[{"href":"https:\/\/www.renal-medical.com\/en\/wp-json\/wp\/v2\/media?parent=8477"}],"wp:term":[{"taxonomy":"product_brand","embeddable":true,"href":"https:\/\/www.renal-medical.com\/en\/wp-json\/wp\/v2\/product_brand?post=8477"},{"taxonomy":"product_cat","embeddable":true,"href":"https:\/\/www.renal-medical.com\/en\/wp-json\/wp\/v2\/product_cat?post=8477"},{"taxonomy":"product_tag","embeddable":true,"href":"https:\/\/www.renal-medical.com\/en\/wp-json\/wp\/v2\/product_tag?post=8477"}],"curies":[{"name":"wp","href":"https:\/\/api.w.org\/{rel}","templated":true}]}}