{"id":8479,"date":"2025-02-23T19:26:16","date_gmt":"2025-02-24T00:26:16","guid":{"rendered":"https:\/\/www.renal-medical.com\/?post_type=product&#038;p=8479"},"modified":"2025-02-23T19:26:16","modified_gmt":"2025-02-24T00:26:16","slug":"cloruro-de-sodio-kg","status":"publish","type":"product","link":"https:\/\/www.renal-medical.com\/en\/product\/cloruro-de-sodio-kg\/","title":{"rendered":"Cloruro de Sodio &#8211; KG"},"content":{"rendered":"<p>El <strong data-start=\"443\" data-end=\"468\">Cloruro de Sodio &#8211; KG<\/strong> es un compuesto de alta pureza dise\u00f1ado para su uso en la <strong data-start=\"527\" data-end=\"593\">fabricaci\u00f3n de concentrados \u00e1cidos y b\u00e1sicos para hemodi\u00e1lisis<\/strong>. Su calidad garantiza un rendimiento \u00f3ptimo en los tratamientos, asegurando una composici\u00f3n estable y libre de impurezas.<\/p>\n<p><strong data-start=\"942\" data-end=\"968\">Aspecto y propiedades:<\/strong><br data-start=\"968\" data-end=\"971\" \/>\u2714 Cristales incoloros o polvo cristalino blanco, <strong data-start=\"1020\" data-end=\"1052\">libre de part\u00edculas extra\u00f1as<\/strong>.<br data-start=\"1053\" data-end=\"1056\" \/>\u2714 Soluci\u00f3n <strong data-start=\"1067\" data-end=\"1094\">transparente e incolora<\/strong>, con una pureza entre <strong data-start=\"1117\" data-end=\"1143\">99,0% y 100,5% de NaCl<\/strong>.<br data-start=\"1144\" data-end=\"1147\" \/>\u2714 Contenido de impurezas <strong data-start=\"1172\" data-end=\"1197\">no superior a 200 ppm<\/strong>.<\/p>\n<p data-start=\"1269\" data-end=\"1291\"><strong data-start=\"1269\" data-end=\"1289\">Consideraciones:<\/strong><\/p>\n<ul data-start=\"1292\" data-end=\"1353\">\n<li data-start=\"1292\" data-end=\"1353\"><strong data-start=\"1294\" data-end=\"1308\">Vida \u00fatil:<\/strong> 1 a\u00f1o a partir de la fecha de fabricaci\u00f3n.<\/li>\n<\/ul>","protected":false},"excerpt":{"rendered":"<p>Destinado para la fabricaci\u00f3n de concentrado \u00e1cido para hemodi\u00e1lisis, concentrado b\u00e1sico para hemodi\u00e1lisis. Empleado como salmuera en el pretratamiento del sistema de agua purificada.<\/p>\n<p>Este producto es utilizado <strong data-start=\"746\" data-end=\"815\">como salmuera en el pretratamiento del sistema de agua purificada<\/strong>, contribuyendo a la eliminaci\u00f3n de impurezas y asegurando una adecuada conductividad en el proceso de tratamiento de agua.<\/p>\n<p data-start=\"1202\" data-end=\"1233\"><strong data-start=\"1202\" data-end=\"1231\">Presentaci\u00f3n del producto<\/strong><\/p>\n<p data-start=\"1235\" data-end=\"1267\">\ud83d\udd39 <strong data-start=\"1238\" data-end=\"1250\">Empaque:<\/strong> Saco de 25 kg.<\/p>","protected":false},"featured_media":8480,"comment_status":"closed","ping_status":"closed","template":"","meta":[],"product_brand":[],"product_cat":[109,104],"product_tag":[],"class_list":{"0":"post-8479","1":"product","2":"type-product","3":"status-publish","4":"has-post-thumbnail","6":"product_cat-salmuera","7":"product_cat-terapia-renal","9":"first","10":"instock","11":"shipping-taxable","12":"product-type-simple"},"_links":{"self":[{"href":"https:\/\/www.renal-medical.com\/en\/wp-json\/wp\/v2\/product\/8479"}],"collection":[{"href":"https:\/\/www.renal-medical.com\/en\/wp-json\/wp\/v2\/product"}],"about":[{"href":"https:\/\/www.renal-medical.com\/en\/wp-json\/wp\/v2\/types\/product"}],"replies":[{"embeddable":true,"href":"https:\/\/www.renal-medical.com\/en\/wp-json\/wp\/v2\/comments?post=8479"}],"wp:featuredmedia":[{"embeddable":true,"href":"https:\/\/www.renal-medical.com\/en\/wp-json\/wp\/v2\/media\/8480"}],"wp:attachment":[{"href":"https:\/\/www.renal-medical.com\/en\/wp-json\/wp\/v2\/media?parent=8479"}],"wp:term":[{"taxonomy":"product_brand","embeddable":true,"href":"https:\/\/www.renal-medical.com\/en\/wp-json\/wp\/v2\/product_brand?post=8479"},{"taxonomy":"product_cat","embeddable":true,"href":"https:\/\/www.renal-medical.com\/en\/wp-json\/wp\/v2\/product_cat?post=8479"},{"taxonomy":"product_tag","embeddable":true,"href":"https:\/\/www.renal-medical.com\/en\/wp-json\/wp\/v2\/product_tag?post=8479"}],"curies":[{"name":"wp","href":"https:\/\/api.w.org\/{rel}","templated":true}]}}