{"id":8481,"date":"2025-02-23T19:32:48","date_gmt":"2025-02-24T00:32:48","guid":{"rendered":"https:\/\/www.renal-medical.com\/?post_type=product&#038;p=8481"},"modified":"2025-02-23T19:39:06","modified_gmt":"2025-02-24T00:39:06","slug":"concentrado-acido-en-polvo-para-hd-acetico-sukses-ap","status":"publish","type":"product","link":"https:\/\/www.renal-medical.com\/en\/product\/concentrado-acido-en-polvo-para-hd-acetico-sukses-ap\/","title":{"rendered":"Concentrado \u00c1cido en Polvo para HD (Ac\u00e9tico) &#8211; Sukses AP"},"content":{"rendered":"<p>El <strong data-start=\"498\" data-end=\"558\">Concentrado \u00c1cido en Polvo para HD (Ac\u00e9tico) &#8211; Sukses AP<\/strong> est\u00e1 dise\u00f1ado para ser utilizado en tratamientos de <strong data-start=\"611\" data-end=\"627\">hemodi\u00e1lisis<\/strong>, asegurando la adecuada eliminaci\u00f3n de toxinas y la estabilidad del medio extracelular durante el procedimiento.<\/p>\n<p><strong data-start=\"950\" data-end=\"966\">Composici\u00f3n:<\/strong><br data-start=\"966\" data-end=\"969\" \/>\u2714 Contiene <strong data-start=\"980\" data-end=\"1086\">cloruro de sodio, dextrosa, \u00e1cido ac\u00e9tico, cloruro de potasio, cloruro de magnesio y cloruro de calcio<\/strong>.<br data-start=\"1087\" data-end=\"1090\" \/>\u2714 Disponible en <strong data-start=\"1106\" data-end=\"1156\">polvo cristalino blanco o l\u00edquido transparente<\/strong>.<br data-start=\"1157\" data-end=\"1160\" \/>\u2714 El <strong data-start=\"1165\" data-end=\"1214\">pH de la reconstituci\u00f3n var\u00eda entre 1,7 y 2,5<\/strong>, con una <strong data-start=\"1224\" data-end=\"1260\">densidad de 1,1300 a 1,1600 g\/mL<\/strong> y una <strong data-start=\"1267\" data-end=\"1303\">conductividad de 150 a 170 mS\/cm<\/strong>.<\/p>\n<p data-start=\"1407\" data-end=\"1429\"><strong data-start=\"1407\" data-end=\"1427\">Consideraciones:<\/strong><\/p>\n<ul data-start=\"1430\" data-end=\"1543\">\n<li data-start=\"1430\" data-end=\"1486\"><strong data-start=\"1432\" data-end=\"1450\">Clasificaci\u00f3n:<\/strong> Dispositivo m\u00e9dico de riesgo IIb.<\/li>\n<li data-start=\"1487\" data-end=\"1543\"><strong data-start=\"1489\" data-end=\"1503\">Vida \u00fatil:<\/strong> 3 a\u00f1os desde la fecha de fabricaci\u00f3n.<\/li>\n<\/ul>","protected":false},"excerpt":{"rendered":"<blockquote data-start=\"274\" data-end=\"456\">\n<p data-start=\"276\" data-end=\"456\">Destinado para la realizaci\u00f3n de hemodi\u00e1lisis en pacientes que requieran de este procedimiento debido a insuficiencia renal aguda o insuficiencia renal cr\u00f3nica en fase sustitutiva.<\/p>\n<p data-start=\"276\" data-end=\"456\">Este concentrado, <strong data-start=\"762\" data-end=\"838\">una vez hidratado, se mezcla con la soluci\u00f3n SUKSES BP para hemodi\u00e1lisis<\/strong>, siguiendo la proporci\u00f3n indicada para garantizar su eficacia y compatibilidad con los equipos de di\u00e1lisis.<\/p>\n<p data-start=\"1308\" data-end=\"1339\"><strong data-start=\"1308\" data-end=\"1337\">Presentaci\u00f3n del producto<\/strong><\/p>\n<p data-start=\"1341\" data-end=\"1405\">\ud83d\udd39 <strong data-start=\"1344\" data-end=\"1356\">Empaque:<\/strong> Disponible en las referencias <strong data-start=\"1387\" data-end=\"1402\">AP REF. P61<\/strong>.<\/p>\n<\/blockquote>","protected":false},"featured_media":8482,"comment_status":"closed","ping_status":"closed","template":"","meta":[],"product_brand":[],"product_cat":[110,104],"product_tag":[],"class_list":{"0":"post-8481","1":"product","2":"type-product","3":"status-publish","4":"has-post-thumbnail","6":"product_cat-concentrado-acido","7":"product_cat-terapia-renal","9":"first","10":"instock","11":"shipping-taxable","12":"product-type-simple"},"_links":{"self":[{"href":"https:\/\/www.renal-medical.com\/en\/wp-json\/wp\/v2\/product\/8481"}],"collection":[{"href":"https:\/\/www.renal-medical.com\/en\/wp-json\/wp\/v2\/product"}],"about":[{"href":"https:\/\/www.renal-medical.com\/en\/wp-json\/wp\/v2\/types\/product"}],"replies":[{"embeddable":true,"href":"https:\/\/www.renal-medical.com\/en\/wp-json\/wp\/v2\/comments?post=8481"}],"wp:featuredmedia":[{"embeddable":true,"href":"https:\/\/www.renal-medical.com\/en\/wp-json\/wp\/v2\/media\/8482"}],"wp:attachment":[{"href":"https:\/\/www.renal-medical.com\/en\/wp-json\/wp\/v2\/media?parent=8481"}],"wp:term":[{"taxonomy":"product_brand","embeddable":true,"href":"https:\/\/www.renal-medical.com\/en\/wp-json\/wp\/v2\/product_brand?post=8481"},{"taxonomy":"product_cat","embeddable":true,"href":"https:\/\/www.renal-medical.com\/en\/wp-json\/wp\/v2\/product_cat?post=8481"},{"taxonomy":"product_tag","embeddable":true,"href":"https:\/\/www.renal-medical.com\/en\/wp-json\/wp\/v2\/product_tag?post=8481"}],"curies":[{"name":"wp","href":"https:\/\/api.w.org\/{rel}","templated":true}]}}