{"id":8483,"date":"2025-02-23T19:43:23","date_gmt":"2025-02-24T00:43:23","guid":{"rendered":"https:\/\/www.renal-medical.com\/?post_type=product&#038;p=8483"},"modified":"2025-02-23T19:43:23","modified_gmt":"2025-02-24T00:43:23","slug":"concentrado-acido-en-polvo-para-hd-acetico-sukses-ap-35x","status":"publish","type":"product","link":"https:\/\/www.renal-medical.com\/en\/product\/concentrado-acido-en-polvo-para-hd-acetico-sukses-ap-35x\/","title":{"rendered":"Concentrado \u00c1cido en Polvo para HD (Ac\u00e9tico) &#8211; Sukses AP-35X"},"content":{"rendered":"<p data-start=\"704\" data-end=\"884\">Para su aplicaci\u00f3n, <strong data-start=\"724\" data-end=\"768\">debe mezclarse con la soluci\u00f3n SUKSES BP<\/strong> siguiendo una proporci\u00f3n espec\u00edfica para asegurar su compatibilidad y eficacia en los procedimientos de di\u00e1lisis.<\/p>\n<p data-start=\"886\" data-end=\"1203\"><strong data-start=\"886\" data-end=\"902\">Composici\u00f3n:<\/strong><br data-start=\"902\" data-end=\"905\" \/>\u2714 Contiene <strong data-start=\"916\" data-end=\"1000\">cloruro de sodio, dextrosa, \u00e1cido ac\u00e9tico, cloruro de potasio, magnesio y calcio<\/strong>.<br data-start=\"1001\" data-end=\"1004\" \/>\u2714 Disponible en <strong data-start=\"1020\" data-end=\"1047\">polvo cristalino blanco<\/strong> para una f\u00e1cil disoluci\u00f3n.<br data-start=\"1074\" data-end=\"1077\" \/>\u2714 <strong data-start=\"1079\" data-end=\"1119\">pH de reconstituci\u00f3n entre 1,7 y 2,5<\/strong>, con <strong data-start=\"1125\" data-end=\"1161\">densidad de 1,1300 a 1,1600 g\/mL<\/strong> y <strong data-start=\"1164\" data-end=\"1200\">conductividad de 150 a 170 mS\/cm<\/strong>.<\/p>\n<p data-start=\"1323\" data-end=\"1345\"><strong data-start=\"1323\" data-end=\"1343\">Consideraciones:<\/strong><\/p>\n<ul data-start=\"1346\" data-end=\"1459\">\n<li data-start=\"1346\" data-end=\"1402\"><strong data-start=\"1348\" data-end=\"1366\">Clasificaci\u00f3n:<\/strong> Dispositivo m\u00e9dico de riesgo IIb.<\/li>\n<li data-start=\"1403\" data-end=\"1459\"><strong data-start=\"1405\" data-end=\"1419\">Vida \u00fatil:<\/strong> 3 a\u00f1os desde la fecha de fabricaci\u00f3n.<\/li>\n<\/ul>","protected":false},"excerpt":{"rendered":"<blockquote data-start=\"277\" data-end=\"459\">\n<p data-start=\"279\" data-end=\"459\">Destinado para la realizaci\u00f3n de hemodi\u00e1lisis en pacientes que requieran de este procedimiento debido a insuficiencia renal aguda o insuficiencia renal cr\u00f3nica en fase sustitutiva.<\/p>\n<p data-start=\"279\" data-end=\"459\">El <strong data-start=\"501\" data-end=\"565\">Concentrado \u00c1cido en Polvo para HD (Ac\u00e9tico) &#8211; Sukses AP-35X<\/strong> est\u00e1 formulado para su uso en <strong data-start=\"596\" data-end=\"612\">hemodi\u00e1lisis<\/strong>, garantizando una correcta eliminaci\u00f3n de toxinas y estabilidad del medio extracelular.<\/p>\n<p data-start=\"1205\" data-end=\"1236\"><strong data-start=\"1205\" data-end=\"1234\">Presentaci\u00f3n del producto<\/strong><\/p>\n<p data-start=\"1238\" data-end=\"1321\">\ud83d\udd39 <strong data-start=\"1241\" data-end=\"1253\">Empaque:<\/strong> Disponible en las referencias <strong data-start=\"1284\" data-end=\"1318\">AP 35X (REF. 205) &#8211; (REF. 201)<\/strong>.<\/p>\n<\/blockquote>","protected":false},"featured_media":8484,"comment_status":"closed","ping_status":"closed","template":"","meta":[],"product_brand":[],"product_cat":[110,104],"product_tag":[],"class_list":{"0":"post-8483","1":"product","2":"type-product","3":"status-publish","4":"has-post-thumbnail","6":"product_cat-concentrado-acido","7":"product_cat-terapia-renal","9":"first","10":"instock","11":"shipping-taxable","12":"product-type-simple"},"_links":{"self":[{"href":"https:\/\/www.renal-medical.com\/en\/wp-json\/wp\/v2\/product\/8483"}],"collection":[{"href":"https:\/\/www.renal-medical.com\/en\/wp-json\/wp\/v2\/product"}],"about":[{"href":"https:\/\/www.renal-medical.com\/en\/wp-json\/wp\/v2\/types\/product"}],"replies":[{"embeddable":true,"href":"https:\/\/www.renal-medical.com\/en\/wp-json\/wp\/v2\/comments?post=8483"}],"wp:featuredmedia":[{"embeddable":true,"href":"https:\/\/www.renal-medical.com\/en\/wp-json\/wp\/v2\/media\/8484"}],"wp:attachment":[{"href":"https:\/\/www.renal-medical.com\/en\/wp-json\/wp\/v2\/media?parent=8483"}],"wp:term":[{"taxonomy":"product_brand","embeddable":true,"href":"https:\/\/www.renal-medical.com\/en\/wp-json\/wp\/v2\/product_brand?post=8483"},{"taxonomy":"product_cat","embeddable":true,"href":"https:\/\/www.renal-medical.com\/en\/wp-json\/wp\/v2\/product_cat?post=8483"},{"taxonomy":"product_tag","embeddable":true,"href":"https:\/\/www.renal-medical.com\/en\/wp-json\/wp\/v2\/product_tag?post=8483"}],"curies":[{"name":"wp","href":"https:\/\/api.w.org\/{rel}","templated":true}]}}