{"id":8485,"date":"2025-02-23T19:52:26","date_gmt":"2025-02-24T00:52:26","guid":{"rendered":"https:\/\/www.renal-medical.com\/?post_type=product&#038;p=8485"},"modified":"2025-02-23T19:52:26","modified_gmt":"2025-02-24T00:52:26","slug":"concentrado-acido-en-polvo-para-hd-citrico-sukses-ap-lemon-35x","status":"publish","type":"product","link":"https:\/\/www.renal-medical.com\/en\/product\/concentrado-acido-en-polvo-para-hd-citrico-sukses-ap-lemon-35x\/","title":{"rendered":"Concentrado \u00c1cido en Polvo para HD (C\u00edtrico) &#8211; Sukses AP Lemon 35X"},"content":{"rendered":"<p data-start=\"504\" data-end=\"719\">El <strong data-start=\"507\" data-end=\"577\">Concentrado \u00c1cido en Polvo para HD (C\u00edtrico) &#8211; Sukses AP Lemon 35X<\/strong> est\u00e1 dise\u00f1ado para su uso en <strong data-start=\"607\" data-end=\"623\">hemodi\u00e1lisis<\/strong>, garantizando un adecuado equilibrio electrol\u00edtico y eliminaci\u00f3n de toxinas en los pacientes.<\/p>\n<p data-start=\"721\" data-end=\"875\">El producto <strong data-start=\"733\" data-end=\"820\">se presenta en dos cajas con bolsas de cloruro de sodio, calcio, potasio y magnesio<\/strong>, con opci\u00f3n de incluir <strong data-start=\"844\" data-end=\"872\">dextrosa y \u00e1cido c\u00edtrico<\/strong>.<\/p>\n<p data-start=\"721\" data-end=\"875\"><strong data-start=\"1035\" data-end=\"1065\">Composici\u00f3n y Propiedades:<\/strong><br data-start=\"1065\" data-end=\"1068\" \/>\u2714 Contiene <strong data-start=\"1079\" data-end=\"1127\">cloruro de sodio, calcio, potasio y magnesio<\/strong>, con opci\u00f3n de <strong data-start=\"1143\" data-end=\"1171\">dextrosa y \u00e1cido c\u00edtrico<\/strong>.<br data-start=\"1172\" data-end=\"1175\" \/>\u2714 Disponible en <strong data-start=\"1191\" data-end=\"1256\">polvo cristalino blanco o l\u00edquido incoloro tras su disoluci\u00f3n<\/strong>.<br data-start=\"1257\" data-end=\"1260\" \/>\u2714 <strong data-start=\"1262\" data-end=\"1302\">pH de reconstituci\u00f3n entre 1,8 y 2,4<\/strong>, con una <strong data-start=\"1312\" data-end=\"1348\">conductividad de 160 a 180 mS\/cm<\/strong>.<\/p>\n<p data-start=\"1542\" data-end=\"1564\"><strong data-start=\"1542\" data-end=\"1562\">Consideraciones:<\/strong><\/p>\n<ul data-start=\"1565\" data-end=\"1678\">\n<li data-start=\"1565\" data-end=\"1621\"><strong data-start=\"1567\" data-end=\"1585\">Clasificaci\u00f3n:<\/strong> Dispositivo m\u00e9dico de riesgo IIb.<\/li>\n<li data-start=\"1622\" data-end=\"1678\"><strong data-start=\"1624\" data-end=\"1638\">Vida \u00fatil:<\/strong> 3 a\u00f1os desde la fecha de fabricaci\u00f3n.<\/li>\n<\/ul>","protected":false},"excerpt":{"rendered":"<p>Destinado para la realizaci\u00f3n de hemodi\u00e1lisis en pacientes que requieran de este procedimiento debido a insuficiencia renal aguda o insuficiencia renal cr\u00f3nica en fase sustitutiva.<\/p>\n<p>Para su aplicaci\u00f3n, <strong data-start=\"897\" data-end=\"945\">debe mezclarse con la soluci\u00f3n SUKSES BP-45X<\/strong> en una proporci\u00f3n espec\u00edfica para garantizar su eficacia en tratamientos de di\u00e1lisis.<\/p>\n<p data-start=\"1353\" data-end=\"1384\"><strong data-start=\"1353\" data-end=\"1382\">Presentaci\u00f3n del producto<\/strong><\/p>\n<p data-start=\"1386\" data-end=\"1540\">\ud83d\udd39 <strong data-start=\"1389\" data-end=\"1401\">Empaque:<\/strong> Caja con bolsas, suficiente para reconstituir <strong data-start=\"1448\" data-end=\"1462\">25 galones<\/strong> de soluci\u00f3n.<br data-start=\"1475\" data-end=\"1478\" \/>\ud83d\udd39 Disponible en las referencias <strong data-start=\"1511\" data-end=\"1537\">AP Lemon 35X REF. AC06<\/strong>.<\/p>","protected":false},"featured_media":8490,"comment_status":"closed","ping_status":"closed","template":"","meta":[],"product_brand":[],"product_cat":[110,104],"product_tag":[],"class_list":{"0":"post-8485","1":"product","2":"type-product","3":"status-publish","4":"has-post-thumbnail","6":"product_cat-concentrado-acido","7":"product_cat-terapia-renal","9":"first","10":"instock","11":"shipping-taxable","12":"product-type-simple"},"_links":{"self":[{"href":"https:\/\/www.renal-medical.com\/en\/wp-json\/wp\/v2\/product\/8485"}],"collection":[{"href":"https:\/\/www.renal-medical.com\/en\/wp-json\/wp\/v2\/product"}],"about":[{"href":"https:\/\/www.renal-medical.com\/en\/wp-json\/wp\/v2\/types\/product"}],"replies":[{"embeddable":true,"href":"https:\/\/www.renal-medical.com\/en\/wp-json\/wp\/v2\/comments?post=8485"}],"wp:featuredmedia":[{"embeddable":true,"href":"https:\/\/www.renal-medical.com\/en\/wp-json\/wp\/v2\/media\/8490"}],"wp:attachment":[{"href":"https:\/\/www.renal-medical.com\/en\/wp-json\/wp\/v2\/media?parent=8485"}],"wp:term":[{"taxonomy":"product_brand","embeddable":true,"href":"https:\/\/www.renal-medical.com\/en\/wp-json\/wp\/v2\/product_brand?post=8485"},{"taxonomy":"product_cat","embeddable":true,"href":"https:\/\/www.renal-medical.com\/en\/wp-json\/wp\/v2\/product_cat?post=8485"},{"taxonomy":"product_tag","embeddable":true,"href":"https:\/\/www.renal-medical.com\/en\/wp-json\/wp\/v2\/product_tag?post=8485"}],"curies":[{"name":"wp","href":"https:\/\/api.w.org\/{rel}","templated":true}]}}