{"id":8491,"date":"2025-02-23T19:56:36","date_gmt":"2025-02-24T00:56:36","guid":{"rendered":"https:\/\/www.renal-medical.com\/?post_type=product&#038;p=8491"},"modified":"2025-02-23T19:59:11","modified_gmt":"2025-02-24T00:59:11","slug":"concentrado-acido-en-polvo-para-hd-citrico-sukses-ap-lemon-45x","status":"publish","type":"product","link":"https:\/\/www.renal-medical.com\/en\/product\/concentrado-acido-en-polvo-para-hd-citrico-sukses-ap-lemon-45x\/","title":{"rendered":"Concentrado \u00c1cido en Polvo para HD (C\u00edtrico) &#8211; Sukses AP Lemon 45X"},"content":{"rendered":"<p data-start=\"745\" data-end=\"916\">Este producto se presenta en <strong data-start=\"774\" data-end=\"824\">dos cajas con bolsas de diferentes componentes<\/strong> que deben mezclarse con la <strong data-start=\"852\" data-end=\"878\">soluci\u00f3n SUKSES BP-45X<\/strong> para lograr una preparaci\u00f3n exacta.<\/p>\n<p data-start=\"918\" data-end=\"1195\"><strong data-start=\"918\" data-end=\"949\">Composici\u00f3n y Presentaci\u00f3n:<\/strong><br data-start=\"949\" data-end=\"952\" \/>\ud83d\udd39 <strong data-start=\"955\" data-end=\"970\">Caja No. 1:<\/strong> Tres bolsas de cloruro de sodio.<br data-start=\"1003\" data-end=\"1006\" \/>\ud83d\udd39 <strong data-start=\"1009\" data-end=\"1024\">Caja No. 2:<\/strong><br data-start=\"1024\" data-end=\"1027\" \/>\u2714 Una bolsa con mezcla de <strong data-start=\"1056\" data-end=\"1119\">cloruro de magnesio, cloruro de calcio y cloruro de potasio<\/strong>.<br data-start=\"1120\" data-end=\"1123\" \/>\u2714 Una bolsa de <strong data-start=\"1141\" data-end=\"1153\">dextrosa<\/strong>.<br data-start=\"1154\" data-end=\"1157\" \/>\u2714 Una bolsa de <strong data-start=\"1175\" data-end=\"1192\">\u00e1cido c\u00edtrico<\/strong>.<\/p>\n<p data-start=\"918\" data-end=\"1195\">Una vez reconstituido, el producto adquiere un <strong data-start=\"1244\" data-end=\"1266\">pH entre 1,8 y 2,4<\/strong>, con una <strong data-start=\"1276\" data-end=\"1312\">conductividad de 160 a 180 mS\/cm<\/strong>. <strong data-start=\"1314\" data-end=\"1350\">Es completamente soluble en agua<\/strong> y adecuado para su uso en procedimientos de di\u00e1lisis.<\/p>\n<p data-start=\"1551\" data-end=\"1573\"><strong data-start=\"1551\" data-end=\"1571\">Consideraciones:<\/strong><\/p>\n<ul data-start=\"1574\" data-end=\"1687\">\n<li data-start=\"1574\" data-end=\"1630\"><strong data-start=\"1576\" data-end=\"1594\">Clasificaci\u00f3n:<\/strong> Dispositivo m\u00e9dico de riesgo IIb.<\/li>\n<li data-start=\"1631\" data-end=\"1687\"><strong data-start=\"1633\" data-end=\"1647\">Vida \u00fatil:<\/strong> 3 a\u00f1os desde la fecha de fabricaci\u00f3n.<\/li>\n<\/ul>","protected":false},"excerpt":{"rendered":"<p>Destinado para la realizaci\u00f3n de hemodi\u00e1lisis en pacientes que requieran de este procedimiento debido a insuficiencia renal aguda o insuficiencia renal cr\u00f3nica en fase sustitutiva.<\/p>\n<p>El <strong data-start=\"507\" data-end=\"577\">Concentrado \u00c1cido en Polvo para HD (C\u00edtrico) &#8211; Sukses AP Lemon 45X<\/strong> est\u00e1 formulado para su uso en <strong data-start=\"608\" data-end=\"640\">tratamientos de hemodi\u00e1lisis<\/strong>, garantizando una adecuada estabilidad del medio extracelular y la eliminaci\u00f3n eficiente de toxinas.<\/p>\n<p data-start=\"1408\" data-end=\"1439\"><strong data-start=\"1408\" data-end=\"1437\">Presentaci\u00f3n del producto<\/strong><\/p>\n<p data-start=\"1441\" data-end=\"1549\">\ud83d\udd39 <strong data-start=\"1444\" data-end=\"1456\">Empaque:<\/strong> Dos cajas con bolsas de soluci\u00f3n concentrada, preparadas para <strong data-start=\"1519\" data-end=\"1546\">reconstituir 25 galones<\/strong>.<\/p>","protected":false},"featured_media":0,"comment_status":"closed","ping_status":"closed","template":"","meta":[],"product_brand":[],"product_cat":[110,104],"product_tag":[],"class_list":{"0":"post-8491","1":"product","2":"type-product","3":"status-publish","5":"product_cat-concentrado-acido","6":"product_cat-terapia-renal","8":"first","9":"instock","10":"shipping-taxable","11":"product-type-simple"},"_links":{"self":[{"href":"https:\/\/www.renal-medical.com\/en\/wp-json\/wp\/v2\/product\/8491"}],"collection":[{"href":"https:\/\/www.renal-medical.com\/en\/wp-json\/wp\/v2\/product"}],"about":[{"href":"https:\/\/www.renal-medical.com\/en\/wp-json\/wp\/v2\/types\/product"}],"replies":[{"embeddable":true,"href":"https:\/\/www.renal-medical.com\/en\/wp-json\/wp\/v2\/comments?post=8491"}],"wp:attachment":[{"href":"https:\/\/www.renal-medical.com\/en\/wp-json\/wp\/v2\/media?parent=8491"}],"wp:term":[{"taxonomy":"product_brand","embeddable":true,"href":"https:\/\/www.renal-medical.com\/en\/wp-json\/wp\/v2\/product_brand?post=8491"},{"taxonomy":"product_cat","embeddable":true,"href":"https:\/\/www.renal-medical.com\/en\/wp-json\/wp\/v2\/product_cat?post=8491"},{"taxonomy":"product_tag","embeddable":true,"href":"https:\/\/www.renal-medical.com\/en\/wp-json\/wp\/v2\/product_tag?post=8491"}],"curies":[{"name":"wp","href":"https:\/\/api.w.org\/{rel}","templated":true}]}}