{"id":8493,"date":"2025-02-23T20:08:18","date_gmt":"2025-02-24T01:08:18","guid":{"rendered":"https:\/\/www.renal-medical.com\/?post_type=product&#038;p=8493"},"modified":"2025-02-23T20:08:18","modified_gmt":"2025-02-24T01:08:18","slug":"concentrado-acido-en-polvo-para-hd-citrico-sukses-ap-lemon","status":"publish","type":"product","link":"https:\/\/www.renal-medical.com\/en\/product\/concentrado-acido-en-polvo-para-hd-citrico-sukses-ap-lemon\/","title":{"rendered":"Concentrado \u00c1cido en Polvo para HD (C\u00edtrico) &#8211; Sukses AP Lemon"},"content":{"rendered":"<p data-start=\"757\" data-end=\"908\">Este concentrado debe mezclarse con la <strong data-start=\"796\" data-end=\"818\">soluci\u00f3n SUKSES BP<\/strong> en las proporciones recomendadas para garantizar un equilibrio preciso de electrolitos.<\/p>\n<p data-start=\"910\" data-end=\"1134\"><strong data-start=\"910\" data-end=\"941\">Composici\u00f3n y Presentaci\u00f3n:<\/strong><br data-start=\"941\" data-end=\"944\" \/>\u2714 <strong data-start=\"946\" data-end=\"1004\">Polvo cristalino blanco, libre de part\u00edculas extra\u00f1as.<\/strong><br data-start=\"1004\" data-end=\"1007\" \/>\u2714 <strong data-start=\"1009\" data-end=\"1034\">pH de reconstituci\u00f3n:<\/strong> Entre 1,2 y 2,2.<br data-start=\"1051\" data-end=\"1054\" \/>\u2714 <strong data-start=\"1056\" data-end=\"1069\">Densidad:<\/strong> De 1,100 a 1,300 g\/mL.<br data-start=\"1092\" data-end=\"1095\" \/>\u2714 <strong data-start=\"1097\" data-end=\"1115\">Conductividad:<\/strong> 155 a 170 mS\/cm.<\/p>\n<p data-start=\"1229\" data-end=\"1251\"><strong data-start=\"1229\" data-end=\"1249\">Consideraciones:<\/strong><\/p>\n<ul data-start=\"1252\" data-end=\"1365\">\n<li data-start=\"1252\" data-end=\"1308\"><strong data-start=\"1254\" data-end=\"1272\">Clasificaci\u00f3n:<\/strong> Dispositivo m\u00e9dico de riesgo IIb.<\/li>\n<li data-start=\"1309\" data-end=\"1365\"><strong data-start=\"1311\" data-end=\"1325\">Vida \u00fatil:<\/strong> 3 a\u00f1os desde la fecha de fabricaci\u00f3n.<\/li>\n<\/ul>","protected":false},"excerpt":{"rendered":"<p>Destinado para la realizaci\u00f3n de hemodi\u00e1lisis en pacientes que requieran de este procedimiento debido a insuficiencia renal aguda o insuficiencia renal cr\u00f3nica en fase sustitutiva.<\/p>\n<p>El <strong data-start=\"503\" data-end=\"569\">Concentrado \u00c1cido en Polvo para HD (C\u00edtrico) &#8211; Sukses AP Lemon<\/strong> es un producto formulado para su uso en <strong data-start=\"610\" data-end=\"642\">tratamientos de hemodi\u00e1lisis<\/strong>, asegurando una adecuada estabilidad del medio extracelular y facilitando la eliminaci\u00f3n eficiente de toxinas.<\/p>\n<p data-start=\"1136\" data-end=\"1167\"><strong data-start=\"1136\" data-end=\"1165\">Presentaci\u00f3n del producto<\/strong><\/p>\n<p data-start=\"1169\" data-end=\"1227\">\ud83d\udd39 <strong data-start=\"1172\" data-end=\"1184\">Empaque:<\/strong> Caja con bolsas de soluci\u00f3n concentrada.<\/p>","protected":false},"featured_media":8494,"comment_status":"closed","ping_status":"closed","template":"","meta":[],"product_brand":[],"product_cat":[110,104],"product_tag":[],"class_list":{"0":"post-8493","1":"product","2":"type-product","3":"status-publish","4":"has-post-thumbnail","6":"product_cat-concentrado-acido","7":"product_cat-terapia-renal","9":"first","10":"instock","11":"shipping-taxable","12":"product-type-simple"},"_links":{"self":[{"href":"https:\/\/www.renal-medical.com\/en\/wp-json\/wp\/v2\/product\/8493"}],"collection":[{"href":"https:\/\/www.renal-medical.com\/en\/wp-json\/wp\/v2\/product"}],"about":[{"href":"https:\/\/www.renal-medical.com\/en\/wp-json\/wp\/v2\/types\/product"}],"replies":[{"embeddable":true,"href":"https:\/\/www.renal-medical.com\/en\/wp-json\/wp\/v2\/comments?post=8493"}],"wp:featuredmedia":[{"embeddable":true,"href":"https:\/\/www.renal-medical.com\/en\/wp-json\/wp\/v2\/media\/8494"}],"wp:attachment":[{"href":"https:\/\/www.renal-medical.com\/en\/wp-json\/wp\/v2\/media?parent=8493"}],"wp:term":[{"taxonomy":"product_brand","embeddable":true,"href":"https:\/\/www.renal-medical.com\/en\/wp-json\/wp\/v2\/product_brand?post=8493"},{"taxonomy":"product_cat","embeddable":true,"href":"https:\/\/www.renal-medical.com\/en\/wp-json\/wp\/v2\/product_cat?post=8493"},{"taxonomy":"product_tag","embeddable":true,"href":"https:\/\/www.renal-medical.com\/en\/wp-json\/wp\/v2\/product_tag?post=8493"}],"curies":[{"name":"wp","href":"https:\/\/api.w.org\/{rel}","templated":true}]}}