{"id":8495,"date":"2025-02-23T20:13:28","date_gmt":"2025-02-24T01:13:28","guid":{"rendered":"https:\/\/www.renal-medical.com\/?post_type=product&#038;p=8495"},"modified":"2025-02-23T20:13:28","modified_gmt":"2025-02-24T01:13:28","slug":"concentrado-acido-liquido-para-hd-acetico-sukses-al-45x","status":"publish","type":"product","link":"https:\/\/www.renal-medical.com\/en\/product\/concentrado-acido-liquido-para-hd-acetico-sukses-al-45x\/","title":{"rendered":"Concentrado \u00c1cido L\u00edquido para HD (Ac\u00e9tico) &#8211; Sukses AL 45X"},"content":{"rendered":"<p data-start=\"742\" data-end=\"897\">Este concentrado debe mezclarse con la <strong data-start=\"781\" data-end=\"807\">soluci\u00f3n SUKSES BL-45X<\/strong> en las proporciones recomendadas para garantizar un equilibrio preciso de electrolitos.<\/p>\n<p data-start=\"899\" data-end=\"1116\"><strong data-start=\"899\" data-end=\"930\">Composici\u00f3n y Presentaci\u00f3n:<\/strong><br data-start=\"930\" data-end=\"933\" \/>\u2714 <strong data-start=\"935\" data-end=\"986\">L\u00edquido incoloro, libre de part\u00edculas extra\u00f1as.<\/strong><br data-start=\"986\" data-end=\"989\" \/>\u2714 <strong data-start=\"991\" data-end=\"1016\">pH de reconstituci\u00f3n:<\/strong> Entre 1,8 y 2,4.<br data-start=\"1033\" data-end=\"1036\" \/>\u2714 <strong data-start=\"1038\" data-end=\"1051\">Densidad:<\/strong> De 1,100 a 1,300 g\/mL.<br data-start=\"1074\" data-end=\"1077\" \/>\u2714 <strong data-start=\"1079\" data-end=\"1097\">Conductividad:<\/strong> 160 a 180 mS\/cm.<\/p>\n<p data-start=\"1213\" data-end=\"1235\"><strong data-start=\"1213\" data-end=\"1233\">Consideraciones:<\/strong><\/p>\n<ul data-start=\"1236\" data-end=\"1349\">\n<li data-start=\"1236\" data-end=\"1292\"><strong data-start=\"1238\" data-end=\"1256\">Clasificaci\u00f3n:<\/strong> Dispositivo m\u00e9dico de riesgo IIb.<\/li>\n<li data-start=\"1293\" data-end=\"1349\"><strong data-start=\"1295\" data-end=\"1309\">Vida \u00fatil:<\/strong> 3 a\u00f1os desde la fecha de fabricaci\u00f3n.<\/li>\n<\/ul>","protected":false},"excerpt":{"rendered":"<blockquote data-start=\"276\" data-end=\"458\">\n<p data-start=\"278\" data-end=\"458\">Destinado para la realizaci\u00f3n de hemodi\u00e1lisis en pacientes que requieran de este procedimiento debido a insuficiencia renal aguda o insuficiencia renal cr\u00f3nica en fase sustitutiva.<\/p>\n<p data-start=\"278\" data-end=\"458\">El <strong data-start=\"500\" data-end=\"563\">Concentrado \u00c1cido L\u00edquido para HD (Ac\u00e9tico) &#8211; Sukses AL 45X<\/strong> es una soluci\u00f3n formulada para <strong data-start=\"595\" data-end=\"627\">tratamientos de hemodi\u00e1lisis<\/strong>, asegurando una adecuada estabilidad del medio extracelular y facilitando la eliminaci\u00f3n eficiente de toxinas.<\/p>\n<p data-start=\"1118\" data-end=\"1149\"><strong data-start=\"1118\" data-end=\"1147\">Presentaci\u00f3n del producto<\/strong><\/p>\n<p data-start=\"1151\" data-end=\"1211\">\ud83d\udd39 <strong data-start=\"1154\" data-end=\"1166\">Empaque:<\/strong> Caja con 4 garrafas, cada una de un gal\u00f3n.<\/p>\n<\/blockquote>","protected":false},"featured_media":8496,"comment_status":"closed","ping_status":"closed","template":"","meta":[],"product_brand":[],"product_cat":[110,104],"product_tag":[],"class_list":{"0":"post-8495","1":"product","2":"type-product","3":"status-publish","4":"has-post-thumbnail","6":"product_cat-concentrado-acido","7":"product_cat-terapia-renal","9":"first","10":"instock","11":"shipping-taxable","12":"product-type-simple"},"_links":{"self":[{"href":"https:\/\/www.renal-medical.com\/en\/wp-json\/wp\/v2\/product\/8495"}],"collection":[{"href":"https:\/\/www.renal-medical.com\/en\/wp-json\/wp\/v2\/product"}],"about":[{"href":"https:\/\/www.renal-medical.com\/en\/wp-json\/wp\/v2\/types\/product"}],"replies":[{"embeddable":true,"href":"https:\/\/www.renal-medical.com\/en\/wp-json\/wp\/v2\/comments?post=8495"}],"wp:featuredmedia":[{"embeddable":true,"href":"https:\/\/www.renal-medical.com\/en\/wp-json\/wp\/v2\/media\/8496"}],"wp:attachment":[{"href":"https:\/\/www.renal-medical.com\/en\/wp-json\/wp\/v2\/media?parent=8495"}],"wp:term":[{"taxonomy":"product_brand","embeddable":true,"href":"https:\/\/www.renal-medical.com\/en\/wp-json\/wp\/v2\/product_brand?post=8495"},{"taxonomy":"product_cat","embeddable":true,"href":"https:\/\/www.renal-medical.com\/en\/wp-json\/wp\/v2\/product_cat?post=8495"},{"taxonomy":"product_tag","embeddable":true,"href":"https:\/\/www.renal-medical.com\/en\/wp-json\/wp\/v2\/product_tag?post=8495"}],"curies":[{"name":"wp","href":"https:\/\/api.w.org\/{rel}","templated":true}]}}