{"id":8499,"date":"2025-02-23T20:20:58","date_gmt":"2025-02-24T01:20:58","guid":{"rendered":"https:\/\/www.renal-medical.com\/?post_type=product&#038;p=8499"},"modified":"2025-02-23T20:20:58","modified_gmt":"2025-02-24T01:20:58","slug":"concentrado-acido-liquido-para-hd-acetico-sukses-al","status":"publish","type":"product","link":"https:\/\/www.renal-medical.com\/en\/product\/concentrado-acido-liquido-para-hd-acetico-sukses-al\/","title":{"rendered":"Concentrado \u00c1cido L\u00edquido para HD (Ac\u00e9tico) &#8211; Sukses AL"},"content":{"rendered":"<p data-start=\"734\" data-end=\"885\">Este concentrado debe mezclarse con la <strong data-start=\"773\" data-end=\"795\">soluci\u00f3n SUKSES BL<\/strong> en las proporciones recomendadas para garantizar un equilibrio preciso de electrolitos.<\/p>\n<p data-start=\"887\" data-end=\"1106\"><strong data-start=\"887\" data-end=\"918\">Composici\u00f3n y Presentaci\u00f3n:<\/strong><br data-start=\"918\" data-end=\"921\" \/>\u2714 <strong data-start=\"923\" data-end=\"974\">L\u00edquido incoloro, libre de part\u00edculas extra\u00f1as.<\/strong><br data-start=\"974\" data-end=\"977\" \/>\u2714 <strong data-start=\"979\" data-end=\"1004\">pH de reconstituci\u00f3n:<\/strong> Entre 1,7 y 2,5.<br data-start=\"1021\" data-end=\"1024\" \/>\u2714 <strong data-start=\"1026\" data-end=\"1039\">Densidad:<\/strong> De 1,1300 a 1,1600 g\/mL.<br data-start=\"1064\" data-end=\"1067\" \/>\u2714 <strong data-start=\"1069\" data-end=\"1087\">Conductividad:<\/strong> 150 a 170 mS\/cm.<\/p>\n<p data-start=\"1203\" data-end=\"1225\"><strong data-start=\"1203\" data-end=\"1223\">Consideraciones:<\/strong><\/p>\n<ul data-start=\"1226\" data-end=\"1339\">\n<li data-start=\"1226\" data-end=\"1282\"><strong data-start=\"1228\" data-end=\"1246\">Clasificaci\u00f3n:<\/strong> Dispositivo m\u00e9dico de riesgo IIb.<\/li>\n<li data-start=\"1283\" data-end=\"1339\"><strong data-start=\"1285\" data-end=\"1299\">Vida \u00fatil:<\/strong> 3 a\u00f1os desde la fecha de fabricaci\u00f3n.<\/li>\n<\/ul>","protected":false},"excerpt":{"rendered":"<p>Destinado para la realizaci\u00f3n de hemodi\u00e1lisis en pacientes que requieran de este procedimiento debido a insuficiencia renal aguda o insuficiencia renal cr\u00f3nica en fase sustitutiva.<\/p>\n<p>El <strong data-start=\"496\" data-end=\"555\">Concentrado \u00c1cido L\u00edquido para HD (Ac\u00e9tico) &#8211; Sukses AL<\/strong> es una soluci\u00f3n formulada para <strong data-start=\"587\" data-end=\"619\">tratamientos de hemodi\u00e1lisis<\/strong>, asegurando una adecuada estabilidad del medio extracelular y facilitando la eliminaci\u00f3n eficiente de toxinas.<\/p>\n<p data-start=\"1108\" data-end=\"1139\"><strong data-start=\"1108\" data-end=\"1137\">Presentaci\u00f3n del producto<\/strong><\/p>\n<p data-start=\"1141\" data-end=\"1201\">\ud83d\udd39 <strong data-start=\"1144\" data-end=\"1156\">Empaque:<\/strong> Caja con 4 garrafas, cada una de un gal\u00f3n.<\/p>","protected":false},"featured_media":8500,"comment_status":"closed","ping_status":"closed","template":"","meta":[],"product_brand":[],"product_cat":[110,104],"product_tag":[],"class_list":{"0":"post-8499","1":"product","2":"type-product","3":"status-publish","4":"has-post-thumbnail","6":"product_cat-concentrado-acido","7":"product_cat-terapia-renal","9":"first","10":"instock","11":"shipping-taxable","12":"product-type-simple"},"_links":{"self":[{"href":"https:\/\/www.renal-medical.com\/en\/wp-json\/wp\/v2\/product\/8499"}],"collection":[{"href":"https:\/\/www.renal-medical.com\/en\/wp-json\/wp\/v2\/product"}],"about":[{"href":"https:\/\/www.renal-medical.com\/en\/wp-json\/wp\/v2\/types\/product"}],"replies":[{"embeddable":true,"href":"https:\/\/www.renal-medical.com\/en\/wp-json\/wp\/v2\/comments?post=8499"}],"wp:featuredmedia":[{"embeddable":true,"href":"https:\/\/www.renal-medical.com\/en\/wp-json\/wp\/v2\/media\/8500"}],"wp:attachment":[{"href":"https:\/\/www.renal-medical.com\/en\/wp-json\/wp\/v2\/media?parent=8499"}],"wp:term":[{"taxonomy":"product_brand","embeddable":true,"href":"https:\/\/www.renal-medical.com\/en\/wp-json\/wp\/v2\/product_brand?post=8499"},{"taxonomy":"product_cat","embeddable":true,"href":"https:\/\/www.renal-medical.com\/en\/wp-json\/wp\/v2\/product_cat?post=8499"},{"taxonomy":"product_tag","embeddable":true,"href":"https:\/\/www.renal-medical.com\/en\/wp-json\/wp\/v2\/product_tag?post=8499"}],"curies":[{"name":"wp","href":"https:\/\/api.w.org\/{rel}","templated":true}]}}