{"id":8501,"date":"2025-02-23T20:35:46","date_gmt":"2025-02-24T01:35:46","guid":{"rendered":"https:\/\/www.renal-medical.com\/?post_type=product&#038;p=8501"},"modified":"2025-03-05T10:38:44","modified_gmt":"2025-03-05T15:38:44","slug":"concentrado-basico-liquido-para-hd-sukses-bl","status":"publish","type":"product","link":"https:\/\/www.renal-medical.com\/en\/product\/concentrado-basico-liquido-para-hd-sukses-bl\/","title":{"rendered":"Concentrado B\u00e1sico L\u00edquido para HD &#8211; Sukses BL"},"content":{"rendered":"<p data-start=\"888\" data-end=\"1050\">Este concentrado debe mezclarse con la soluci\u00f3n SUKSES AL o SUKSES AL LEMON en proporciones espec\u00edficas para garantizar la seguridad y eficacia del tratamiento.<\/p>\n<p data-start=\"1052\" data-end=\"1232\">Composici\u00f3n:<br data-start=\"1064\" data-end=\"1067\" \/>\u2714 L\u00edquido incoloro, libre de part\u00edculas extra\u00f1as.<br data-start=\"1116\" data-end=\"1119\" \/>\u2714 pH de reconstituci\u00f3n: Entre 7.7 y 9.8.<br data-start=\"1159\" data-end=\"1162\" \/>\u2714 Densidad: De 1,100 a 1,300 g\/mL.<br data-start=\"1196\" data-end=\"1199\" \/>\u2714 Conductividad: 61 a 68 mS\/cm.<\/p>\n<p data-start=\"1329\" data-end=\"1350\"><strong data-start=\"1329\" data-end=\"1348\">Consideraciones<\/strong><\/p>\n<p data-start=\"1352\" data-end=\"1471\">\u2022 <strong data-start=\"1354\" data-end=\"1372\">Clasificaci\u00f3n:<\/strong> Dispositivo m\u00e9dico de riesgo IIb.<br data-start=\"1406\" data-end=\"1409\" \/>\u2022 <strong data-start=\"1411\" data-end=\"1425\">Vida \u00fatil:<\/strong> 3 a\u00f1os a partir de la fecha de fabricaci\u00f3n.<\/p>","protected":false},"excerpt":{"rendered":"<p>Destinado para la realizaci\u00f3n de hemodi\u00e1lisis en pacientes que requieren de este procedimiento debido a insuficiencia renal aguda o insuficiencia renal cr\u00f3nica en fase sustitutiva.<\/p>\n<p>El Concentrado B\u00e1sico L\u00edquido para HD &#8211; Sukses BL ha sido formulado para su uso en tratamientos de hemodi\u00e1lisis, proporcionando un equilibrio electrol\u00edtico \u00f3ptimo y una adecuada estabilidad del medio extracelular.<\/p>\n<p data-start=\"1234\" data-end=\"1265\"><strong data-start=\"1234\" data-end=\"1263\">Presentaci\u00f3n del Producto<\/strong><\/p>\n<p data-start=\"1267\" data-end=\"1327\">\ud83d\udd39 <strong data-start=\"1270\" data-end=\"1282\">Empaque:<\/strong> Caja con 4 garrafas, cada una de un gal\u00f3n.<\/p>\n<p>&nbsp;<\/p>\n<p>&nbsp;<\/p>","protected":false},"featured_media":8502,"comment_status":"closed","ping_status":"closed","template":"","meta":[],"product_brand":[],"product_cat":[126,104],"product_tag":[],"class_list":{"0":"post-8501","1":"product","2":"type-product","3":"status-publish","4":"has-post-thumbnail","6":"product_cat-concentrados-basicos","7":"product_cat-terapia-renal","9":"first","10":"instock","11":"shipping-taxable","12":"product-type-simple"},"_links":{"self":[{"href":"https:\/\/www.renal-medical.com\/en\/wp-json\/wp\/v2\/product\/8501"}],"collection":[{"href":"https:\/\/www.renal-medical.com\/en\/wp-json\/wp\/v2\/product"}],"about":[{"href":"https:\/\/www.renal-medical.com\/en\/wp-json\/wp\/v2\/types\/product"}],"replies":[{"embeddable":true,"href":"https:\/\/www.renal-medical.com\/en\/wp-json\/wp\/v2\/comments?post=8501"}],"wp:featuredmedia":[{"embeddable":true,"href":"https:\/\/www.renal-medical.com\/en\/wp-json\/wp\/v2\/media\/8502"}],"wp:attachment":[{"href":"https:\/\/www.renal-medical.com\/en\/wp-json\/wp\/v2\/media?parent=8501"}],"wp:term":[{"taxonomy":"product_brand","embeddable":true,"href":"https:\/\/www.renal-medical.com\/en\/wp-json\/wp\/v2\/product_brand?post=8501"},{"taxonomy":"product_cat","embeddable":true,"href":"https:\/\/www.renal-medical.com\/en\/wp-json\/wp\/v2\/product_cat?post=8501"},{"taxonomy":"product_tag","embeddable":true,"href":"https:\/\/www.renal-medical.com\/en\/wp-json\/wp\/v2\/product_tag?post=8501"}],"curies":[{"name":"wp","href":"https:\/\/api.w.org\/{rel}","templated":true}]}}