{"id":8503,"date":"2025-02-23T20:40:24","date_gmt":"2025-02-24T01:40:24","guid":{"rendered":"https:\/\/www.renal-medical.com\/?post_type=product&#038;p=8503"},"modified":"2025-03-05T10:39:51","modified_gmt":"2025-03-05T15:39:51","slug":"concentrado-basico-en-polvo-para-hd-sukses-bp","status":"publish","type":"product","link":"https:\/\/www.renal-medical.com\/en\/product\/concentrado-basico-en-polvo-para-hd-sukses-bp\/","title":{"rendered":"Concentrado B\u00e1sico en Polvo para HD &#8211; Sukses BP"},"content":{"rendered":"<p data-start=\"699\" data-end=\"882\">Este concentrado debe mezclarse con la soluci\u00f3n <strong data-start=\"747\" data-end=\"778\">SUKSES AP o SUKSES AP LEMON<\/strong> en proporciones espec\u00edficas para garantizar la eficacia y compatibilidad con equipos de hemodi\u00e1lisis.<\/p>\n<p data-start=\"884\" data-end=\"1132\">Composici\u00f3n y Propiedades:<br data-start=\"910\" data-end=\"913\" \/>\u2714 Polvo cristalino blanco, libre de part\u00edculas extra\u00f1as.<br data-start=\"969\" data-end=\"972\" \/>\u2714 pH de reconstituci\u00f3n: Entre 7.7 y 8.9.<br data-start=\"1012\" data-end=\"1015\" \/>\u2714 Conductividad de reconstituci\u00f3n: 61 mS\/cm \u2013 68 mS\/cm a 20\u00b0C.<br data-start=\"1077\" data-end=\"1080\" \/>\u2714 Solubilidad en agua: Totalmente soluble en agua.<\/p>\n<p data-start=\"1226\" data-end=\"1247\"><strong data-start=\"1226\" data-end=\"1245\">Consideraciones<\/strong><\/p>\n<p data-start=\"1249\" data-end=\"1368\">\u2022 <strong data-start=\"1251\" data-end=\"1269\">Clasificaci\u00f3n:<\/strong> Dispositivo m\u00e9dico de riesgo IIb.<br data-start=\"1303\" data-end=\"1306\" \/>\u2022 <strong data-start=\"1308\" data-end=\"1322\">Vida \u00fatil:<\/strong> 3 a\u00f1os a partir de la fecha de fabricaci\u00f3n.<\/p>","protected":false},"excerpt":{"rendered":"<p>Destinado para la realizaci\u00f3n de hemodi\u00e1lisis en pacientes que requieren de este procedimiento debido a insuficiencia renal aguda o insuficiencia renal cr\u00f3nica en fase sustitutiva.<\/p>\n<p>El <strong data-start=\"461\" data-end=\"512\">Concentrado B\u00e1sico en Polvo para HD &#8211; Sukses BP<\/strong> ha sido formulado para su uso en tratamientos de hemodi\u00e1lisis, garantizando una composici\u00f3n precisa para mantener el equilibrio electrol\u00edtico y la estabilidad del medio extracelular.<\/p>\n<p data-start=\"1134\" data-end=\"1165\"><strong data-start=\"1134\" data-end=\"1163\">Presentaci\u00f3n del Producto<\/strong><\/p>\n<p data-start=\"1167\" data-end=\"1224\">\ud83d\udd39 <strong data-start=\"1170\" data-end=\"1182\">Empaque:<\/strong> Caja con 2 bolsas, cada una de 8.47 kg.<\/p>","protected":false},"featured_media":8504,"comment_status":"closed","ping_status":"closed","template":"","meta":[],"product_brand":[],"product_cat":[126,104],"product_tag":[],"class_list":{"0":"post-8503","1":"product","2":"type-product","3":"status-publish","4":"has-post-thumbnail","6":"product_cat-concentrados-basicos","7":"product_cat-terapia-renal","9":"first","10":"instock","11":"shipping-taxable","12":"product-type-simple"},"_links":{"self":[{"href":"https:\/\/www.renal-medical.com\/en\/wp-json\/wp\/v2\/product\/8503"}],"collection":[{"href":"https:\/\/www.renal-medical.com\/en\/wp-json\/wp\/v2\/product"}],"about":[{"href":"https:\/\/www.renal-medical.com\/en\/wp-json\/wp\/v2\/types\/product"}],"replies":[{"embeddable":true,"href":"https:\/\/www.renal-medical.com\/en\/wp-json\/wp\/v2\/comments?post=8503"}],"wp:featuredmedia":[{"embeddable":true,"href":"https:\/\/www.renal-medical.com\/en\/wp-json\/wp\/v2\/media\/8504"}],"wp:attachment":[{"href":"https:\/\/www.renal-medical.com\/en\/wp-json\/wp\/v2\/media?parent=8503"}],"wp:term":[{"taxonomy":"product_brand","embeddable":true,"href":"https:\/\/www.renal-medical.com\/en\/wp-json\/wp\/v2\/product_brand?post=8503"},{"taxonomy":"product_cat","embeddable":true,"href":"https:\/\/www.renal-medical.com\/en\/wp-json\/wp\/v2\/product_cat?post=8503"},{"taxonomy":"product_tag","embeddable":true,"href":"https:\/\/www.renal-medical.com\/en\/wp-json\/wp\/v2\/product_tag?post=8503"}],"curies":[{"name":"wp","href":"https:\/\/api.w.org\/{rel}","templated":true}]}}