{"id":8505,"date":"2025-02-23T20:44:44","date_gmt":"2025-02-24T01:44:44","guid":{"rendered":"https:\/\/www.renal-medical.com\/?post_type=product&#038;p=8505"},"modified":"2025-03-05T10:40:08","modified_gmt":"2025-03-05T15:40:08","slug":"concentrado-basico-en-polvo-para-hd-sukses-bp-35x","status":"publish","type":"product","link":"https:\/\/www.renal-medical.com\/en\/product\/concentrado-basico-en-polvo-para-hd-sukses-bp-35x\/","title":{"rendered":"Concentrado B\u00e1sico en Polvo para HD &#8211; Sukses BP 35X"},"content":{"rendered":"<p data-start=\"712\" data-end=\"930\">Este concentrado debe mezclarse con la soluci\u00f3n <strong data-start=\"760\" data-end=\"799\">SUKSES AP-35X o SUKSES AP-35X LEMON<\/strong>, en las proporciones recomendadas para asegurar la compatibilidad con los equipos de hemodi\u00e1lisis y una correcta reconstituci\u00f3n.<\/p>\n<p data-start=\"932\" data-end=\"1120\">Composici\u00f3n y Propiedades:<br data-start=\"958\" data-end=\"961\" \/>\u2714 Polvo cristalino blanco, libre de part\u00edculas extra\u00f1as.<br data-start=\"1017\" data-end=\"1020\" \/>\u2714 pH de reconstituci\u00f3n: Entre 7.5 y 8.5.<br data-start=\"1060\" data-end=\"1063\" \/>\u2714 Conductividad de reconstituci\u00f3n: 45 mS\/cm \u2013 55 mS\/cm.<\/p>\n<p data-start=\"1213\" data-end=\"1234\"><strong data-start=\"1213\" data-end=\"1232\">Consideraciones<\/strong><\/p>\n<p data-start=\"1236\" data-end=\"1355\">\u2022 <strong data-start=\"1238\" data-end=\"1256\">Clasificaci\u00f3n:<\/strong> Dispositivo m\u00e9dico de riesgo IIb.<br data-start=\"1290\" data-end=\"1293\" \/>\u2022 <strong data-start=\"1295\" data-end=\"1309\">Vida \u00fatil:<\/strong> 3 a\u00f1os a partir de la fecha de fabricaci\u00f3n.<\/p>","protected":false},"excerpt":{"rendered":"<p>Destinado para la realizaci\u00f3n de hemodi\u00e1lisis en pacientes que requieren de este procedimiento debido a insuficiencia renal aguda o insuficiencia renal cr\u00f3nica en fase sustitutiva.<\/p>\n<p>El <strong data-start=\"465\" data-end=\"520\">Concentrado B\u00e1sico en Polvo para HD &#8211; Sukses BP 35X<\/strong> est\u00e1 formulado para su uso en tratamientos de hemodi\u00e1lisis, garantizando una adecuada estabilidad electrol\u00edtica y facilitando la depuraci\u00f3n eficiente de toxinas en el proceso de di\u00e1lisis.<\/p>\n<p data-start=\"1122\" data-end=\"1153\"><strong data-start=\"1122\" data-end=\"1151\">Presentaci\u00f3n del Producto<\/strong><\/p>\n<p data-start=\"1155\" data-end=\"1211\">\ud83d\udd39 <strong data-start=\"1158\" data-end=\"1170\">Empaque:<\/strong> Caja con 2 bolsas, cada una de 8.4 kg.<\/p>","protected":false},"featured_media":8506,"comment_status":"closed","ping_status":"closed","template":"","meta":[],"product_brand":[],"product_cat":[126,104],"product_tag":[],"class_list":{"0":"post-8505","1":"product","2":"type-product","3":"status-publish","4":"has-post-thumbnail","6":"product_cat-concentrados-basicos","7":"product_cat-terapia-renal","9":"first","10":"instock","11":"shipping-taxable","12":"product-type-simple"},"_links":{"self":[{"href":"https:\/\/www.renal-medical.com\/en\/wp-json\/wp\/v2\/product\/8505"}],"collection":[{"href":"https:\/\/www.renal-medical.com\/en\/wp-json\/wp\/v2\/product"}],"about":[{"href":"https:\/\/www.renal-medical.com\/en\/wp-json\/wp\/v2\/types\/product"}],"replies":[{"embeddable":true,"href":"https:\/\/www.renal-medical.com\/en\/wp-json\/wp\/v2\/comments?post=8505"}],"wp:featuredmedia":[{"embeddable":true,"href":"https:\/\/www.renal-medical.com\/en\/wp-json\/wp\/v2\/media\/8506"}],"wp:attachment":[{"href":"https:\/\/www.renal-medical.com\/en\/wp-json\/wp\/v2\/media?parent=8505"}],"wp:term":[{"taxonomy":"product_brand","embeddable":true,"href":"https:\/\/www.renal-medical.com\/en\/wp-json\/wp\/v2\/product_brand?post=8505"},{"taxonomy":"product_cat","embeddable":true,"href":"https:\/\/www.renal-medical.com\/en\/wp-json\/wp\/v2\/product_cat?post=8505"},{"taxonomy":"product_tag","embeddable":true,"href":"https:\/\/www.renal-medical.com\/en\/wp-json\/wp\/v2\/product_tag?post=8505"}],"curies":[{"name":"wp","href":"https:\/\/api.w.org\/{rel}","templated":true}]}}