{"id":8507,"date":"2025-02-23T20:47:23","date_gmt":"2025-02-24T01:47:23","guid":{"rendered":"https:\/\/www.renal-medical.com\/?post_type=product&#038;p=8507"},"modified":"2025-03-05T10:40:26","modified_gmt":"2025-03-05T15:40:26","slug":"concentrado-basico-en-polvo-para-hd-sukses-bp-45x","status":"publish","type":"product","link":"https:\/\/www.renal-medical.com\/en\/product\/concentrado-basico-en-polvo-para-hd-sukses-bp-45x\/","title":{"rendered":"Concentrado B\u00e1sico en Polvo para HD &#8211; Sukses BP 45X"},"content":{"rendered":"<p data-start=\"750\" data-end=\"924\">Este concentrado debe mezclarse con la soluci\u00f3n <strong data-start=\"798\" data-end=\"837\">SUKSES AP-45X o SUKSES AP LEMON 45X<\/strong>, en las proporciones recomendadas para lograr una reconstituci\u00f3n precisa y efectiva.<\/p>\n<p data-start=\"926\" data-end=\"1114\">Composici\u00f3n y Propiedades:<br data-start=\"952\" data-end=\"955\" \/>\u2714 Polvo cristalino blanco, libre de part\u00edculas extra\u00f1as.<br data-start=\"1011\" data-end=\"1014\" \/>\u2714 pH de reconstituci\u00f3n: Entre 7.5 y 8.5.<br data-start=\"1054\" data-end=\"1057\" \/>\u2714 Conductividad de reconstituci\u00f3n: 45 mS\/cm \u2013 55 mS\/cm.<\/p>\n<p data-start=\"1208\" data-end=\"1229\"><strong data-start=\"1208\" data-end=\"1227\">Consideraciones<\/strong><\/p>\n<p data-start=\"1231\" data-end=\"1350\">\u2022 <strong data-start=\"1233\" data-end=\"1251\">Clasificaci\u00f3n:<\/strong> Dispositivo m\u00e9dico de riesgo IIb.<br data-start=\"1285\" data-end=\"1288\" \/>\u2022 <strong data-start=\"1290\" data-end=\"1304\">Vida \u00fatil:<\/strong> 3 a\u00f1os a partir de la fecha de fabricaci\u00f3n.<\/p>","protected":false},"excerpt":{"rendered":"<p>Destinado para la realizaci\u00f3n de hemodi\u00e1lisis en pacientes que requieren de este procedimiento debido a insuficiencia renal aguda o insuficiencia renal cr\u00f3nica en fase sustitutiva.<\/p>\n<p>El <strong data-start=\"465\" data-end=\"520\">Concentrado B\u00e1sico en Polvo para HD &#8211; Sukses BP 45X<\/strong> es un compuesto dise\u00f1ado para garantizar un balance electrol\u00edtico estable y eficiente en tratamientos de hemodi\u00e1lisis. Su formulaci\u00f3n permite una correcta depuraci\u00f3n de toxinas y su compatibilidad con los equipos de di\u00e1lisis.<\/p>\n<p data-start=\"1116\" data-end=\"1147\"><strong data-start=\"1116\" data-end=\"1145\">Presentaci\u00f3n del Producto<\/strong><\/p>\n<p data-start=\"1149\" data-end=\"1206\">\ud83d\udd39 <strong data-start=\"1152\" data-end=\"1164\">Empaque:<\/strong> Caja con 2 bolsas, cada una de 7.69 kg.<\/p>","protected":false},"featured_media":0,"comment_status":"closed","ping_status":"closed","template":"","meta":[],"product_brand":[],"product_cat":[126,104],"product_tag":[],"class_list":{"0":"post-8507","1":"product","2":"type-product","3":"status-publish","5":"product_cat-concentrados-basicos","6":"product_cat-terapia-renal","8":"first","9":"instock","10":"shipping-taxable","11":"product-type-simple"},"_links":{"self":[{"href":"https:\/\/www.renal-medical.com\/en\/wp-json\/wp\/v2\/product\/8507"}],"collection":[{"href":"https:\/\/www.renal-medical.com\/en\/wp-json\/wp\/v2\/product"}],"about":[{"href":"https:\/\/www.renal-medical.com\/en\/wp-json\/wp\/v2\/types\/product"}],"replies":[{"embeddable":true,"href":"https:\/\/www.renal-medical.com\/en\/wp-json\/wp\/v2\/comments?post=8507"}],"wp:attachment":[{"href":"https:\/\/www.renal-medical.com\/en\/wp-json\/wp\/v2\/media?parent=8507"}],"wp:term":[{"taxonomy":"product_brand","embeddable":true,"href":"https:\/\/www.renal-medical.com\/en\/wp-json\/wp\/v2\/product_brand?post=8507"},{"taxonomy":"product_cat","embeddable":true,"href":"https:\/\/www.renal-medical.com\/en\/wp-json\/wp\/v2\/product_cat?post=8507"},{"taxonomy":"product_tag","embeddable":true,"href":"https:\/\/www.renal-medical.com\/en\/wp-json\/wp\/v2\/product_tag?post=8507"}],"curies":[{"name":"wp","href":"https:\/\/api.w.org\/{rel}","templated":true}]}}