{"id":8511,"date":"2025-02-23T20:57:16","date_gmt":"2025-02-24T01:57:16","guid":{"rendered":"https:\/\/www.renal-medical.com\/?post_type=product&#038;p=8511"},"modified":"2025-02-23T20:57:16","modified_gmt":"2025-02-24T01:57:16","slug":"desincrustante-acido-citrico-50-sukses","status":"publish","type":"product","link":"https:\/\/www.renal-medical.com\/en\/product\/desincrustante-acido-citrico-50-sukses\/","title":{"rendered":"Desincrustante (\u00c1cido C\u00edtrico) 50% &#8211; Sukses"},"content":{"rendered":"<p data-start=\"716\" data-end=\"994\">Este desincrustante es completamente miscible en agua y su formulaci\u00f3n libre de part\u00edculas extra\u00f1as lo hace seguro para su uso en equipos m\u00e9dicos sensibles. Su pH \u00e1cido optimiza la eliminaci\u00f3n de impurezas sin comprometer la integridad de los circuitos internos de la m\u00e1quina.<\/p>\n<p data-start=\"996\" data-end=\"1227\">\u2714 L\u00edquido incoloro trasl\u00facido, libre de part\u00edculas extra\u00f1as.<br data-start=\"1056\" data-end=\"1059\" \/>\u2714 pH de la soluci\u00f3n: Entre 0.3 y 1.0.<br data-start=\"1096\" data-end=\"1099\" \/>\u2714 Densidad de 1.1700 a 1.2200 g\/mL.<br data-start=\"1134\" data-end=\"1137\" \/>\u2714 Altamente soluble en agua.<br data-start=\"1165\" data-end=\"1168\" \/>\u2714 Concentraci\u00f3n de \u00e1cido c\u00edtrico entre 47.5% y 52.5% p\/v.<\/p>\n<p data-start=\"1302\" data-end=\"1323\"><strong data-start=\"1302\" data-end=\"1321\">Consideraciones<\/strong><\/p>\n<p data-start=\"1325\" data-end=\"1438\">\u2022 <strong data-start=\"1327\" data-end=\"1345\">Clasificaci\u00f3n:<\/strong> Producto inflamable.<br data-start=\"1366\" data-end=\"1369\" \/>\u2022 <strong data-start=\"1371\" data-end=\"1385\">Vida \u00fatil:<\/strong> 1 a\u00f1o y medio a partir de la fecha de fabricaci\u00f3n.<\/p>","protected":false},"excerpt":{"rendered":"<p data-start=\"224\" data-end=\"401\">Soluci\u00f3n dise\u00f1ada para la limpieza y desincrustaci\u00f3n c\u00e1lcica de las m\u00e1quinas de hemodi\u00e1lisis, garantizando su eficiencia y prolongando su vida \u00fatil.<\/p>\n<p data-start=\"224\" data-end=\"401\">El <strong data-start=\"428\" data-end=\"475\">Desincrustante (\u00c1cido C\u00edtrico) 50% &#8211; Sukses<\/strong> es un producto formulado para la eliminaci\u00f3n de incrustaciones minerales y residuos de calcio en los equipos de hemodi\u00e1lisis. Su alta concentraci\u00f3n permite disolver dep\u00f3sitos s\u00f3lidos sin afectar los componentes internos de las m\u00e1quinas.<\/p>\n<p data-start=\"1229\" data-end=\"1260\"><strong data-start=\"1229\" data-end=\"1258\">Presentaci\u00f3n del Producto<\/strong><\/p>\n<p data-start=\"1262\" data-end=\"1300\">\ud83d\udd39 <strong data-start=\"1265\" data-end=\"1277\">Empaque:<\/strong> Garrafa x 10 litros.<\/p>","protected":false},"featured_media":8512,"comment_status":"closed","ping_status":"closed","template":"","meta":[],"product_brand":[],"product_cat":[111,104],"product_tag":[],"class_list":{"0":"post-8511","1":"product","2":"type-product","3":"status-publish","4":"has-post-thumbnail","6":"product_cat-desincrustante-para-maquinas-de-hemodialisis","7":"product_cat-terapia-renal","9":"first","10":"instock","11":"shipping-taxable","12":"product-type-simple"},"_links":{"self":[{"href":"https:\/\/www.renal-medical.com\/en\/wp-json\/wp\/v2\/product\/8511"}],"collection":[{"href":"https:\/\/www.renal-medical.com\/en\/wp-json\/wp\/v2\/product"}],"about":[{"href":"https:\/\/www.renal-medical.com\/en\/wp-json\/wp\/v2\/types\/product"}],"replies":[{"embeddable":true,"href":"https:\/\/www.renal-medical.com\/en\/wp-json\/wp\/v2\/comments?post=8511"}],"wp:featuredmedia":[{"embeddable":true,"href":"https:\/\/www.renal-medical.com\/en\/wp-json\/wp\/v2\/media\/8512"}],"wp:attachment":[{"href":"https:\/\/www.renal-medical.com\/en\/wp-json\/wp\/v2\/media?parent=8511"}],"wp:term":[{"taxonomy":"product_brand","embeddable":true,"href":"https:\/\/www.renal-medical.com\/en\/wp-json\/wp\/v2\/product_brand?post=8511"},{"taxonomy":"product_cat","embeddable":true,"href":"https:\/\/www.renal-medical.com\/en\/wp-json\/wp\/v2\/product_cat?post=8511"},{"taxonomy":"product_tag","embeddable":true,"href":"https:\/\/www.renal-medical.com\/en\/wp-json\/wp\/v2\/product_tag?post=8511"}],"curies":[{"name":"wp","href":"https:\/\/api.w.org\/{rel}","templated":true}]}}