{"id":8523,"date":"2025-02-23T21:31:39","date_gmt":"2025-02-24T02:31:39","guid":{"rendered":"https:\/\/www.renal-medical.com\/?post_type=product&#038;p=8523"},"modified":"2025-02-23T21:31:39","modified_gmt":"2025-02-24T02:31:39","slug":"aguja-tipo-huber-de-seguridad","status":"publish","type":"product","link":"https:\/\/www.renal-medical.com\/en\/product\/aguja-tipo-huber-de-seguridad\/","title":{"rendered":"Aguja Tipo Huber de Seguridad"},"content":{"rendered":"<p data-start=\"691\" data-end=\"938\">Cuenta con un mecanismo de seguridad que minimiza el riesgo de pinchazos accidentales, protegiendo al paciente y al personal m\u00e9dico. Su dise\u00f1o evita perforaciones repetidas del puerto de acceso, prolongando su durabilidad y reduciendo molestias.<\/p>\n<p data-start=\"940\" data-end=\"1250\"><strong data-start=\"940\" data-end=\"969\">Composici\u00f3n y Propiedades<\/strong><br data-start=\"969\" data-end=\"972\" \/>\u2714 Fabricadas con materiales est\u00e9riles, libres de pir\u00f3genos y biocompatibles.<br data-start=\"1048\" data-end=\"1051\" \/>\u2714 Sistema de seguridad integrado para evitar exposici\u00f3n a la aguja tras su uso.<br data-start=\"1130\" data-end=\"1133\" \/>\u2714 Punta biselada para una inserci\u00f3n precisa y menos traum\u00e1tica.<br data-start=\"1196\" data-end=\"1199\" \/>\u2714 Disponibles en la medida <strong data-start=\"1226\" data-end=\"1247\">20 GAX20 MM &#8211; UND<\/strong>.<\/p>\n<p data-start=\"940\" data-end=\"1250\"><strong data-start=\"1340\" data-end=\"1359\">Consideraciones<\/strong><br data-start=\"1359\" data-end=\"1362\" \/>\u2022 <strong data-start=\"1364\" data-end=\"1382\">Clasificaci\u00f3n:<\/strong> Dispositivo m\u00e9dico invasivo quir\u00fargico. Riesgo IIa.<br data-start=\"1434\" data-end=\"1437\" \/>\u2022 <strong data-start=\"1439\" data-end=\"1453\">Vida \u00fatil:<\/strong> 5 a\u00f1os a partir de la fecha de esterilizaci\u00f3n.<br data-start=\"1500\" data-end=\"1503\" \/>\u2022 <strong data-start=\"1505\" data-end=\"1513\">Uso:<\/strong> Solo una vez. <strong data-start=\"1528\" data-end=\"1545\" data-is-only-node=\"\">NO REUTILIZAR<\/strong>.<\/p>","protected":false},"excerpt":{"rendered":"<p>Dispositivo dise\u00f1ado para la infusi\u00f3n segura de fluidos medicinales en pacientes con puerto de infusi\u00f3n subcut\u00e1nea, ofreciendo una administraci\u00f3n eficiente y reduciendo riesgos de contaminaci\u00f3n o perforaciones accidentales.<\/p>\n<p>La <strong data-start=\"471\" data-end=\"504\">Aguja Tipo Huber de Seguridad<\/strong> es un dispositivo est\u00e9ril utilizado en la administraci\u00f3n de medicamentos en pacientes con acceso vascular implantado, como puertos subcut\u00e1neos para quimioterapia o terapia del dolor.<\/p>\n<p><strong data-start=\"1252\" data-end=\"1281\">Presentaci\u00f3n del Producto<\/strong><br data-start=\"1281\" data-end=\"1284\" \/>\ud83d\udd39 <strong data-start=\"1287\" data-end=\"1299\">Empaque:<\/strong> Individual, en caja de 100 unidades.<\/p>","protected":false},"featured_media":8524,"comment_status":"closed","ping_status":"closed","template":"","meta":[],"product_brand":[],"product_cat":[113,115],"product_tag":[],"class_list":{"0":"post-8523","1":"product","2":"type-product","3":"status-publish","4":"has-post-thumbnail","6":"product_cat-dispositivo-para-otras-terapias","7":"product_cat-oncologia","9":"first","10":"instock","11":"shipping-taxable","12":"product-type-simple"},"_links":{"self":[{"href":"https:\/\/www.renal-medical.com\/en\/wp-json\/wp\/v2\/product\/8523"}],"collection":[{"href":"https:\/\/www.renal-medical.com\/en\/wp-json\/wp\/v2\/product"}],"about":[{"href":"https:\/\/www.renal-medical.com\/en\/wp-json\/wp\/v2\/types\/product"}],"replies":[{"embeddable":true,"href":"https:\/\/www.renal-medical.com\/en\/wp-json\/wp\/v2\/comments?post=8523"}],"wp:featuredmedia":[{"embeddable":true,"href":"https:\/\/www.renal-medical.com\/en\/wp-json\/wp\/v2\/media\/8524"}],"wp:attachment":[{"href":"https:\/\/www.renal-medical.com\/en\/wp-json\/wp\/v2\/media?parent=8523"}],"wp:term":[{"taxonomy":"product_brand","embeddable":true,"href":"https:\/\/www.renal-medical.com\/en\/wp-json\/wp\/v2\/product_brand?post=8523"},{"taxonomy":"product_cat","embeddable":true,"href":"https:\/\/www.renal-medical.com\/en\/wp-json\/wp\/v2\/product_cat?post=8523"},{"taxonomy":"product_tag","embeddable":true,"href":"https:\/\/www.renal-medical.com\/en\/wp-json\/wp\/v2\/product_tag?post=8523"}],"curies":[{"name":"wp","href":"https:\/\/api.w.org\/{rel}","templated":true}]}}