{"id":8531,"date":"2025-02-23T21:48:59","date_gmt":"2025-02-24T02:48:59","guid":{"rendered":"https:\/\/www.renal-medical.com\/?post_type=product&#038;p=8531"},"modified":"2025-06-05T12:10:06","modified_gmt":"2025-06-05T17:10:06","slug":"aguja-para-biopsia-automatica-biocore-ii-ii-mg-ii-br","status":"publish","type":"product","link":"https:\/\/www.renal-medical.com\/en\/product\/aguja-para-biopsia-automatica-biocore-ii-ii-mg-ii-br\/","title":{"rendered":"Aguja para Biopsia Autom\u00e1tica &#8211; Biocore II, II MG &#8211; II BR"},"content":{"rendered":"<p data-start=\"723\" data-end=\"974\">Este modelo cuenta con una <strong data-start=\"750\" data-end=\"788\">muesca de muestra (notch) de 19 mm<\/strong> y <strong data-start=\"791\" data-end=\"816\">marcas de profundidad<\/strong>, lo que facilita el c\u00e1lculo exacto de la penetraci\u00f3n en la lesi\u00f3n. Su <strong data-start=\"887\" data-end=\"917\">terminal pl\u00e1stico de color<\/strong> permite identificar f\u00e1cilmente el calibre de la aguja.<\/p>\n<p data-start=\"976\" data-end=\"1204\">Es adaptable a diversos <strong data-start=\"1000\" data-end=\"1028\">disparadores autom\u00e1ticos<\/strong> y cuenta con un <strong data-start=\"1045\" data-end=\"1079\">sistema exclusivo de separador<\/strong>, lo que permite posicionar la aguja en la lesi\u00f3n antes de activar el disparador, mejorando la precisi\u00f3n del procedimiento.<\/p>\n<p data-start=\"1206\" data-end=\"1569\"><strong data-start=\"1206\" data-end=\"1235\">Composici\u00f3n y Propiedades<\/strong><br data-start=\"1235\" data-end=\"1238\" \/>\u2714 Sistema de disparo autom\u00e1tico de alta precisi\u00f3n.<br data-start=\"1288\" data-end=\"1291\" \/>\u2714 Muesca de muestra (notch) de 19 mm para optimizar la toma de biopsias.<br data-start=\"1363\" data-end=\"1366\" \/>\u2714 Marcas de profundidad para control de penetraci\u00f3n.<br data-start=\"1418\" data-end=\"1421\" \/>\u2714 Compatible con disparadores autom\u00e1ticos.<br data-start=\"1463\" data-end=\"1466\" \/>\u2714 Separador exclusivo para mejorar la colocaci\u00f3n antes del disparo.<br data-start=\"1533\" data-end=\"1536\" \/>\u2714 Disponible en varias medidas.<\/p>\n<p data-start=\"1206\" data-end=\"1569\"><strong data-start=\"1656\" data-end=\"1675\">Consideraciones<\/strong><br data-start=\"1675\" data-end=\"1678\" \/>\u2022 <strong data-start=\"1680\" data-end=\"1698\">Clasificaci\u00f3n:<\/strong> Dispositivo m\u00e9dico invasivo quir\u00fargico. Riesgo IIa.<br data-start=\"1750\" data-end=\"1753\" \/>\u2022 <strong data-start=\"1755\" data-end=\"1769\">Vida \u00fatil:<\/strong> 4 a\u00f1os a partir de la fecha de esterilizaci\u00f3n.<br data-start=\"1816\" data-end=\"1819\" \/>\u2022 <strong data-start=\"1821\" data-end=\"1829\">Uso:<\/strong> Solo una vez. <strong data-start=\"1844\" data-end=\"1861\">NO REUTILIZAR<\/strong>.<\/p>","protected":false},"excerpt":{"rendered":"<p>Dispositivo especializado en la toma de biopsias de tejidos blandos mediante un sistema autom\u00e1tico de disparo y carga, asegurando precisi\u00f3n y rapidez en la extracci\u00f3n de muestras.<\/p>\n<p>La <strong data-start=\"486\" data-end=\"547\">Aguja para Biopsia Autom\u00e1tica &#8211; Biocore II, II MG &#8211; II BR<\/strong> est\u00e1 dise\u00f1ada para la obtenci\u00f3n de muestras de tejido mediante un <strong data-start=\"614\" data-end=\"647\">sistema de disparo autom\u00e1tico<\/strong>, permitiendo una inserci\u00f3n controlada y efectiva en la zona de biopsia.<\/p>\n<p><strong data-start=\"1571\" data-end=\"1600\">Presentaci\u00f3n del Producto<\/strong><br data-start=\"1600\" data-end=\"1603\" \/>\ud83d\udd39 <strong data-start=\"1606\" data-end=\"1618\">Empaque:<\/strong> Individual en caja x 10 unidades.<\/p>","protected":false},"featured_media":6575,"comment_status":"closed","ping_status":"closed","template":"","meta":[],"product_brand":[],"product_cat":[120,118],"product_tag":[],"class_list":{"0":"post-8531","1":"product","2":"type-product","3":"status-publish","4":"has-post-thumbnail","6":"product_cat-biopsias-histologicas-tipo-tru-cut","7":"product_cat-dispositivo-para-toma-de-biopsia","9":"first","10":"instock","11":"shipping-taxable","12":"product-type-simple"},"_links":{"self":[{"href":"https:\/\/www.renal-medical.com\/en\/wp-json\/wp\/v2\/product\/8531"}],"collection":[{"href":"https:\/\/www.renal-medical.com\/en\/wp-json\/wp\/v2\/product"}],"about":[{"href":"https:\/\/www.renal-medical.com\/en\/wp-json\/wp\/v2\/types\/product"}],"replies":[{"embeddable":true,"href":"https:\/\/www.renal-medical.com\/en\/wp-json\/wp\/v2\/comments?post=8531"}],"wp:featuredmedia":[{"embeddable":true,"href":"https:\/\/www.renal-medical.com\/en\/wp-json\/wp\/v2\/media\/6575"}],"wp:attachment":[{"href":"https:\/\/www.renal-medical.com\/en\/wp-json\/wp\/v2\/media?parent=8531"}],"wp:term":[{"taxonomy":"product_brand","embeddable":true,"href":"https:\/\/www.renal-medical.com\/en\/wp-json\/wp\/v2\/product_brand?post=8531"},{"taxonomy":"product_cat","embeddable":true,"href":"https:\/\/www.renal-medical.com\/en\/wp-json\/wp\/v2\/product_cat?post=8531"},{"taxonomy":"product_tag","embeddable":true,"href":"https:\/\/www.renal-medical.com\/en\/wp-json\/wp\/v2\/product_tag?post=8531"}],"curies":[{"name":"wp","href":"https:\/\/api.w.org\/{rel}","templated":true}]}}