{"id":8533,"date":"2025-02-23T21:53:34","date_gmt":"2025-02-24T02:53:34","guid":{"rendered":"https:\/\/www.renal-medical.com\/?post_type=product&#038;p=8533"},"modified":"2025-02-23T21:53:34","modified_gmt":"2025-02-24T02:53:34","slug":"arpon-de-fijacion-sencillo-mamawire","status":"publish","type":"product","link":"https:\/\/www.renal-medical.com\/en\/product\/arpon-de-fijacion-sencillo-mamawire\/","title":{"rendered":"Arp\u00f3n de Fijaci\u00f3n Sencillo &#8211; Mamawire"},"content":{"rendered":"<p data-start=\"638\" data-end=\"825\">Fabricado con <strong data-start=\"652\" data-end=\"711\">alambre de acero inoxidable de grado m\u00e9dico semirr\u00edgido<\/strong>, cuenta con un <strong data-start=\"727\" data-end=\"754\">sistema de ondulaciones<\/strong> que permite detectar el momento adecuado para la apertura del arp\u00f3n.<\/p>\n<p data-start=\"827\" data-end=\"1040\">Su dise\u00f1o incluye <strong data-start=\"845\" data-end=\"870\">marcas de profundidad<\/strong>, lo que ayuda a medir la penetraci\u00f3n en la lesi\u00f3n, y es <strong data-start=\"927\" data-end=\"967\">detectable por ultrasonido y rayos X<\/strong>, asegurando la correcta colocaci\u00f3n antes del procedimiento quir\u00fargico.<\/p>\n<p data-start=\"1042\" data-end=\"1384\"><strong data-start=\"1042\" data-end=\"1071\">Composici\u00f3n y Propiedades<\/strong><br data-start=\"1071\" data-end=\"1074\" \/>\u2714 Alambre de acero inoxidable semirr\u00edgido de grado m\u00e9dico.<br data-start=\"1132\" data-end=\"1135\" \/>\u2714 Ondulaciones que indican la activaci\u00f3n del arp\u00f3n.<br data-start=\"1186\" data-end=\"1189\" \/>\u2714 Marcas de profundidad para facilitar la inserci\u00f3n precisa.<br data-start=\"1249\" data-end=\"1252\" \/>\u2714 Compatible con ultrasonido y rayos X para mejor visualizaci\u00f3n.<br data-start=\"1316\" data-end=\"1319\" \/>\u2714 Disponible en la medida de <strong data-start=\"1348\" data-end=\"1357\">20 CM<\/strong> y aguja <strong data-start=\"1366\" data-end=\"1381\" data-is-only-node=\"\">20 GAX10 CM<\/strong>.<\/p>\n<p data-start=\"1042\" data-end=\"1384\"><strong data-start=\"1471\" data-end=\"1490\">Consideraciones<\/strong><br data-start=\"1490\" data-end=\"1493\" \/>\u2022 <strong data-start=\"1495\" data-end=\"1513\">Clasificaci\u00f3n:<\/strong> Dispositivo m\u00e9dico invasivo quir\u00fargico. Riesgo IIa.<br data-start=\"1565\" data-end=\"1568\" \/>\u2022 <strong data-start=\"1570\" data-end=\"1584\">Vida \u00fatil:<\/strong> 4 a\u00f1os a partir de la fecha de esterilizaci\u00f3n.<br data-start=\"1631\" data-end=\"1634\" \/>\u2022 <strong data-start=\"1636\" data-end=\"1644\">Uso:<\/strong> Solo una vez. <strong data-start=\"1659\" data-end=\"1676\">NO REUTILIZAR<\/strong>.<\/p>","protected":false},"excerpt":{"rendered":"<p>Dispositivo utilizado para la ubicaci\u00f3n mastol\u00f3gica en procedimientos prequir\u00fargicos en tejido mamario, permitiendo marcar lesiones que no son palpables en el quir\u00f3fano.<\/p>\n<p>El <strong data-start=\"475\" data-end=\"516\">Arp\u00f3n de Fijaci\u00f3n Sencillo &#8211; Mamawire<\/strong> es un dispositivo dise\u00f1ado para facilitar la localizaci\u00f3n de lesiones mamarias <strong data-start=\"596\" data-end=\"612\">no palpables<\/strong> antes de una cirug\u00eda.<\/p>\n<p><strong data-start=\"1386\" data-end=\"1415\">Presentaci\u00f3n del Producto<\/strong><br data-start=\"1415\" data-end=\"1418\" \/>\ud83d\udd39 <strong data-start=\"1421\" data-end=\"1433\">Empaque:<\/strong> Individual en caja x 10 unidades.<\/p>","protected":false},"featured_media":8534,"comment_status":"closed","ping_status":"closed","template":"","meta":[],"product_brand":[],"product_cat":[121,118],"product_tag":[],"class_list":{"0":"post-8533","1":"product","2":"type-product","3":"status-publish","4":"has-post-thumbnail","6":"product_cat-aguja-de-marcacion-pre-quirurgica-de-lesiones-de-mama","7":"product_cat-dispositivo-para-toma-de-biopsia","9":"first","10":"instock","11":"shipping-taxable","12":"product-type-simple"},"_links":{"self":[{"href":"https:\/\/www.renal-medical.com\/en\/wp-json\/wp\/v2\/product\/8533"}],"collection":[{"href":"https:\/\/www.renal-medical.com\/en\/wp-json\/wp\/v2\/product"}],"about":[{"href":"https:\/\/www.renal-medical.com\/en\/wp-json\/wp\/v2\/types\/product"}],"replies":[{"embeddable":true,"href":"https:\/\/www.renal-medical.com\/en\/wp-json\/wp\/v2\/comments?post=8533"}],"wp:featuredmedia":[{"embeddable":true,"href":"https:\/\/www.renal-medical.com\/en\/wp-json\/wp\/v2\/media\/8534"}],"wp:attachment":[{"href":"https:\/\/www.renal-medical.com\/en\/wp-json\/wp\/v2\/media?parent=8533"}],"wp:term":[{"taxonomy":"product_brand","embeddable":true,"href":"https:\/\/www.renal-medical.com\/en\/wp-json\/wp\/v2\/product_brand?post=8533"},{"taxonomy":"product_cat","embeddable":true,"href":"https:\/\/www.renal-medical.com\/en\/wp-json\/wp\/v2\/product_cat?post=8533"},{"taxonomy":"product_tag","embeddable":true,"href":"https:\/\/www.renal-medical.com\/en\/wp-json\/wp\/v2\/product_tag?post=8533"}],"curies":[{"name":"wp","href":"https:\/\/api.w.org\/{rel}","templated":true}]}}