{"id":8536,"date":"2025-02-23T21:57:30","date_gmt":"2025-02-24T02:57:30","guid":{"rendered":"https:\/\/www.renal-medical.com\/?post_type=product&#038;p=8536"},"modified":"2025-02-23T21:57:32","modified_gmt":"2025-02-24T02:57:32","slug":"arpon-de-fijacion-doble-mamawire-plus","status":"publish","type":"product","link":"https:\/\/www.renal-medical.com\/en\/product\/arpon-de-fijacion-doble-mamawire-plus\/","title":{"rendered":"Arp\u00f3n de Fijaci\u00f3n Doble &#8211; Mamawire Plus"},"content":{"rendered":"<p data-start=\"670\" data-end=\"885\">Fabricado con <strong data-start=\"684\" data-end=\"743\">alambre de acero inoxidable de grado m\u00e9dico semirr\u00edgido<\/strong>, cuenta con un <strong data-start=\"759\" data-end=\"788\">sistema de doble fijaci\u00f3n<\/strong>, proporcionando mayor estabilidad dentro del tejido y minimizando el riesgo de desplazamiento.<\/p>\n<p data-start=\"887\" data-end=\"1100\">Su dise\u00f1o incorpora <strong data-start=\"907\" data-end=\"932\">marcas de profundidad<\/strong> para calcular la penetraci\u00f3n precisa en la lesi\u00f3n y es <strong data-start=\"988\" data-end=\"1028\">detectable por ultrasonido y rayos X<\/strong>, asegurando una colocaci\u00f3n \u00f3ptima antes del procedimiento quir\u00fargico.<\/p>\n<p data-start=\"1102\" data-end=\"1280\">El procedimiento quir\u00fargico con este arp\u00f3n generalmente se realiza entre <strong data-start=\"1175\" data-end=\"1189\">1 a 2 d\u00edas<\/strong> despu\u00e9s de la colocaci\u00f3n, asegurando una fijaci\u00f3n \u00f3ptima hasta el momento de la cirug\u00eda.<\/p>\n<p data-start=\"1282\" data-end=\"1669\"><strong data-start=\"1282\" data-end=\"1311\">Composici\u00f3n y Propiedades<\/strong><br data-start=\"1311\" data-end=\"1314\" \/>\u2714 Alambre de acero inoxidable semirr\u00edgido de grado m\u00e9dico.<br data-start=\"1372\" data-end=\"1375\" \/>\u2714 Ondulaciones que indican la activaci\u00f3n del arp\u00f3n.<br data-start=\"1426\" data-end=\"1429\" \/>\u2714 Marcas de profundidad para una inserci\u00f3n precisa.<br data-start=\"1480\" data-end=\"1483\" \/>\u2714 Sistema de fijaci\u00f3n doble para mayor estabilidad.<br data-start=\"1534\" data-end=\"1537\" \/>\u2714 Compatible con ultrasonido y rayos X para mejor visualizaci\u00f3n.<br data-start=\"1601\" data-end=\"1604\" \/>\u2714 Disponible en la medida de <strong data-start=\"1633\" data-end=\"1642\">20 CM<\/strong> y aguja <strong data-start=\"1651\" data-end=\"1666\">20 GAX10 CM<\/strong>.<\/p>\n<p data-start=\"1282\" data-end=\"1669\"><strong data-start=\"1756\" data-end=\"1775\">Consideraciones<\/strong><br data-start=\"1775\" data-end=\"1778\" \/>\u2022 <strong data-start=\"1780\" data-end=\"1798\">Clasificaci\u00f3n:<\/strong> Dispositivo m\u00e9dico invasivo quir\u00fargico. Riesgo IIa.<br data-start=\"1850\" data-end=\"1853\" \/>\u2022 <strong data-start=\"1855\" data-end=\"1869\">Vida \u00fatil:<\/strong> 4 a\u00f1os a partir de la fecha de esterilizaci\u00f3n.<br data-start=\"1916\" data-end=\"1919\" \/>\u2022 <strong data-start=\"1921\" data-end=\"1929\">Uso:<\/strong> Solo una vez. <strong data-start=\"1944\" data-end=\"1961\">NO REUTILIZAR<\/strong>.<\/p>","protected":false},"excerpt":{"rendered":"<p>Dispositivo dise\u00f1ado para la ubicaci\u00f3n mastol\u00f3gica en procedimientos prequir\u00fargicos en tejido mamario. Se utiliza para marcar lesiones que no son palpables en el quir\u00f3fano.<\/p>\n<p>El <strong data-start=\"475\" data-end=\"518\">Arp\u00f3n de Fijaci\u00f3n Doble &#8211; Mamawire Plus<\/strong> es un dispositivo avanzado para la localizaci\u00f3n de lesiones mamarias <strong data-start=\"588\" data-end=\"604\">no palpables<\/strong>, facilitando su identificaci\u00f3n y preparaci\u00f3n para la cirug\u00eda.<\/p>\n<p><strong data-start=\"1671\" data-end=\"1700\">Presentaci\u00f3n del Producto<\/strong><br data-start=\"1700\" data-end=\"1703\" \/>\ud83d\udd39 <strong data-start=\"1706\" data-end=\"1718\">Empaque:<\/strong> Individual en caja x 10 unidades.<\/p>","protected":false},"featured_media":8537,"comment_status":"closed","ping_status":"closed","template":"","meta":[],"product_brand":[],"product_cat":[121,118],"product_tag":[],"class_list":{"0":"post-8536","1":"product","2":"type-product","3":"status-publish","4":"has-post-thumbnail","6":"product_cat-aguja-de-marcacion-pre-quirurgica-de-lesiones-de-mama","7":"product_cat-dispositivo-para-toma-de-biopsia","9":"first","10":"instock","11":"shipping-taxable","12":"product-type-simple"},"_links":{"self":[{"href":"https:\/\/www.renal-medical.com\/en\/wp-json\/wp\/v2\/product\/8536"}],"collection":[{"href":"https:\/\/www.renal-medical.com\/en\/wp-json\/wp\/v2\/product"}],"about":[{"href":"https:\/\/www.renal-medical.com\/en\/wp-json\/wp\/v2\/types\/product"}],"replies":[{"embeddable":true,"href":"https:\/\/www.renal-medical.com\/en\/wp-json\/wp\/v2\/comments?post=8536"}],"wp:featuredmedia":[{"embeddable":true,"href":"https:\/\/www.renal-medical.com\/en\/wp-json\/wp\/v2\/media\/8537"}],"wp:attachment":[{"href":"https:\/\/www.renal-medical.com\/en\/wp-json\/wp\/v2\/media?parent=8536"}],"wp:term":[{"taxonomy":"product_brand","embeddable":true,"href":"https:\/\/www.renal-medical.com\/en\/wp-json\/wp\/v2\/product_brand?post=8536"},{"taxonomy":"product_cat","embeddable":true,"href":"https:\/\/www.renal-medical.com\/en\/wp-json\/wp\/v2\/product_cat?post=8536"},{"taxonomy":"product_tag","embeddable":true,"href":"https:\/\/www.renal-medical.com\/en\/wp-json\/wp\/v2\/product_tag?post=8536"}],"curies":[{"name":"wp","href":"https:\/\/api.w.org\/{rel}","templated":true}]}}